{"id":626394,"date":"2023-12-18T19:49:13","date_gmt":"2023-12-18T19:49:13","guid":{"rendered":"https:\/\/aukinkochile.com\/web\/producto\/mosaico-portable-270-pz\/"},"modified":"2025-04-14T17:36:12","modified_gmt":"2025-04-14T17:36:12","slug":"mosaico-portable-270-pz","status":"publish","type":"product","link":"https:\/\/aukinkochile.com\/web\/producto\/mosaico-portable-270-pz\/","title":{"rendered":"Mosaico Portable 270 Pz"},"content":{"rendered":"<p>Fantacolor portable es un juego de composici\u00f3n atemporal.\u00a0Al insertar las clavijas en la tableta, los ni\u00f1os expresan libremente su creatividad. Incluye 1 tablero de clavijas (28 x 20 cm), 1 malet\u00edn de pl\u00e1stico, 1 \u00e1lbum con patrones de dise\u00f1o, 270 clavijas en 10 mm y en 5 colores diferentes<\/p>\n<p><p><strong>Material : <\/strong> Pl\u00e1stico<\/p>\n<p><strong>C\u00f3digo Aukinko : <\/strong> 07-50952<\/p>\n<p><strong>C\u00f3digo Convenio Marco : <\/strong> <\/p>\n","protected":false},"excerpt":{"rendered":"<p>Fantacolor portable es un juego de composici\u00f3n atemporal.\u00a0Al insertar las clavijas en la tableta, los ni\u00f1os expresan libremente su creatividad. Incluye 1 tablero de clavijas (28 x 20 cm), 1 malet\u00edn de pl\u00e1stico, 1 \u00e1lbum con patrones de dise\u00f1o, 270 clavijas en 10 mm y en 5 colores diferentes Material : Pl\u00e1stico C\u00f3digo Aukinko : [&hellip;]<\/p>\n","protected":false},"featured_media":626393,"comment_status":"open","ping_status":"closed","template":"","meta":{"_et_pb_use_builder":"","_et_pb_old_content":"","_et_gb_content_width":""},"product_brand":[],"product_cat":[21,19,20],"product_tag":[],"class_list":{"0":"post-626394","1":"product","2":"type-product","3":"status-publish","4":"has-post-thumbnail","6":"product_cat-arte-y-manipulacion","7":"product_cat-construccion","8":"product_cat-motricidad-fina","9":"pa_edad-3-a-4-anos","10":"pa_edad-4-a-5-anos","11":"pa_edad-5-a-6-anos","12":"pa_edad-6-a-8-anos","13":"pa_marca-quercetti","14":"pa_medidas-4336","15":"pa_medidas-5-x-23","16":"pa_medidas-5-x-6-cm","18":"first","19":"instock","20":"shipping-taxable","21":"purchasable","22":"product-type-simple"},"aioseo_notices":[],"_links":{"self":[{"href":"https:\/\/aukinkochile.com\/web\/wp-json\/wp\/v2\/product\/626394","targetHints":{"allow":["GET"]}}],"collection":[{"href":"https:\/\/aukinkochile.com\/web\/wp-json\/wp\/v2\/product"}],"about":[{"href":"https:\/\/aukinkochile.com\/web\/wp-json\/wp\/v2\/types\/product"}],"replies":[{"embeddable":true,"href":"https:\/\/aukinkochile.com\/web\/wp-json\/wp\/v2\/comments?post=626394"}],"wp:featuredmedia":[{"embeddable":true,"href":"https:\/\/aukinkochile.com\/web\/wp-json\/wp\/v2\/media\/626393"}],"wp:attachment":[{"href":"https:\/\/aukinkochile.com\/web\/wp-json\/wp\/v2\/media?parent=626394"}],"wp:term":[{"taxonomy":"product_brand","embeddable":true,"href":"https:\/\/aukinkochile.com\/web\/wp-json\/wp\/v2\/product_brand?post=626394"},{"taxonomy":"product_cat","embeddable":true,"href":"https:\/\/aukinkochile.com\/web\/wp-json\/wp\/v2\/product_cat?post=626394"},{"taxonomy":"product_tag","embeddable":true,"href":"https:\/\/aukinkochile.com\/web\/wp-json\/wp\/v2\/product_tag?post=626394"}],"curies":[{"name":"wp","href":"https:\/\/api.w.org\/{rel}","templated":true}]}}