{"id":626392,"date":"2023-12-18T19:49:13","date_gmt":"2023-12-18T19:49:13","guid":{"rendered":"https:\/\/aukinkochile.com\/web\/producto\/mosaico-tab-150-pz-2\/"},"modified":"2025-04-14T17:36:08","modified_gmt":"2025-04-14T17:36:08","slug":"mosaico-tab-150-pz-2","status":"publish","type":"product","link":"https:\/\/aukinkochile.com\/web\/producto\/mosaico-tab-150-pz-2\/","title":{"rendered":"Mosaico Tab 150 pz"},"content":{"rendered":"<p>Mosaico port\u00e1til con 1 plancha perforada de 16 x 22 cm, una canasta para guardar las piezas con mango y afirmador de la plancha de 23 x 17 x 3,5 cm y 100 pz. De mosaico de 1,5 cm di\u00e1metro x 3 cm. Se pueden inventar diversos mosaicos o incluso se pueden copiar los ejemplos de la gu\u00eda. Todas las piezas se guardan, ya que la tableta de encaje tiene tambi\u00e9n la funci\u00f3n de tapa. El mango ayuda al transporte y a colgar el mosaico en la pared con el fin de decorar. De gran colorido y excelente calidad.<\/p>\n<p><p><strong>Material : <\/strong> Pl\u00e1stico<\/p>\n<p><strong>C\u00f3digo Aukinko : <\/strong> 07-50923<\/p>\n<p><strong>C\u00f3digo Convenio Marco : <\/strong> <\/p>\n","protected":false},"excerpt":{"rendered":"<p>Mosaico port\u00e1til con 1 plancha perforada de 16 x 22 cm, una canasta para guardar las piezas con mango y afirmador de la plancha de 23 x 17 x 3,5 cm y 100 pz. De mosaico de 1,5 cm di\u00e1metro x 3 cm. Se pueden inventar diversos mosaicos o incluso se pueden copiar los ejemplos [&hellip;]<\/p>\n","protected":false},"featured_media":626391,"comment_status":"open","ping_status":"closed","template":"","meta":{"_et_pb_use_builder":"","_et_pb_old_content":"","_et_gb_content_width":""},"product_brand":[],"product_cat":[91,21,19,20],"product_tag":[],"class_list":{"0":"post-626392","1":"product","2":"type-product","3":"status-publish","4":"has-post-thumbnail","6":"product_cat-accesorios-sala","7":"product_cat-arte-y-manipulacion","8":"product_cat-construccion","9":"product_cat-motricidad-fina","10":"pa_edad-3-a-4-anos","11":"pa_edad-4-a-5-anos","12":"pa_edad-5-a-6-anos","13":"pa_edad-6-a-8-anos","14":"pa_marca-quercetti","15":"pa_medidas-4460","16":"pa_medidas-5-x-23-x-5-cm","18":"first","19":"instock","20":"shipping-taxable","21":"purchasable","22":"product-type-simple"},"aioseo_notices":[],"_links":{"self":[{"href":"https:\/\/aukinkochile.com\/web\/wp-json\/wp\/v2\/product\/626392","targetHints":{"allow":["GET"]}}],"collection":[{"href":"https:\/\/aukinkochile.com\/web\/wp-json\/wp\/v2\/product"}],"about":[{"href":"https:\/\/aukinkochile.com\/web\/wp-json\/wp\/v2\/types\/product"}],"replies":[{"embeddable":true,"href":"https:\/\/aukinkochile.com\/web\/wp-json\/wp\/v2\/comments?post=626392"}],"wp:featuredmedia":[{"embeddable":true,"href":"https:\/\/aukinkochile.com\/web\/wp-json\/wp\/v2\/media\/626391"}],"wp:attachment":[{"href":"https:\/\/aukinkochile.com\/web\/wp-json\/wp\/v2\/media?parent=626392"}],"wp:term":[{"taxonomy":"product_brand","embeddable":true,"href":"https:\/\/aukinkochile.com\/web\/wp-json\/wp\/v2\/product_brand?post=626392"},{"taxonomy":"product_cat","embeddable":true,"href":"https:\/\/aukinkochile.com\/web\/wp-json\/wp\/v2\/product_cat?post=626392"},{"taxonomy":"product_tag","embeddable":true,"href":"https:\/\/aukinkochile.com\/web\/wp-json\/wp\/v2\/product_tag?post=626392"}],"curies":[{"name":"wp","href":"https:\/\/api.w.org\/{rel}","templated":true}]}}