{"id":626007,"date":"2023-12-04T16:11:22","date_gmt":"2023-12-04T16:11:22","guid":{"rendered":"https:\/\/aukinkochile.com\/web\/producto\/pito-pajaro\/"},"modified":"2025-11-26T21:59:22","modified_gmt":"2025-11-26T21:59:22","slug":"pito-pajaro","status":"publish","type":"product","link":"https:\/\/aukinkochile.com\/web\/producto\/pito-pajaro\/","title":{"rendered":"Pito P\u00e1jaro"},"content":{"rendered":"<p>Divertido pito dise\u00f1ado para estimular la musculatura del rostro, especialmente de las mejillas, como primer paso para el desarrollo del habla. <\/p>\n<p><p><strong>Material : <\/strong> Pl\u00e1stico<\/p>\n<p><strong>C\u00f3digo Aukinko : <\/strong> 14-110765<\/p>\n<p><strong>C\u00f3digo Convenio Marco : <\/strong> x<\/p>\n","protected":false},"excerpt":{"rendered":"<p>Divertido pito dise\u00f1ado para estimular la musculatura del rostro, especialmente de las mejillas, como primer paso para el desarrollo del habla. Material : Pl\u00e1stico C\u00f3digo Aukinko : 14-110765 C\u00f3digo Convenio Marco : x<\/p>\n","protected":false},"featured_media":626006,"comment_status":"open","ping_status":"closed","template":"","meta":{"_et_pb_use_builder":"","_et_pb_old_content":"","_et_gb_content_width":""},"product_brand":[],"product_cat":[392],"product_tag":[],"class_list":{"0":"post-626007","1":"product","2":"type-product","3":"status-publish","4":"has-post-thumbnail","6":"product_cat-musica","7":"pa_edad-1-a-2-anos","8":"pa_edad-2-a-3-anos","9":"pa_marca-kkids","10":"pa_medidas-13-x-12-cm","12":"first","13":"instock","14":"shipping-taxable","15":"purchasable","16":"product-type-simple"},"aioseo_notices":[],"_links":{"self":[{"href":"https:\/\/aukinkochile.com\/web\/wp-json\/wp\/v2\/product\/626007","targetHints":{"allow":["GET"]}}],"collection":[{"href":"https:\/\/aukinkochile.com\/web\/wp-json\/wp\/v2\/product"}],"about":[{"href":"https:\/\/aukinkochile.com\/web\/wp-json\/wp\/v2\/types\/product"}],"replies":[{"embeddable":true,"href":"https:\/\/aukinkochile.com\/web\/wp-json\/wp\/v2\/comments?post=626007"}],"wp:featuredmedia":[{"embeddable":true,"href":"https:\/\/aukinkochile.com\/web\/wp-json\/wp\/v2\/media\/626006"}],"wp:attachment":[{"href":"https:\/\/aukinkochile.com\/web\/wp-json\/wp\/v2\/media?parent=626007"}],"wp:term":[{"taxonomy":"product_brand","embeddable":true,"href":"https:\/\/aukinkochile.com\/web\/wp-json\/wp\/v2\/product_brand?post=626007"},{"taxonomy":"product_cat","embeddable":true,"href":"https:\/\/aukinkochile.com\/web\/wp-json\/wp\/v2\/product_cat?post=626007"},{"taxonomy":"product_tag","embeddable":true,"href":"https:\/\/aukinkochile.com\/web\/wp-json\/wp\/v2\/product_tag?post=626007"}],"curies":[{"name":"wp","href":"https:\/\/api.w.org\/{rel}","templated":true}]}}