{"id":625803,"date":"2023-11-22T19:35:02","date_gmt":"2023-11-22T19:35:02","guid":{"rendered":"https:\/\/aukinkochile.com\/web\/producto\/modulo-ola-scogym\/"},"modified":"2025-06-26T16:14:12","modified_gmt":"2025-06-26T16:14:12","slug":"modulo-ola-scogym","status":"publish","type":"product","link":"https:\/\/aukinkochile.com\/web\/producto\/modulo-ola-scogym\/","title":{"rendered":"M\u00f3dulo Ola Scogym"},"content":{"rendered":"<p>Estos cursos modulares est\u00e1n dise\u00f1ados para trabajar en el sentido del equilibrio, la observaci\u00f3n, la coordinaci\u00f3n y el fortalecimiento muscular. La gama Scogym TACTIK le permite crear una cantidad infinita de cursos de habilidades motoras y actividades gimn\u00e1sticas. Completamente modulares y muy resistentes, esta gama ha sido especialmente dise\u00f1ada para un uso intensivo en actividades grupales. Sus elementos son compatibles con nuestros aros y barras. La ola le permite agregar una parte de espuma a todo el list\u00f3n para crear, en una parte del curso, una zona inestable y m\u00e1s dif\u00edcil. Para utilizar en interior y exterior. Fabricado en material suave y resistente. (Stock limitado, preguntar por si necesita mas de una unidad)<\/p>\n<p><p><strong>Material : <\/strong> Espuma alta densidad cubierta Vinyl<\/p>\n<p><strong>C\u00f3digo Aukinko : <\/strong> 08-7412810<\/p>\n<p><strong>C\u00f3digo Convenio Marco : <\/strong> x<\/p>\n","protected":false},"excerpt":{"rendered":"<p>Estos cursos modulares est\u00e1n dise\u00f1ados para trabajar en el sentido del equilibrio, la observaci\u00f3n, la coordinaci\u00f3n y el fortalecimiento muscular. La gama Scogym TACTIK le permite crear una cantidad infinita de cursos de habilidades motoras y actividades gimn\u00e1sticas. Completamente modulares y muy resistentes, esta gama ha sido especialmente dise\u00f1ada para un uso intensivo en actividades [&hellip;]<\/p>\n","protected":false},"featured_media":625802,"comment_status":"open","ping_status":"closed","template":"","meta":{"_et_pb_use_builder":"","_et_pb_old_content":"","_et_gb_content_width":""},"product_brand":[],"product_cat":[91,148,7385,18],"product_tag":[],"class_list":{"0":"post-625803","1":"product","2":"type-product","3":"status-publish","4":"has-post-thumbnail","6":"product_cat-accesorios-sala","7":"product_cat-deportes","8":"product_cat-estimulacion-cognitiva-y-motora-para-adultos-mayores","9":"product_cat-motricidad-gruesa","10":"pa_edad-2-a-3-anos","11":"pa_edad-3-a-4-anos","12":"pa_edad-4-a-5-anos","13":"pa_edad-5-a-6-anos","14":"pa_marca-wesco","15":"pa_medidas-40-x-13-x-10-cm","17":"first","18":"instock","19":"shipping-taxable","20":"purchasable","21":"product-type-simple"},"aioseo_notices":[],"_links":{"self":[{"href":"https:\/\/aukinkochile.com\/web\/wp-json\/wp\/v2\/product\/625803","targetHints":{"allow":["GET"]}}],"collection":[{"href":"https:\/\/aukinkochile.com\/web\/wp-json\/wp\/v2\/product"}],"about":[{"href":"https:\/\/aukinkochile.com\/web\/wp-json\/wp\/v2\/types\/product"}],"replies":[{"embeddable":true,"href":"https:\/\/aukinkochile.com\/web\/wp-json\/wp\/v2\/comments?post=625803"}],"wp:featuredmedia":[{"embeddable":true,"href":"https:\/\/aukinkochile.com\/web\/wp-json\/wp\/v2\/media\/625802"}],"wp:attachment":[{"href":"https:\/\/aukinkochile.com\/web\/wp-json\/wp\/v2\/media?parent=625803"}],"wp:term":[{"taxonomy":"product_brand","embeddable":true,"href":"https:\/\/aukinkochile.com\/web\/wp-json\/wp\/v2\/product_brand?post=625803"},{"taxonomy":"product_cat","embeddable":true,"href":"https:\/\/aukinkochile.com\/web\/wp-json\/wp\/v2\/product_cat?post=625803"},{"taxonomy":"product_tag","embeddable":true,"href":"https:\/\/aukinkochile.com\/web\/wp-json\/wp\/v2\/product_tag?post=625803"}],"curies":[{"name":"wp","href":"https:\/\/api.w.org\/{rel}","templated":true}]}}