{"id":625801,"date":"2023-11-22T19:35:00","date_gmt":"2023-11-22T19:35:00","guid":{"rendered":"https:\/\/aukinkochile.com\/web\/producto\/equilibrio-tortuga-manu\/"},"modified":"2024-04-29T20:51:46","modified_gmt":"2024-04-29T20:51:46","slug":"equilibrio-tortuga-manu","status":"publish","type":"product","link":"https:\/\/aukinkochile.com\/web\/producto\/equilibrio-tortuga-manu\/","title":{"rendered":"Equilibrio Tortuga Manu"},"content":{"rendered":"<p>Divertido juego para ejercitar la agilidad y paciencia de los m\u00e1s peque\u00f1os. La tortuga Manu acompa\u00f1ar\u00e1 a los ni\u00f1os durante horas de diversi\u00f3n y juegos: trepar, mantener el equilibrio, sentarse, levantarse y mucho m\u00e1s. Cuando est\u00e1 boca arriba se convierte en un juego de canicas giratorio. Un juego desarrollado para la estimulaci\u00f3n vestibular que ayudar\u00e1 a ni\u00f1os y ni\u00f1as a estabilizar el sentido del movimiento, el equilibrio y la velocidad del movimiento. Esta estimulaci\u00f3n ayudar\u00e1 a ni\u00f1os y ni\u00f1as a orientarse mejor en el espacio. De material suave y resistente. Fabricado en material 100% reciclable. (Stock limitado, preguntar por si necesita mas de una unidad)<\/p>\n<p><p><strong>Material : <\/strong> Polietileno Grueso<\/p>\n<p><strong>C\u00f3digo Aukinko : <\/strong> 08-7624620<\/p>\n<p><strong>C\u00f3digo Convenio Marco : <\/strong> x<\/p>\n","protected":false},"excerpt":{"rendered":"<p>Divertido juego para ejercitar la agilidad y paciencia de los m\u00e1s peque\u00f1os. La tortuga Manu acompa\u00f1ar\u00e1 a los ni\u00f1os durante horas de diversi\u00f3n y juegos: trepar, mantener el equilibrio, sentarse, levantarse y mucho m\u00e1s. Cuando est\u00e1 boca arriba se convierte en un juego de canicas giratorio. Un juego desarrollado para la estimulaci\u00f3n vestibular que ayudar\u00e1 [&hellip;]<\/p>\n","protected":false},"featured_media":625800,"comment_status":"open","ping_status":"closed","template":"","meta":{"_et_pb_use_builder":"","_et_pb_old_content":"","_et_gb_content_width":""},"product_brand":[],"product_cat":[91,18],"product_tag":[],"class_list":{"0":"post-625801","1":"product","2":"type-product","3":"status-publish","4":"has-post-thumbnail","6":"product_cat-accesorios-sala","7":"product_cat-motricidad-gruesa","8":"pa_edad-1-a-2-anos","9":"pa_edad-2-a-3-anos","10":"pa_edad-3-a-4-anos","11":"pa_edad-4-a-5-anos","12":"pa_marca-wesco","13":"pa_medidas-60-x-55-x-20-cm","15":"first","16":"instock","17":"shipping-taxable","18":"purchasable","19":"product-type-simple"},"aioseo_notices":[],"_links":{"self":[{"href":"https:\/\/aukinkochile.com\/web\/wp-json\/wp\/v2\/product\/625801","targetHints":{"allow":["GET"]}}],"collection":[{"href":"https:\/\/aukinkochile.com\/web\/wp-json\/wp\/v2\/product"}],"about":[{"href":"https:\/\/aukinkochile.com\/web\/wp-json\/wp\/v2\/types\/product"}],"replies":[{"embeddable":true,"href":"https:\/\/aukinkochile.com\/web\/wp-json\/wp\/v2\/comments?post=625801"}],"wp:featuredmedia":[{"embeddable":true,"href":"https:\/\/aukinkochile.com\/web\/wp-json\/wp\/v2\/media\/625800"}],"wp:attachment":[{"href":"https:\/\/aukinkochile.com\/web\/wp-json\/wp\/v2\/media?parent=625801"}],"wp:term":[{"taxonomy":"product_brand","embeddable":true,"href":"https:\/\/aukinkochile.com\/web\/wp-json\/wp\/v2\/product_brand?post=625801"},{"taxonomy":"product_cat","embeddable":true,"href":"https:\/\/aukinkochile.com\/web\/wp-json\/wp\/v2\/product_cat?post=625801"},{"taxonomy":"product_tag","embeddable":true,"href":"https:\/\/aukinkochile.com\/web\/wp-json\/wp\/v2\/product_tag?post=625801"}],"curies":[{"name":"wp","href":"https:\/\/api.w.org\/{rel}","templated":true}]}}