{"id":625741,"date":"2023-11-22T19:32:30","date_gmt":"2023-11-22T19:32:30","guid":{"rendered":"https:\/\/aukinkochile.com\/web\/producto\/bloque-tactik-scogym\/"},"modified":"2025-06-26T16:14:12","modified_gmt":"2025-06-26T16:14:12","slug":"bloque-tactik-scogym","status":"publish","type":"product","link":"https:\/\/aukinkochile.com\/web\/producto\/bloque-tactik-scogym\/","title":{"rendered":"Bloque Tactik Scogym"},"content":{"rendered":"<p>Cursos modulares dise\u00f1ados para trabajar el sentido del equilibrio, la observaci\u00f3n, la coordinaci\u00f3n y el fortalecimiento muscular. La gama Scogym TACTIK te permite crear un n\u00famero infinito de cursos de habilidades motoras y actividades gimn\u00e1sticas. Totalmente modulares y muy resistentes, esta gama ha sido dise\u00f1ada especialmente para un uso intensivo en comunidades. Sus elementos son compatibles con los aros y bastones de Wesco. (Stock limitado, preguntar por si necesita mas de una unidad)<\/p>\n<p><p><strong>Material : <\/strong> Polietileno Grueso<\/p>\n<p><strong>C\u00f3digo Aukinko : <\/strong> 08-7412440<\/p>\n<p><strong>C\u00f3digo Convenio Marco : <\/strong> x<\/p>\n","protected":false},"excerpt":{"rendered":"<p>Cursos modulares dise\u00f1ados para trabajar el sentido del equilibrio, la observaci\u00f3n, la coordinaci\u00f3n y el fortalecimiento muscular. La gama Scogym TACTIK te permite crear un n\u00famero infinito de cursos de habilidades motoras y actividades gimn\u00e1sticas. Totalmente modulares y muy resistentes, esta gama ha sido dise\u00f1ada especialmente para un uso intensivo en comunidades. Sus elementos son [&hellip;]<\/p>\n","protected":false},"featured_media":625740,"comment_status":"open","ping_status":"closed","template":"","meta":{"_et_pb_use_builder":"","_et_pb_old_content":"","_et_gb_content_width":""},"product_brand":[],"product_cat":[148,7385,18],"product_tag":[],"class_list":{"0":"post-625741","1":"product","2":"type-product","3":"status-publish","4":"has-post-thumbnail","6":"product_cat-deportes","7":"product_cat-estimulacion-cognitiva-y-motora-para-adultos-mayores","8":"product_cat-motricidad-gruesa","9":"pa_edad-2-a-3-anos","10":"pa_edad-3-a-4-anos","11":"pa_edad-4-a-5-anos","12":"pa_edad-5-a-6-anos","13":"pa_marca-wesco","14":"pa_medidas-21-cm-diametro-x-12-cm","16":"first","17":"instock","18":"shipping-taxable","19":"purchasable","20":"product-type-simple"},"aioseo_notices":[],"_links":{"self":[{"href":"https:\/\/aukinkochile.com\/web\/wp-json\/wp\/v2\/product\/625741","targetHints":{"allow":["GET"]}}],"collection":[{"href":"https:\/\/aukinkochile.com\/web\/wp-json\/wp\/v2\/product"}],"about":[{"href":"https:\/\/aukinkochile.com\/web\/wp-json\/wp\/v2\/types\/product"}],"replies":[{"embeddable":true,"href":"https:\/\/aukinkochile.com\/web\/wp-json\/wp\/v2\/comments?post=625741"}],"wp:featuredmedia":[{"embeddable":true,"href":"https:\/\/aukinkochile.com\/web\/wp-json\/wp\/v2\/media\/625740"}],"wp:attachment":[{"href":"https:\/\/aukinkochile.com\/web\/wp-json\/wp\/v2\/media?parent=625741"}],"wp:term":[{"taxonomy":"product_brand","embeddable":true,"href":"https:\/\/aukinkochile.com\/web\/wp-json\/wp\/v2\/product_brand?post=625741"},{"taxonomy":"product_cat","embeddable":true,"href":"https:\/\/aukinkochile.com\/web\/wp-json\/wp\/v2\/product_cat?post=625741"},{"taxonomy":"product_tag","embeddable":true,"href":"https:\/\/aukinkochile.com\/web\/wp-json\/wp\/v2\/product_tag?post=625741"}],"curies":[{"name":"wp","href":"https:\/\/api.w.org\/{rel}","templated":true}]}}