{"id":625714,"date":"2023-11-22T19:30:30","date_gmt":"2023-11-22T19:30:30","guid":{"rendered":"https:\/\/aukinkochile.com\/web\/producto\/tostadora-retro-bosch\/"},"modified":"2023-11-22T19:31:40","modified_gmt":"2023-11-22T19:31:40","slug":"tostadora-retro-bosch","status":"publish","type":"product","link":"https:\/\/aukinkochile.com\/web\/producto\/tostadora-retro-bosch\/","title":{"rendered":"Tostadora Retro Bosch"},"content":{"rendered":"<p>La tostadora para ni\u00f1os es el accesorio adecuado para cualquier cocina de juego bien equipada. Este accesorio para cocinas de juego es una r\u00e9plica fiel en dise\u00f1o Bosch y tiene un bot\u00f3n en el lateral para ajustar de forma l\u00fadica el grado de tostado. Con un control lateral, las rebanadas de pan se pueden bajar para que salgan autom\u00e1ticamente cuando est\u00e9n listas. Este juguete de cocina proporciona mucha diversi\u00f3n en el juego de roles, desarrolla la motricidad, la imaginaci\u00f3n y las habilidades de comunicaci\u00f3n.<\/p>\n<p><p><strong>Material : <\/strong> PLASTICO<\/p>\n<p><strong>C\u00f3digo Aukinko : <\/strong> 12-99518<\/p>\n<p><strong>C\u00f3digo Convenio Marco : <\/strong> <\/p>\n","protected":false},"excerpt":{"rendered":"<p>La tostadora para ni\u00f1os es el accesorio adecuado para cualquier cocina de juego bien equipada. Este accesorio para cocinas de juego es una r\u00e9plica fiel en dise\u00f1o Bosch y tiene un bot\u00f3n en el lateral para ajustar de forma l\u00fadica el grado de tostado. Con un control lateral, las rebanadas de pan se pueden bajar [&hellip;]<\/p>\n","protected":false},"featured_media":625713,"comment_status":"open","ping_status":"closed","template":"","meta":{"_et_pb_use_builder":"","_et_pb_old_content":"","_et_gb_content_width":""},"product_brand":[],"product_cat":[17],"product_tag":[],"class_list":{"0":"post-625714","1":"product","2":"type-product","3":"status-publish","4":"has-post-thumbnail","6":"product_cat-juegos-de-rol","7":"pa_edad-2-a-3-anos","8":"pa_edad-3-a-4-anos","9":"pa_edad-4-a-5-anos","10":"pa_edad-5-a-6-anos","11":"pa_edad-6-a-8-anos","12":"pa_marca-klein","13":"pa_medidas-15-x-12-x-10","14":"pa_medidas-5-cm","16":"first","17":"instock","18":"shipping-taxable","19":"purchasable","20":"product-type-simple"},"aioseo_notices":[],"_links":{"self":[{"href":"https:\/\/aukinkochile.com\/web\/wp-json\/wp\/v2\/product\/625714","targetHints":{"allow":["GET"]}}],"collection":[{"href":"https:\/\/aukinkochile.com\/web\/wp-json\/wp\/v2\/product"}],"about":[{"href":"https:\/\/aukinkochile.com\/web\/wp-json\/wp\/v2\/types\/product"}],"replies":[{"embeddable":true,"href":"https:\/\/aukinkochile.com\/web\/wp-json\/wp\/v2\/comments?post=625714"}],"wp:featuredmedia":[{"embeddable":true,"href":"https:\/\/aukinkochile.com\/web\/wp-json\/wp\/v2\/media\/625713"}],"wp:attachment":[{"href":"https:\/\/aukinkochile.com\/web\/wp-json\/wp\/v2\/media?parent=625714"}],"wp:term":[{"taxonomy":"product_brand","embeddable":true,"href":"https:\/\/aukinkochile.com\/web\/wp-json\/wp\/v2\/product_brand?post=625714"},{"taxonomy":"product_cat","embeddable":true,"href":"https:\/\/aukinkochile.com\/web\/wp-json\/wp\/v2\/product_cat?post=625714"},{"taxonomy":"product_tag","embeddable":true,"href":"https:\/\/aukinkochile.com\/web\/wp-json\/wp\/v2\/product_tag?post=625714"}],"curies":[{"name":"wp","href":"https:\/\/api.w.org\/{rel}","templated":true}]}}