{"id":625677,"date":"2023-11-22T19:28:51","date_gmt":"2023-11-22T19:28:51","guid":{"rendered":"https:\/\/aukinkochile.com\/web\/producto\/saltador-saturno-con-remos\/"},"modified":"2024-04-02T15:19:40","modified_gmt":"2024-04-02T15:19:40","slug":"saltador-saturno-con-remos","status":"publish","type":"product","link":"https:\/\/aukinkochile.com\/web\/producto\/saltador-saturno-con-remos\/","title":{"rendered":"Saltador Saturno"},"content":{"rendered":"<p>Divertido juego de saltos y equilibrio para pasar horas de diversi\u00f3n mientras se estimulan las habilidades motoras. Esta pelota saltador Saturno desaf\u00eda el equilibrio, las habilidades motoras y la concentraci\u00f3n. Los ni\u00f1os y ni\u00f1as deben lograr mantener el equilibrio sobre el plato que rodea la pelota.<\/p>\n<p><strong>Material : <\/strong> PVC<\/p>\n<p><strong>C\u00f3digo Aukinko : <\/strong> 05-270387<\/p>\n<p><strong>C\u00f3digo Convenio Marco : <\/strong><\/p>\n","protected":false},"excerpt":{"rendered":"<p>Divertido juego de saltos y equilibrio para pasar horas de diversi\u00f3n mientras se estimulan las habilidades motoras. Esta pelota saltador Saturno desaf\u00eda el equilibrio, las habilidades motoras y la concentraci\u00f3n. Los ni\u00f1os y ni\u00f1as deben lograr mantener el equilibrio sobre el plato que rodea la pelota. Material : PVC C\u00f3digo Aukinko : 05-270387 C\u00f3digo Convenio [&hellip;]<\/p>\n","protected":false},"featured_media":627939,"comment_status":"open","ping_status":"closed","template":"","meta":{"_et_pb_use_builder":"","_et_pb_old_content":"","_et_gb_content_width":""},"product_brand":[],"product_cat":[1005,18],"product_tag":[],"class_list":{"0":"post-625677","1":"product","2":"type-product","3":"status-publish","4":"has-post-thumbnail","6":"product_cat-accesorios-patio","7":"product_cat-motricidad-gruesa","8":"pa_edad-3-a-4-anos","9":"pa_edad-4-a-5-anos","10":"pa_edad-5-a-6-anos","11":"pa_edad-6-a-8-anos","12":"pa_marca-eduplay","13":"pa_medidas-45-cm","15":"first","16":"instock","17":"shipping-taxable","18":"purchasable","19":"product-type-simple"},"aioseo_notices":[],"_links":{"self":[{"href":"https:\/\/aukinkochile.com\/web\/wp-json\/wp\/v2\/product\/625677","targetHints":{"allow":["GET"]}}],"collection":[{"href":"https:\/\/aukinkochile.com\/web\/wp-json\/wp\/v2\/product"}],"about":[{"href":"https:\/\/aukinkochile.com\/web\/wp-json\/wp\/v2\/types\/product"}],"replies":[{"embeddable":true,"href":"https:\/\/aukinkochile.com\/web\/wp-json\/wp\/v2\/comments?post=625677"}],"wp:featuredmedia":[{"embeddable":true,"href":"https:\/\/aukinkochile.com\/web\/wp-json\/wp\/v2\/media\/627939"}],"wp:attachment":[{"href":"https:\/\/aukinkochile.com\/web\/wp-json\/wp\/v2\/media?parent=625677"}],"wp:term":[{"taxonomy":"product_brand","embeddable":true,"href":"https:\/\/aukinkochile.com\/web\/wp-json\/wp\/v2\/product_brand?post=625677"},{"taxonomy":"product_cat","embeddable":true,"href":"https:\/\/aukinkochile.com\/web\/wp-json\/wp\/v2\/product_cat?post=625677"},{"taxonomy":"product_tag","embeddable":true,"href":"https:\/\/aukinkochile.com\/web\/wp-json\/wp\/v2\/product_tag?post=625677"}],"curies":[{"name":"wp","href":"https:\/\/api.w.org\/{rel}","templated":true}]}}