{"id":625671,"date":"2023-11-22T19:28:47","date_gmt":"2023-11-22T19:28:47","guid":{"rendered":"https:\/\/aukinkochile.com\/web\/producto\/imagen-de-luz-esqueleto-6-pz\/"},"modified":"2023-11-22T19:28:47","modified_gmt":"2023-11-22T19:28:47","slug":"imagen-de-luz-esqueleto-6-pz","status":"publish","type":"product","link":"https:\/\/aukinkochile.com\/web\/producto\/imagen-de-luz-esqueleto-6-pz\/","title":{"rendered":"Imagen De Luz Esqueleto 6 Pz"},"content":{"rendered":"<p>Un divertido juego de im\u00e1genes de esqueletos de animales similares a los rayos x con el que los ni\u00f1os y ni\u00f1as podr\u00e1n descubrir los esqueletos de 6 animales diferentes con solo colocar las laminas sobre una mesa de luz. en estas laminas transparentes se pueden observar muchos huesos que le dan forma a las criaturas y permiten aprender las diferentes formas de moverse de cada una de ellas. un juego de aprendizaje de gran calidad.<\/p>\n<p><p><strong>Material : <\/strong> PLASTICO<\/p>\n<p><strong>C\u00f3digo Aukinko : <\/strong> 05-270177<\/p>\n<p><strong>C\u00f3digo Convenio Marco : <\/strong> <\/p>\n","protected":false},"excerpt":{"rendered":"<p>Un divertido juego de im\u00e1genes de esqueletos de animales similares a los rayos x con el que los ni\u00f1os y ni\u00f1as podr\u00e1n descubrir los esqueletos de 6 animales diferentes con solo colocar las laminas sobre una mesa de luz. en estas laminas transparentes se pueden observar muchos huesos que le dan forma a las criaturas [&hellip;]<\/p>\n","protected":false},"featured_media":625670,"comment_status":"open","ping_status":"closed","template":"","meta":{"_et_pb_use_builder":"","_et_pb_old_content":"","_et_gb_content_width":""},"product_brand":[],"product_cat":[91,92],"product_tag":[],"class_list":{"0":"post-625671","1":"product","2":"type-product","3":"status-publish","4":"has-post-thumbnail","6":"product_cat-accesorios-sala","7":"product_cat-ciencias","8":"pa_edad-3-a-4-anos","9":"pa_edad-4-a-5-anos","10":"pa_edad-5-a-6-anos","11":"pa_edad-6-a-8-anos","12":"pa_marca-eduplay","13":"pa_medidas-1-cm","14":"pa_medidas-21-x-29","15":"pa_medidas-7-x-0","17":"first","18":"instock","19":"shipping-taxable","20":"purchasable","21":"product-type-simple"},"aioseo_notices":[],"_links":{"self":[{"href":"https:\/\/aukinkochile.com\/web\/wp-json\/wp\/v2\/product\/625671","targetHints":{"allow":["GET"]}}],"collection":[{"href":"https:\/\/aukinkochile.com\/web\/wp-json\/wp\/v2\/product"}],"about":[{"href":"https:\/\/aukinkochile.com\/web\/wp-json\/wp\/v2\/types\/product"}],"replies":[{"embeddable":true,"href":"https:\/\/aukinkochile.com\/web\/wp-json\/wp\/v2\/comments?post=625671"}],"wp:featuredmedia":[{"embeddable":true,"href":"https:\/\/aukinkochile.com\/web\/wp-json\/wp\/v2\/media\/625670"}],"wp:attachment":[{"href":"https:\/\/aukinkochile.com\/web\/wp-json\/wp\/v2\/media?parent=625671"}],"wp:term":[{"taxonomy":"product_brand","embeddable":true,"href":"https:\/\/aukinkochile.com\/web\/wp-json\/wp\/v2\/product_brand?post=625671"},{"taxonomy":"product_cat","embeddable":true,"href":"https:\/\/aukinkochile.com\/web\/wp-json\/wp\/v2\/product_cat?post=625671"},{"taxonomy":"product_tag","embeddable":true,"href":"https:\/\/aukinkochile.com\/web\/wp-json\/wp\/v2\/product_tag?post=625671"}],"curies":[{"name":"wp","href":"https:\/\/api.w.org\/{rel}","templated":true}]}}