{"id":625669,"date":"2023-11-22T19:28:46","date_gmt":"2023-11-22T19:28:46","guid":{"rendered":"https:\/\/aukinkochile.com\/web\/producto\/pez-burbuja-y-numero-10-pz\/"},"modified":"2023-11-22T19:28:46","modified_gmt":"2023-11-22T19:28:46","slug":"pez-burbuja-y-numero-10-pz","status":"publish","type":"product","link":"https:\/\/aukinkochile.com\/web\/producto\/pez-burbuja-y-numero-10-pz\/","title":{"rendered":"Pez Burbuja Y Numero 10 Pz"},"content":{"rendered":"<p>Divertido juego de suaves peces sensoriales para pasar horas de diversi\u00f3n. incluye 10 peces de burbujas para apretar y crear los mas divertidos juegos. cada pez tiene un color diferente, y de un lado un numero escrito y del otro puntos seg\u00fan la cantidad indicada por el numero, esto hace que sea un juego para todas la edades, los ni\u00f1os y ni\u00f1as mas peque\u00f1os pueden reconocer los colores, mas adelante n\u00fameros y luego cantidades. el largo de los peces es de 16 cm aproximadamente. estos peces son ideales para los est\u00edmulos sensoriales ya que tienen peque\u00f1as perlas de agua en su interior que las hacen muy atractivas al tacto. de material suave y resistente y colores vivos.<\/p>\n<p><p><strong>Material : <\/strong> PLASTICO Y SILICONA<\/p>\n<p><strong>C\u00f3digo Aukinko : <\/strong> 05-270160<\/p>\n<p><strong>C\u00f3digo Convenio Marco : <\/strong> <\/p>\n","protected":false},"excerpt":{"rendered":"<p>Divertido juego de suaves peces sensoriales para pasar horas de diversi\u00f3n. incluye 10 peces de burbujas para apretar y crear los mas divertidos juegos. cada pez tiene un color diferente, y de un lado un numero escrito y del otro puntos seg\u00fan la cantidad indicada por el numero, esto hace que sea un juego para [&hellip;]<\/p>\n","protected":false},"featured_media":625668,"comment_status":"open","ping_status":"closed","template":"","meta":{"_et_pb_use_builder":"","_et_pb_old_content":"","_et_gb_content_width":""},"product_brand":[],"product_cat":[91,150,90],"product_tag":[],"class_list":{"0":"post-625669","1":"product","2":"type-product","3":"status-publish","4":"has-post-thumbnail","6":"product_cat-accesorios-sala","7":"product_cat-asociacion-y-logica","8":"product_cat-matematicas","9":"pa_edad-1-a-2-anos","10":"pa_edad-2-a-3-anos","11":"pa_edad-3-a-4-anos","12":"pa_edad-4-a-5-anos","13":"pa_marca-eduplay","14":"pa_medidas-16-x-6-x-1","15":"pa_medidas-5-cm","17":"first","18":"instock","19":"shipping-taxable","20":"purchasable","21":"product-type-simple"},"aioseo_notices":[],"_links":{"self":[{"href":"https:\/\/aukinkochile.com\/web\/wp-json\/wp\/v2\/product\/625669","targetHints":{"allow":["GET"]}}],"collection":[{"href":"https:\/\/aukinkochile.com\/web\/wp-json\/wp\/v2\/product"}],"about":[{"href":"https:\/\/aukinkochile.com\/web\/wp-json\/wp\/v2\/types\/product"}],"replies":[{"embeddable":true,"href":"https:\/\/aukinkochile.com\/web\/wp-json\/wp\/v2\/comments?post=625669"}],"wp:featuredmedia":[{"embeddable":true,"href":"https:\/\/aukinkochile.com\/web\/wp-json\/wp\/v2\/media\/625668"}],"wp:attachment":[{"href":"https:\/\/aukinkochile.com\/web\/wp-json\/wp\/v2\/media?parent=625669"}],"wp:term":[{"taxonomy":"product_brand","embeddable":true,"href":"https:\/\/aukinkochile.com\/web\/wp-json\/wp\/v2\/product_brand?post=625669"},{"taxonomy":"product_cat","embeddable":true,"href":"https:\/\/aukinkochile.com\/web\/wp-json\/wp\/v2\/product_cat?post=625669"},{"taxonomy":"product_tag","embeddable":true,"href":"https:\/\/aukinkochile.com\/web\/wp-json\/wp\/v2\/product_tag?post=625669"}],"curies":[{"name":"wp","href":"https:\/\/api.w.org\/{rel}","templated":true}]}}