{"id":625663,"date":"2023-11-22T19:28:45","date_gmt":"2023-11-22T19:28:45","guid":{"rendered":"https:\/\/aukinkochile.com\/web\/producto\/macetero-biodegradable-6-pz\/"},"modified":"2023-11-22T19:28:45","modified_gmt":"2023-11-22T19:28:45","slug":"macetero-biodegradable-6-pz","status":"publish","type":"product","link":"https:\/\/aukinkochile.com\/web\/producto\/macetero-biodegradable-6-pz\/","title":{"rendered":"Macetero Biodegradable 6 Pz"},"content":{"rendered":"<p>Set de 6 hermosos maceteros biodegradables en los que los ni\u00f1os y ni\u00f1as podr\u00e1n plantar sus primeras plantas aprendiendo a cuidarlas y a observar sus procesos en el crecimiento, una divertida forma de conocer y aprender a cuidar el ambiente natural en el que vivimos. estos maceteros pueden colocarse directamente en la tierra luego de que las plantas crezcan un poco, no es necesario trasplantarlas, adem\u00e1s protege las ra\u00edces de las plantas y ayuda a una r\u00e1pida absorci\u00f3n del agua. <\/p>\n<p><p><strong>Material : <\/strong> FIBRAS DE PAPEL<\/p>\n<p><strong>C\u00f3digo Aukinko : <\/strong> 05-250145<\/p>\n<p><strong>C\u00f3digo Convenio Marco : <\/strong> <\/p>\n","protected":false},"excerpt":{"rendered":"<p>Set de 6 hermosos maceteros biodegradables en los que los ni\u00f1os y ni\u00f1as podr\u00e1n plantar sus primeras plantas aprendiendo a cuidarlas y a observar sus procesos en el crecimiento, una divertida forma de conocer y aprender a cuidar el ambiente natural en el que vivimos. estos maceteros pueden colocarse directamente en la tierra luego de [&hellip;]<\/p>\n","protected":false},"featured_media":625662,"comment_status":"open","ping_status":"closed","template":"","meta":{"_et_pb_use_builder":"","_et_pb_old_content":"","_et_gb_content_width":""},"product_brand":[],"product_cat":[21,92],"product_tag":[],"class_list":{"0":"post-625663","1":"product","2":"type-product","3":"status-publish","4":"has-post-thumbnail","6":"product_cat-arte-y-manipulacion","7":"product_cat-ciencias","8":"pa_edad-10-anos","9":"pa_edad-3-a-4-anos","10":"pa_edad-4-a-5-anos","11":"pa_edad-5-a-6-anos","12":"pa_edad-6-a-8-anos","13":"pa_edad-8-a-10-anos","14":"pa_marca-eduplay","15":"pa_medidas-5-cm","16":"pa_medidas-6-x-5","18":"first","19":"instock","20":"shipping-taxable","21":"purchasable","22":"product-type-simple"},"aioseo_notices":[],"_links":{"self":[{"href":"https:\/\/aukinkochile.com\/web\/wp-json\/wp\/v2\/product\/625663","targetHints":{"allow":["GET"]}}],"collection":[{"href":"https:\/\/aukinkochile.com\/web\/wp-json\/wp\/v2\/product"}],"about":[{"href":"https:\/\/aukinkochile.com\/web\/wp-json\/wp\/v2\/types\/product"}],"replies":[{"embeddable":true,"href":"https:\/\/aukinkochile.com\/web\/wp-json\/wp\/v2\/comments?post=625663"}],"wp:featuredmedia":[{"embeddable":true,"href":"https:\/\/aukinkochile.com\/web\/wp-json\/wp\/v2\/media\/625662"}],"wp:attachment":[{"href":"https:\/\/aukinkochile.com\/web\/wp-json\/wp\/v2\/media?parent=625663"}],"wp:term":[{"taxonomy":"product_brand","embeddable":true,"href":"https:\/\/aukinkochile.com\/web\/wp-json\/wp\/v2\/product_brand?post=625663"},{"taxonomy":"product_cat","embeddable":true,"href":"https:\/\/aukinkochile.com\/web\/wp-json\/wp\/v2\/product_cat?post=625663"},{"taxonomy":"product_tag","embeddable":true,"href":"https:\/\/aukinkochile.com\/web\/wp-json\/wp\/v2\/product_tag?post=625663"}],"curies":[{"name":"wp","href":"https:\/\/api.w.org\/{rel}","templated":true}]}}