{"id":625651,"date":"2023-11-22T19:28:41","date_gmt":"2023-11-22T19:28:41","guid":{"rendered":"https:\/\/aukinkochile.com\/web\/producto\/bolas-repuesto-juego-soplido-3-pz\/"},"modified":"2023-11-22T19:28:41","modified_gmt":"2023-11-22T19:28:41","slug":"bolas-repuesto-juego-soplido-3-pz","status":"publish","type":"product","link":"https:\/\/aukinkochile.com\/web\/producto\/bolas-repuesto-juego-soplido-3-pz\/","title":{"rendered":"Bolas Repuesto Juego Soplido 3 Pz"},"content":{"rendered":"<p>Pelota de repuesto para juego de soplido de locomotora, un juego que desarrolla las habilidades motoras orales y estimula el habla en los mas peque\u00f1os.<\/p>\n<p><p><strong>Material : <\/strong> ESPUMA DE POLIESTIRENO<\/p>\n<p><strong>C\u00f3digo Aukinko : <\/strong> 05-230210<\/p>\n<p><strong>C\u00f3digo Convenio Marco : <\/strong> <\/p>\n","protected":false},"excerpt":{"rendered":"<p>Pelota de repuesto para juego de soplido de locomotora, un juego que desarrolla las habilidades motoras orales y estimula el habla en los mas peque\u00f1os. Material : ESPUMA DE POLIESTIRENO C\u00f3digo Aukinko : 05-230210 C\u00f3digo Convenio Marco :<\/p>\n","protected":false},"featured_media":625650,"comment_status":"open","ping_status":"closed","template":"","meta":{"_et_pb_use_builder":"","_et_pb_old_content":"","_et_gb_content_width":""},"product_brand":[],"product_cat":[91],"product_tag":[],"class_list":{"0":"post-625651","1":"product","2":"type-product","3":"status-publish","4":"has-post-thumbnail","6":"product_cat-accesorios-sala","7":"pa_edad-3-a-4-anos","8":"pa_edad-4-a-5-anos","9":"pa_edad-5-a-6-anos","10":"pa_edad-6-a-8-anos","11":"pa_marca-eduplay","12":"pa_medidas-4359","13":"pa_medidas-5-cm","15":"first","16":"instock","17":"shipping-taxable","18":"purchasable","19":"product-type-simple"},"aioseo_notices":[],"_links":{"self":[{"href":"https:\/\/aukinkochile.com\/web\/wp-json\/wp\/v2\/product\/625651","targetHints":{"allow":["GET"]}}],"collection":[{"href":"https:\/\/aukinkochile.com\/web\/wp-json\/wp\/v2\/product"}],"about":[{"href":"https:\/\/aukinkochile.com\/web\/wp-json\/wp\/v2\/types\/product"}],"replies":[{"embeddable":true,"href":"https:\/\/aukinkochile.com\/web\/wp-json\/wp\/v2\/comments?post=625651"}],"wp:featuredmedia":[{"embeddable":true,"href":"https:\/\/aukinkochile.com\/web\/wp-json\/wp\/v2\/media\/625650"}],"wp:attachment":[{"href":"https:\/\/aukinkochile.com\/web\/wp-json\/wp\/v2\/media?parent=625651"}],"wp:term":[{"taxonomy":"product_brand","embeddable":true,"href":"https:\/\/aukinkochile.com\/web\/wp-json\/wp\/v2\/product_brand?post=625651"},{"taxonomy":"product_cat","embeddable":true,"href":"https:\/\/aukinkochile.com\/web\/wp-json\/wp\/v2\/product_cat?post=625651"},{"taxonomy":"product_tag","embeddable":true,"href":"https:\/\/aukinkochile.com\/web\/wp-json\/wp\/v2\/product_tag?post=625651"}],"curies":[{"name":"wp","href":"https:\/\/api.w.org\/{rel}","templated":true}]}}