{"id":625633,"date":"2023-11-22T19:28:35","date_gmt":"2023-11-22T19:28:35","guid":{"rendered":"https:\/\/aukinkochile.com\/web\/producto\/cilindros-colores-apilables\/"},"modified":"2023-11-22T19:28:35","modified_gmt":"2023-11-22T19:28:35","slug":"cilindros-colores-apilables","status":"publish","type":"product","link":"https:\/\/aukinkochile.com\/web\/producto\/cilindros-colores-apilables\/","title":{"rendered":"Cilindros Colores Apilables"},"content":{"rendered":"<p>Con este divertido juego de construcci\u00f3n y observaci\u00f3n los ni\u00f1os y ni\u00f1as pueden combinar los colores y observar como cambian. cada cilindro transparente puede abrirse para colocarle cosas dentro. todos los cilindros pueden combinarse de todas las maneras posibles. incluye 3 x 6 colores y una caja pl\u00e1stica contenedora. de material suave y resistente y colores vivos.<\/p>\n<p><p><strong>Material : <\/strong> PLASTICO<\/p>\n<p><strong>C\u00f3digo Aukinko : <\/strong> 05-220577<\/p>\n<p><strong>C\u00f3digo Convenio Marco : <\/strong> <\/p>\n","protected":false},"excerpt":{"rendered":"<p>Con este divertido juego de construcci\u00f3n y observaci\u00f3n los ni\u00f1os y ni\u00f1as pueden combinar los colores y observar como cambian. cada cilindro transparente puede abrirse para colocarle cosas dentro. todos los cilindros pueden combinarse de todas las maneras posibles. incluye 3 x 6 colores y una caja pl\u00e1stica contenedora. de material suave y resistente y [&hellip;]<\/p>\n","protected":false},"featured_media":625632,"comment_status":"open","ping_status":"closed","template":"","meta":{"_et_pb_use_builder":"","_et_pb_old_content":"","_et_gb_content_width":""},"product_brand":[],"product_cat":[91,19,20],"product_tag":[],"class_list":{"0":"post-625633","1":"product","2":"type-product","3":"status-publish","4":"has-post-thumbnail","6":"product_cat-accesorios-sala","7":"product_cat-construccion","8":"product_cat-motricidad-fina","9":"pa_edad-3-a-4-anos","10":"pa_edad-4-a-5-anos","11":"pa_edad-5-a-6-anos","12":"pa_marca-eduplay","13":"pa_medidas-2-x-4","14":"pa_medidas-2-x-5","15":"pa_medidas-4521","16":"pa_medidas-5-cm","18":"first","19":"instock","20":"shipping-taxable","21":"purchasable","22":"product-type-simple"},"aioseo_notices":[],"_links":{"self":[{"href":"https:\/\/aukinkochile.com\/web\/wp-json\/wp\/v2\/product\/625633","targetHints":{"allow":["GET"]}}],"collection":[{"href":"https:\/\/aukinkochile.com\/web\/wp-json\/wp\/v2\/product"}],"about":[{"href":"https:\/\/aukinkochile.com\/web\/wp-json\/wp\/v2\/types\/product"}],"replies":[{"embeddable":true,"href":"https:\/\/aukinkochile.com\/web\/wp-json\/wp\/v2\/comments?post=625633"}],"wp:featuredmedia":[{"embeddable":true,"href":"https:\/\/aukinkochile.com\/web\/wp-json\/wp\/v2\/media\/625632"}],"wp:attachment":[{"href":"https:\/\/aukinkochile.com\/web\/wp-json\/wp\/v2\/media?parent=625633"}],"wp:term":[{"taxonomy":"product_brand","embeddable":true,"href":"https:\/\/aukinkochile.com\/web\/wp-json\/wp\/v2\/product_brand?post=625633"},{"taxonomy":"product_cat","embeddable":true,"href":"https:\/\/aukinkochile.com\/web\/wp-json\/wp\/v2\/product_cat?post=625633"},{"taxonomy":"product_tag","embeddable":true,"href":"https:\/\/aukinkochile.com\/web\/wp-json\/wp\/v2\/product_tag?post=625633"}],"curies":[{"name":"wp","href":"https:\/\/api.w.org\/{rel}","templated":true}]}}