{"id":625578,"date":"2023-11-15T19:32:32","date_gmt":"2023-11-15T19:32:32","guid":{"rendered":"https:\/\/aukinkochile.com\/web\/producto\/juego-golf-madera-set\/"},"modified":"2024-12-16T16:34:39","modified_gmt":"2024-12-16T16:34:39","slug":"juego-golf-madera-set","status":"publish","type":"product","link":"https:\/\/aukinkochile.com\/web\/producto\/juego-golf-madera-set\/","title":{"rendered":"Juego Golf Madera set"},"content":{"rendered":"<p>Un hermoso juego de golf para pasar horas de diversi\u00f3n. Este conjunto incluye 2 palos de golf de madera, pelotas y accesorios adicionales para hacer que el juego sea s\u00faper divertido. Fabricado en madera de pino de alta calidad, lijada para eliminar bordes \u00e1speros. Viene en una hermosa bolsa para llevar el juego a todas partes. Este conjunto es perfecto tanto para el juego recreativo como competitivo, estimula el desarrollo de la motricidad gruesa y las habilidades motoras y cognitivas de los m\u00e1s peque\u00f1os.<\/p>\n<p><p><strong>Material : <\/strong> Madera<\/p>\n<p><strong>C\u00f3digo Aukinko : <\/strong> 17-91557 <\/p>\n<p><strong>C\u00f3digo Convenio Marco : <\/strong> x<\/p>\n","protected":false},"excerpt":{"rendered":"<p>Un hermoso juego de golf para pasar horas de diversi\u00f3n. Este conjunto incluye 2 palos de golf de madera, pelotas y accesorios adicionales para hacer que el juego sea s\u00faper divertido. Fabricado en madera de pino de alta calidad, lijada para eliminar bordes \u00e1speros. Viene en una hermosa bolsa para llevar el juego a todas [&hellip;]<\/p>\n","protected":false},"featured_media":625577,"comment_status":"open","ping_status":"closed","template":"","meta":{"_et_pb_use_builder":"","_et_pb_old_content":"","_et_gb_content_width":""},"product_brand":[],"product_cat":[148,18],"product_tag":[],"class_list":{"0":"post-625578","1":"product","2":"type-product","3":"status-publish","4":"has-post-thumbnail","6":"product_cat-deportes","7":"product_cat-motricidad-gruesa","8":"pa_edad-3-a-4-anos","9":"pa_edad-4-a-5-anos","10":"pa_edad-5-a-6-anos","11":"pa_marca-tooky-toy","12":"pa_medidas-4-cm","13":"pa_medidas-4-x-20","14":"pa_medidas-4-x-8","15":"pa_medidas-5038","17":"first","18":"instock","19":"shipping-taxable","20":"purchasable","21":"product-type-simple"},"aioseo_notices":[],"_links":{"self":[{"href":"https:\/\/aukinkochile.com\/web\/wp-json\/wp\/v2\/product\/625578","targetHints":{"allow":["GET"]}}],"collection":[{"href":"https:\/\/aukinkochile.com\/web\/wp-json\/wp\/v2\/product"}],"about":[{"href":"https:\/\/aukinkochile.com\/web\/wp-json\/wp\/v2\/types\/product"}],"replies":[{"embeddable":true,"href":"https:\/\/aukinkochile.com\/web\/wp-json\/wp\/v2\/comments?post=625578"}],"wp:featuredmedia":[{"embeddable":true,"href":"https:\/\/aukinkochile.com\/web\/wp-json\/wp\/v2\/media\/625577"}],"wp:attachment":[{"href":"https:\/\/aukinkochile.com\/web\/wp-json\/wp\/v2\/media?parent=625578"}],"wp:term":[{"taxonomy":"product_brand","embeddable":true,"href":"https:\/\/aukinkochile.com\/web\/wp-json\/wp\/v2\/product_brand?post=625578"},{"taxonomy":"product_cat","embeddable":true,"href":"https:\/\/aukinkochile.com\/web\/wp-json\/wp\/v2\/product_cat?post=625578"},{"taxonomy":"product_tag","embeddable":true,"href":"https:\/\/aukinkochile.com\/web\/wp-json\/wp\/v2\/product_tag?post=625578"}],"curies":[{"name":"wp","href":"https:\/\/api.w.org\/{rel}","templated":true}]}}