{"id":625570,"date":"2023-11-15T19:32:29","date_gmt":"2023-11-15T19:32:29","guid":{"rendered":"https:\/\/aukinkochile.com\/web\/producto\/paleta-atrapa-tiburones\/"},"modified":"2024-12-16T16:34:36","modified_gmt":"2024-12-16T16:34:36","slug":"paleta-atrapa-tiburones","status":"publish","type":"product","link":"https:\/\/aukinkochile.com\/web\/producto\/paleta-atrapa-tiburones\/","title":{"rendered":"Paleta Atrapa Tiburones"},"content":{"rendered":"<p>Un cl\u00e1sico juego para pasar horas de diversi\u00f3n. La paleta tiene forma de tibur\u00f3n y la pelota es un divertido pez. \u00a1L\u00e1nzalos al aire y trata de atraparlos con la paleta! El material del pez se adhiere al c\u00edrculo rojo en la pala. Adecuado para ni\u00f1os de 3 a\u00f1os en adelante.<\/p>\n<p><p><strong>Material : <\/strong> Madera y Plush<\/p>\n<p><strong>C\u00f3digo Aukinko : <\/strong> 17-90981 <\/p>\n<p><strong>C\u00f3digo Convenio Marco : <\/strong> x<\/p>\n","protected":false},"excerpt":{"rendered":"<p>Un cl\u00e1sico juego para pasar horas de diversi\u00f3n. La paleta tiene forma de tibur\u00f3n y la pelota es un divertido pez. \u00a1L\u00e1nzalos al aire y trata de atraparlos con la paleta! El material del pez se adhiere al c\u00edrculo rojo en la pala. Adecuado para ni\u00f1os de 3 a\u00f1os en adelante. Material : Madera y [&hellip;]<\/p>\n","protected":false},"featured_media":625569,"comment_status":"open","ping_status":"closed","template":"","meta":{"_et_pb_use_builder":"","_et_pb_old_content":"","_et_gb_content_width":""},"product_brand":[],"product_cat":[148,18],"product_tag":[],"class_list":{"0":"post-625570","1":"product","2":"type-product","3":"status-publish","4":"has-post-thumbnail","6":"product_cat-deportes","7":"product_cat-motricidad-gruesa","8":"pa_edad-3-a-4-anos","9":"pa_edad-4-a-5-anos","10":"pa_edad-5-a-6-anos","11":"pa_edad-6-a-8-anos","12":"pa_marca-tooky-toy","13":"pa_medidas-19-x-29","14":"pa_medidas-5-x-5-cm","16":"first","17":"instock","18":"shipping-taxable","19":"purchasable","20":"product-type-simple"},"aioseo_notices":[],"_links":{"self":[{"href":"https:\/\/aukinkochile.com\/web\/wp-json\/wp\/v2\/product\/625570","targetHints":{"allow":["GET"]}}],"collection":[{"href":"https:\/\/aukinkochile.com\/web\/wp-json\/wp\/v2\/product"}],"about":[{"href":"https:\/\/aukinkochile.com\/web\/wp-json\/wp\/v2\/types\/product"}],"replies":[{"embeddable":true,"href":"https:\/\/aukinkochile.com\/web\/wp-json\/wp\/v2\/comments?post=625570"}],"wp:featuredmedia":[{"embeddable":true,"href":"https:\/\/aukinkochile.com\/web\/wp-json\/wp\/v2\/media\/625569"}],"wp:attachment":[{"href":"https:\/\/aukinkochile.com\/web\/wp-json\/wp\/v2\/media?parent=625570"}],"wp:term":[{"taxonomy":"product_brand","embeddable":true,"href":"https:\/\/aukinkochile.com\/web\/wp-json\/wp\/v2\/product_brand?post=625570"},{"taxonomy":"product_cat","embeddable":true,"href":"https:\/\/aukinkochile.com\/web\/wp-json\/wp\/v2\/product_cat?post=625570"},{"taxonomy":"product_tag","embeddable":true,"href":"https:\/\/aukinkochile.com\/web\/wp-json\/wp\/v2\/product_tag?post=625570"}],"curies":[{"name":"wp","href":"https:\/\/api.w.org\/{rel}","templated":true}]}}