{"id":625564,"date":"2023-11-15T19:32:27","date_gmt":"2023-11-15T19:32:27","guid":{"rendered":"https:\/\/aukinkochile.com\/web\/producto\/pelota-transparente-cascabeles-50-cm\/"},"modified":"2023-11-15T19:33:53","modified_gmt":"2023-11-15T19:33:53","slug":"pelota-transparente-cascabeles-50-cm","status":"publish","type":"product","link":"https:\/\/aukinkochile.com\/web\/producto\/pelota-transparente-cascabeles-50-cm\/","title":{"rendered":"Pelota Transparente Cascabeles 50 cm"},"content":{"rendered":"<p>Divertida pelota transparente con cuatro campanillas que suenan cuando se mueve. Esta hermosa pelota adem\u00e1s de ser un instrumento destinado a personas no videntes para percibir los movimientos del bal\u00f3n en el espacio, es tambi\u00e9n un soporte estimulante para la actividad l\u00fadica. De material suave y resistente.<\/p>\n<p><p><strong>Material : <\/strong> VINILO<\/p>\n<p><strong>C\u00f3digo Aukinko : <\/strong> 19-19698<\/p>\n<p><strong>C\u00f3digo Convenio Marco : <\/strong> <\/p>\n","protected":false},"excerpt":{"rendered":"<p>Divertida pelota transparente con cuatro campanillas que suenan cuando se mueve. Esta hermosa pelota adem\u00e1s de ser un instrumento destinado a personas no videntes para percibir los movimientos del bal\u00f3n en el espacio, es tambi\u00e9n un soporte estimulante para la actividad l\u00fadica. De material suave y resistente. Material : VINILO C\u00f3digo Aukinko : 19-19698 C\u00f3digo [&hellip;]<\/p>\n","protected":false},"featured_media":625563,"comment_status":"open","ping_status":"closed","template":"","meta":{"_et_pb_use_builder":"","_et_pb_old_content":"","_et_gb_content_width":""},"product_brand":[],"product_cat":[148,18],"product_tag":[],"class_list":{"0":"post-625564","1":"product","2":"type-product","3":"status-publish","4":"has-post-thumbnail","6":"product_cat-deportes","7":"product_cat-motricidad-gruesa","8":"pa_edad-1-a-2-anos","9":"pa_edad-10-anos","10":"pa_edad-2-a-3-anos","11":"pa_edad-3-a-4-anos","12":"pa_edad-4-a-5-anos","13":"pa_edad-5-a-6-anos","14":"pa_edad-6-a-8-anos","15":"pa_edad-8-a-10-anos","16":"pa_marca-gymnic","17":"pa_medidas-50-cm","19":"first","20":"instock","21":"shipping-taxable","22":"purchasable","23":"product-type-simple"},"aioseo_notices":[],"_links":{"self":[{"href":"https:\/\/aukinkochile.com\/web\/wp-json\/wp\/v2\/product\/625564","targetHints":{"allow":["GET"]}}],"collection":[{"href":"https:\/\/aukinkochile.com\/web\/wp-json\/wp\/v2\/product"}],"about":[{"href":"https:\/\/aukinkochile.com\/web\/wp-json\/wp\/v2\/types\/product"}],"replies":[{"embeddable":true,"href":"https:\/\/aukinkochile.com\/web\/wp-json\/wp\/v2\/comments?post=625564"}],"wp:featuredmedia":[{"embeddable":true,"href":"https:\/\/aukinkochile.com\/web\/wp-json\/wp\/v2\/media\/625563"}],"wp:attachment":[{"href":"https:\/\/aukinkochile.com\/web\/wp-json\/wp\/v2\/media?parent=625564"}],"wp:term":[{"taxonomy":"product_brand","embeddable":true,"href":"https:\/\/aukinkochile.com\/web\/wp-json\/wp\/v2\/product_brand?post=625564"},{"taxonomy":"product_cat","embeddable":true,"href":"https:\/\/aukinkochile.com\/web\/wp-json\/wp\/v2\/product_cat?post=625564"},{"taxonomy":"product_tag","embeddable":true,"href":"https:\/\/aukinkochile.com\/web\/wp-json\/wp\/v2\/product_tag?post=625564"}],"curies":[{"name":"wp","href":"https:\/\/api.w.org\/{rel}","templated":true}]}}