{"id":625552,"date":"2023-11-15T19:32:23","date_gmt":"2023-11-15T19:32:23","guid":{"rendered":"https:\/\/aukinkochile.com\/web\/producto\/anillos-goma-gimnasia-set-4\/"},"modified":"2025-06-26T16:15:58","modified_gmt":"2025-06-26T16:15:58","slug":"anillos-goma-gimnasia-set-4","status":"publish","type":"product","link":"https:\/\/aukinkochile.com\/web\/producto\/anillos-goma-gimnasia-set-4\/","title":{"rendered":"Anillos Goma Gimnasia set 4"},"content":{"rendered":"<p>Set de 4 anillos suaves de 4 diferentes colores ideales para la actividad motora y recreativa, los anillos se pueden utilizar para variados juegos en grupo en donde se estimula el agarre, los reflejos y la coordinaci\u00f3n. Si se ponen en el agua flotan. <\/p>\n<p><p><strong>Material : <\/strong> Vinyl<\/p>\n<p><strong>C\u00f3digo Aukinko : <\/strong> 19-18093<\/p>\n<p><strong>C\u00f3digo Convenio Marco : <\/strong> x<\/p>\n","protected":false},"excerpt":{"rendered":"<p>Set de 4 anillos suaves de 4 diferentes colores ideales para la actividad motora y recreativa, los anillos se pueden utilizar para variados juegos en grupo en donde se estimula el agarre, los reflejos y la coordinaci\u00f3n. Si se ponen en el agua flotan. Material : Vinyl C\u00f3digo Aukinko : 19-18093 C\u00f3digo Convenio Marco : [&hellip;]<\/p>\n","protected":false},"featured_media":625551,"comment_status":"open","ping_status":"closed","template":"","meta":{"_et_pb_use_builder":"","_et_pb_old_content":"","_et_gb_content_width":""},"product_brand":[],"product_cat":[148,7385,18],"product_tag":[],"class_list":{"0":"post-625552","1":"product","2":"type-product","3":"status-publish","4":"has-post-thumbnail","6":"product_cat-deportes","7":"product_cat-estimulacion-cognitiva-y-motora-para-adultos-mayores","8":"product_cat-motricidad-gruesa","9":"pa_edad-10-anos","10":"pa_edad-3-a-4-anos","11":"pa_edad-4-a-5-anos","12":"pa_edad-5-a-6-anos","13":"pa_edad-6-a-8-anos","14":"pa_edad-8-a-10-anos","15":"pa_marca-gymnic","16":"pa_medidas-18-cm-diametro-c-u","18":"first","19":"instock","20":"shipping-taxable","21":"purchasable","22":"product-type-simple"},"aioseo_notices":[],"_links":{"self":[{"href":"https:\/\/aukinkochile.com\/web\/wp-json\/wp\/v2\/product\/625552","targetHints":{"allow":["GET"]}}],"collection":[{"href":"https:\/\/aukinkochile.com\/web\/wp-json\/wp\/v2\/product"}],"about":[{"href":"https:\/\/aukinkochile.com\/web\/wp-json\/wp\/v2\/types\/product"}],"replies":[{"embeddable":true,"href":"https:\/\/aukinkochile.com\/web\/wp-json\/wp\/v2\/comments?post=625552"}],"wp:featuredmedia":[{"embeddable":true,"href":"https:\/\/aukinkochile.com\/web\/wp-json\/wp\/v2\/media\/625551"}],"wp:attachment":[{"href":"https:\/\/aukinkochile.com\/web\/wp-json\/wp\/v2\/media?parent=625552"}],"wp:term":[{"taxonomy":"product_brand","embeddable":true,"href":"https:\/\/aukinkochile.com\/web\/wp-json\/wp\/v2\/product_brand?post=625552"},{"taxonomy":"product_cat","embeddable":true,"href":"https:\/\/aukinkochile.com\/web\/wp-json\/wp\/v2\/product_cat?post=625552"},{"taxonomy":"product_tag","embeddable":true,"href":"https:\/\/aukinkochile.com\/web\/wp-json\/wp\/v2\/product_tag?post=625552"}],"curies":[{"name":"wp","href":"https:\/\/api.w.org\/{rel}","templated":true}]}}