{"id":625546,"date":"2023-11-15T19:32:22","date_gmt":"2023-11-15T19:32:22","guid":{"rendered":"https:\/\/aukinkochile.com\/web\/producto\/pelota-over-azul-23-cm\/"},"modified":"2025-06-26T16:15:56","modified_gmt":"2025-06-26T16:15:56","slug":"pelota-over-azul-23-cm","status":"publish","type":"product","link":"https:\/\/aukinkochile.com\/web\/producto\/pelota-over-azul-23-cm\/","title":{"rendered":"Pelota Over Azul 23 cm"},"content":{"rendered":"<p>Hermosa pelota de vinilo de alta calidad de 23 cm de di\u00e1metro. Recomendada para ni\u00f1os y ni\u00f1as a partir de 3 a\u00f1os. Color azul. Material suave y resistente.<\/p>\n<p><p><strong>Material : <\/strong> Vinyl<\/p>\n<p><strong>C\u00f3digo Aukinko : <\/strong> 19-18023<\/p>\n<p><strong>C\u00f3digo Convenio Marco : <\/strong> x<\/p>\n","protected":false},"excerpt":{"rendered":"<p>Hermosa pelota de vinilo de alta calidad de 23 cm de di\u00e1metro. Recomendada para ni\u00f1os y ni\u00f1as a partir de 3 a\u00f1os. Color azul. Material suave y resistente. Material : Vinyl C\u00f3digo Aukinko : 19-18023 C\u00f3digo Convenio Marco : x<\/p>\n","protected":false},"featured_media":625545,"comment_status":"open","ping_status":"closed","template":"","meta":{"_et_pb_use_builder":"","_et_pb_old_content":"","_et_gb_content_width":""},"product_brand":[],"product_cat":[148,7385,18],"product_tag":[],"class_list":{"0":"post-625546","1":"product","2":"type-product","3":"status-publish","4":"has-post-thumbnail","6":"product_cat-deportes","7":"product_cat-estimulacion-cognitiva-y-motora-para-adultos-mayores","8":"product_cat-motricidad-gruesa","9":"pa_edad-10-anos","10":"pa_edad-3-a-4-anos","11":"pa_edad-4-a-5-anos","12":"pa_edad-5-a-6-anos","13":"pa_edad-6-a-8-anos","14":"pa_edad-8-a-10-anos","15":"pa_marca-gymnic","16":"pa_medidas-23-cm","18":"first","19":"instock","20":"shipping-taxable","21":"purchasable","22":"product-type-simple"},"aioseo_notices":[],"_links":{"self":[{"href":"https:\/\/aukinkochile.com\/web\/wp-json\/wp\/v2\/product\/625546","targetHints":{"allow":["GET"]}}],"collection":[{"href":"https:\/\/aukinkochile.com\/web\/wp-json\/wp\/v2\/product"}],"about":[{"href":"https:\/\/aukinkochile.com\/web\/wp-json\/wp\/v2\/types\/product"}],"replies":[{"embeddable":true,"href":"https:\/\/aukinkochile.com\/web\/wp-json\/wp\/v2\/comments?post=625546"}],"wp:featuredmedia":[{"embeddable":true,"href":"https:\/\/aukinkochile.com\/web\/wp-json\/wp\/v2\/media\/625545"}],"wp:attachment":[{"href":"https:\/\/aukinkochile.com\/web\/wp-json\/wp\/v2\/media?parent=625546"}],"wp:term":[{"taxonomy":"product_brand","embeddable":true,"href":"https:\/\/aukinkochile.com\/web\/wp-json\/wp\/v2\/product_brand?post=625546"},{"taxonomy":"product_cat","embeddable":true,"href":"https:\/\/aukinkochile.com\/web\/wp-json\/wp\/v2\/product_cat?post=625546"},{"taxonomy":"product_tag","embeddable":true,"href":"https:\/\/aukinkochile.com\/web\/wp-json\/wp\/v2\/product_tag?post=625546"}],"curies":[{"name":"wp","href":"https:\/\/api.w.org\/{rel}","templated":true}]}}