{"id":625536,"date":"2023-11-15T19:32:18","date_gmt":"2023-11-15T19:32:18","guid":{"rendered":"https:\/\/aukinkochile.com\/web\/producto\/pelota-mini-4-cm-c-u\/"},"modified":"2023-11-15T19:33:51","modified_gmt":"2023-11-15T19:33:51","slug":"pelota-mini-4-cm-c-u","status":"publish","type":"product","link":"https:\/\/aukinkochile.com\/web\/producto\/pelota-mini-4-cm-c-u\/","title":{"rendered":"Pelota Mini 4 cm c\/u"},"content":{"rendered":"<p>Pelota de pl\u00e1stico en 4 brillantes colores (rojo, amarillo, verde y azul) f\u00e1ciles de agarrar. Se pueden utilizar en juegos de recreo tanto individuales como en grupo permitiendo una actividad did\u00e1ctica. Contienen una v\u00e1lvula universal para el inflado. De material suave, liviano y blando. Colores surtidos. Precio por unidad.<\/p>\n<p><p><strong>Material : <\/strong> VINILO<\/p>\n<p><strong>C\u00f3digo Aukinko : <\/strong> 19-18013<\/p>\n<p><strong>C\u00f3digo Convenio Marco : <\/strong> <\/p>\n","protected":false},"excerpt":{"rendered":"<p>Pelota de pl\u00e1stico en 4 brillantes colores (rojo, amarillo, verde y azul) f\u00e1ciles de agarrar. Se pueden utilizar en juegos de recreo tanto individuales como en grupo permitiendo una actividad did\u00e1ctica. Contienen una v\u00e1lvula universal para el inflado. De material suave, liviano y blando. Colores surtidos. Precio por unidad. Material : VINILO C\u00f3digo Aukinko : [&hellip;]<\/p>\n","protected":false},"featured_media":625535,"comment_status":"open","ping_status":"closed","template":"","meta":{"_et_pb_use_builder":"","_et_pb_old_content":"","_et_gb_content_width":""},"product_brand":[],"product_cat":[148,18],"product_tag":[],"class_list":{"0":"post-625536","1":"product","2":"type-product","3":"status-publish","4":"has-post-thumbnail","6":"product_cat-deportes","7":"product_cat-motricidad-gruesa","8":"pa_edad-10-anos","9":"pa_edad-3-a-4-anos","10":"pa_edad-4-a-5-anos","11":"pa_edad-5-a-6-anos","12":"pa_edad-6-a-8-anos","13":"pa_edad-8-a-10-anos","14":"pa_marca-gymnic","15":"pa_medidas-4-cm-diametro","17":"first","18":"instock","19":"shipping-taxable","20":"purchasable","21":"product-type-simple"},"aioseo_notices":[],"_links":{"self":[{"href":"https:\/\/aukinkochile.com\/web\/wp-json\/wp\/v2\/product\/625536","targetHints":{"allow":["GET"]}}],"collection":[{"href":"https:\/\/aukinkochile.com\/web\/wp-json\/wp\/v2\/product"}],"about":[{"href":"https:\/\/aukinkochile.com\/web\/wp-json\/wp\/v2\/types\/product"}],"replies":[{"embeddable":true,"href":"https:\/\/aukinkochile.com\/web\/wp-json\/wp\/v2\/comments?post=625536"}],"wp:featuredmedia":[{"embeddable":true,"href":"https:\/\/aukinkochile.com\/web\/wp-json\/wp\/v2\/media\/625535"}],"wp:attachment":[{"href":"https:\/\/aukinkochile.com\/web\/wp-json\/wp\/v2\/media?parent=625536"}],"wp:term":[{"taxonomy":"product_brand","embeddable":true,"href":"https:\/\/aukinkochile.com\/web\/wp-json\/wp\/v2\/product_brand?post=625536"},{"taxonomy":"product_cat","embeddable":true,"href":"https:\/\/aukinkochile.com\/web\/wp-json\/wp\/v2\/product_cat?post=625536"},{"taxonomy":"product_tag","embeddable":true,"href":"https:\/\/aukinkochile.com\/web\/wp-json\/wp\/v2\/product_tag?post=625536"}],"curies":[{"name":"wp","href":"https:\/\/api.w.org\/{rel}","templated":true}]}}