{"id":625259,"date":"2023-11-08T16:38:53","date_gmt":"2023-11-08T16:38:53","guid":{"rendered":"https:\/\/aukinkochile.com\/web\/producto\/construccion-octogonos-48-pz-2\/"},"modified":"2025-11-06T18:40:58","modified_gmt":"2025-11-06T18:40:58","slug":"construccion-octogonos-48-pz-2","status":"publish","type":"product","link":"https:\/\/aukinkochile.com\/web\/producto\/construccion-octogonos-48-pz-2\/","title":{"rendered":"Construcci\u00f3n Oct\u00f3gonos 48 pz"},"content":{"rendered":"<p>Hermoso juego para construir. Oct\u00f3gonos traslucidos combinados con 4 formas de conexi\u00f3n. Hay mas oportunidades de dise\u00f1o. Contiene 48 pz de pl\u00e1stico encajables y gu\u00eda con ejemplos ilustrados.<\/p>\n<p><p><strong>Material : <\/strong> Pl\u00e1stico<\/p>\n<p><strong>C\u00f3digo Aukinko : <\/strong> 08-21004837<\/p>\n<p><strong>C\u00f3digo Convenio Marco : <\/strong> x<\/p>\n","protected":false},"excerpt":{"rendered":"<p>Hermoso juego para construir. Oct\u00f3gonos traslucidos combinados con 4 formas de conexi\u00f3n. Hay mas oportunidades de dise\u00f1o. Contiene 48 pz de pl\u00e1stico encajables y gu\u00eda con ejemplos ilustrados. Material : Pl\u00e1stico C\u00f3digo Aukinko : 08-21004837 C\u00f3digo Convenio Marco : x<\/p>\n","protected":false},"featured_media":625258,"comment_status":"open","ping_status":"closed","template":"","meta":{"_et_pb_use_builder":"","_et_pb_old_content":"","_et_gb_content_width":""},"product_brand":[],"product_cat":[19,20],"product_tag":[],"class_list":{"0":"post-625259","1":"product","2":"type-product","3":"status-publish","4":"has-post-thumbnail","6":"product_cat-construccion","7":"product_cat-motricidad-fina","8":"pa_edad-10-anos","9":"pa_edad-4-a-5-anos","10":"pa_edad-5-a-6-anos","11":"pa_edad-6-a-8-anos","12":"pa_edad-8-a-10-anos","13":"pa_marca-galt","14":"pa_medidas-28-x-5-x-20-cm","16":"first","17":"instock","18":"shipping-taxable","19":"purchasable","20":"product-type-simple"},"aioseo_notices":[],"_links":{"self":[{"href":"https:\/\/aukinkochile.com\/web\/wp-json\/wp\/v2\/product\/625259","targetHints":{"allow":["GET"]}}],"collection":[{"href":"https:\/\/aukinkochile.com\/web\/wp-json\/wp\/v2\/product"}],"about":[{"href":"https:\/\/aukinkochile.com\/web\/wp-json\/wp\/v2\/types\/product"}],"replies":[{"embeddable":true,"href":"https:\/\/aukinkochile.com\/web\/wp-json\/wp\/v2\/comments?post=625259"}],"wp:featuredmedia":[{"embeddable":true,"href":"https:\/\/aukinkochile.com\/web\/wp-json\/wp\/v2\/media\/625258"}],"wp:attachment":[{"href":"https:\/\/aukinkochile.com\/web\/wp-json\/wp\/v2\/media?parent=625259"}],"wp:term":[{"taxonomy":"product_brand","embeddable":true,"href":"https:\/\/aukinkochile.com\/web\/wp-json\/wp\/v2\/product_brand?post=625259"},{"taxonomy":"product_cat","embeddable":true,"href":"https:\/\/aukinkochile.com\/web\/wp-json\/wp\/v2\/product_cat?post=625259"},{"taxonomy":"product_tag","embeddable":true,"href":"https:\/\/aukinkochile.com\/web\/wp-json\/wp\/v2\/product_tag?post=625259"}],"curies":[{"name":"wp","href":"https:\/\/api.w.org\/{rel}","templated":true}]}}