{"id":624775,"date":"2023-11-07T16:20:12","date_gmt":"2023-11-07T16:20:12","guid":{"rendered":"https:\/\/aukinkochile.com\/web\/producto\/pelota-knobby-color-125-cm-c-u\/"},"modified":"2024-05-02T18:25:44","modified_gmt":"2024-05-02T18:25:44","slug":"pelota-knobby-color-125-cm-c-u","status":"publish","type":"product","link":"https:\/\/aukinkochile.com\/web\/producto\/pelota-knobby-color-125-cm-c-u\/","title":{"rendered":"Pelota Knobby Color 12,5 Cm c\/u"},"content":{"rendered":"<p>Hermosa pelota de 13 cm de di\u00e1metro con peque\u00f1os relieves para estimulaci\u00f3n sensorial. De material suave y resistente. Colores surtidos. Precio por unidad.<\/p>\n<p><p><strong>Material : <\/strong> Goma<\/p>\n<p><strong>C\u00f3digo Aukinko : <\/strong> 08-853891<\/p>\n<p><strong>C\u00f3digo Convenio Marco : <\/strong> x<\/p>\n","protected":false},"excerpt":{"rendered":"<p>Hermosa pelota de 13 cm de di\u00e1metro con peque\u00f1os relieves para estimulaci\u00f3n sensorial. De material suave y resistente. Colores surtidos. Precio por unidad. Material : Goma C\u00f3digo Aukinko : 08-853891 C\u00f3digo Convenio Marco : x<\/p>\n","protected":false},"featured_media":624774,"comment_status":"open","ping_status":"closed","template":"","meta":{"_et_pb_use_builder":"","_et_pb_old_content":"","_et_gb_content_width":""},"product_brand":[],"product_cat":[148,18],"product_tag":[],"class_list":{"0":"post-624775","1":"product","2":"type-product","3":"status-publish","4":"has-post-thumbnail","6":"product_cat-deportes","7":"product_cat-motricidad-gruesa","8":"pa_edad-0-a-1-ano","9":"pa_edad-1-a-2-anos","10":"pa_edad-2-a-3-anos","11":"pa_marca-john","12":"pa_medidas-13-cm-diametro","14":"first","15":"instock","16":"shipping-taxable","17":"purchasable","18":"product-type-simple"},"aioseo_notices":[],"_links":{"self":[{"href":"https:\/\/aukinkochile.com\/web\/wp-json\/wp\/v2\/product\/624775","targetHints":{"allow":["GET"]}}],"collection":[{"href":"https:\/\/aukinkochile.com\/web\/wp-json\/wp\/v2\/product"}],"about":[{"href":"https:\/\/aukinkochile.com\/web\/wp-json\/wp\/v2\/types\/product"}],"replies":[{"embeddable":true,"href":"https:\/\/aukinkochile.com\/web\/wp-json\/wp\/v2\/comments?post=624775"}],"wp:featuredmedia":[{"embeddable":true,"href":"https:\/\/aukinkochile.com\/web\/wp-json\/wp\/v2\/media\/624774"}],"wp:attachment":[{"href":"https:\/\/aukinkochile.com\/web\/wp-json\/wp\/v2\/media?parent=624775"}],"wp:term":[{"taxonomy":"product_brand","embeddable":true,"href":"https:\/\/aukinkochile.com\/web\/wp-json\/wp\/v2\/product_brand?post=624775"},{"taxonomy":"product_cat","embeddable":true,"href":"https:\/\/aukinkochile.com\/web\/wp-json\/wp\/v2\/product_cat?post=624775"},{"taxonomy":"product_tag","embeddable":true,"href":"https:\/\/aukinkochile.com\/web\/wp-json\/wp\/v2\/product_tag?post=624775"}],"curies":[{"name":"wp","href":"https:\/\/api.w.org\/{rel}","templated":true}]}}