{"id":624773,"date":"2023-11-07T16:20:11","date_gmt":"2023-11-07T16:20:11","guid":{"rendered":"https:\/\/aukinkochile.com\/web\/producto\/saltador-saturno-surtido-c-u\/"},"modified":"2024-05-02T18:25:30","modified_gmt":"2024-05-02T18:25:30","slug":"saltador-saturno-surtido-c-u","status":"publish","type":"product","link":"https:\/\/aukinkochile.com\/web\/producto\/saltador-saturno-surtido-c-u\/","title":{"rendered":"Saltador Saturno Surtido c\/u"},"content":{"rendered":"<p>Divertido juego de equilibrio para estimular el desarrollo de la motricidad gruesa de una forma muy divertida, adem\u00e1s ni\u00f1as y ni\u00f1os ganar\u00e1n confianza en sus propias habilidades motoras. De material suave y resistente. Dise\u00f1os surtidos. Precio por unidad.<\/p>\n<p><p><strong>Material : <\/strong> Goma<\/p>\n<p><strong>C\u00f3digo Aukinko : <\/strong> 08-820159<\/p>\n<p><strong>C\u00f3digo Convenio Marco : <\/strong> x<\/p>\n","protected":false},"excerpt":{"rendered":"<p>Divertido juego de equilibrio para estimular el desarrollo de la motricidad gruesa de una forma muy divertida, adem\u00e1s ni\u00f1as y ni\u00f1os ganar\u00e1n confianza en sus propias habilidades motoras. De material suave y resistente. Dise\u00f1os surtidos. Precio por unidad. Material : Goma C\u00f3digo Aukinko : 08-820159 C\u00f3digo Convenio Marco : x<\/p>\n","protected":false},"featured_media":624772,"comment_status":"open","ping_status":"closed","template":"","meta":{"_et_pb_use_builder":"","_et_pb_old_content":"","_et_gb_content_width":""},"product_brand":[],"product_cat":[148,18],"product_tag":[],"class_list":{"0":"post-624773","1":"product","2":"type-product","3":"status-publish","4":"has-post-thumbnail","6":"product_cat-deportes","7":"product_cat-motricidad-gruesa","8":"pa_edad-10-anos","9":"pa_edad-6-a-8-anos","10":"pa_edad-8-a-10-anos","11":"pa_marca-john","12":"pa_medidas-38-cm","14":"first","15":"instock","16":"shipping-taxable","17":"purchasable","18":"product-type-simple"},"aioseo_notices":[],"_links":{"self":[{"href":"https:\/\/aukinkochile.com\/web\/wp-json\/wp\/v2\/product\/624773","targetHints":{"allow":["GET"]}}],"collection":[{"href":"https:\/\/aukinkochile.com\/web\/wp-json\/wp\/v2\/product"}],"about":[{"href":"https:\/\/aukinkochile.com\/web\/wp-json\/wp\/v2\/types\/product"}],"replies":[{"embeddable":true,"href":"https:\/\/aukinkochile.com\/web\/wp-json\/wp\/v2\/comments?post=624773"}],"wp:featuredmedia":[{"embeddable":true,"href":"https:\/\/aukinkochile.com\/web\/wp-json\/wp\/v2\/media\/624772"}],"wp:attachment":[{"href":"https:\/\/aukinkochile.com\/web\/wp-json\/wp\/v2\/media?parent=624773"}],"wp:term":[{"taxonomy":"product_brand","embeddable":true,"href":"https:\/\/aukinkochile.com\/web\/wp-json\/wp\/v2\/product_brand?post=624773"},{"taxonomy":"product_cat","embeddable":true,"href":"https:\/\/aukinkochile.com\/web\/wp-json\/wp\/v2\/product_cat?post=624773"},{"taxonomy":"product_tag","embeddable":true,"href":"https:\/\/aukinkochile.com\/web\/wp-json\/wp\/v2\/product_tag?post=624773"}],"curies":[{"name":"wp","href":"https:\/\/api.w.org\/{rel}","templated":true}]}}