{"id":624766,"date":"2023-11-03T14:03:38","date_gmt":"2023-11-03T14:03:38","guid":{"rendered":"https:\/\/aukinkochile.com\/web\/producto\/puzle-madera-relieve-5-pz-bosque\/"},"modified":"2025-04-22T14:25:10","modified_gmt":"2025-04-22T14:25:10","slug":"puzle-madera-relieve-5-pz-bosque","status":"publish","type":"product","link":"https:\/\/aukinkochile.com\/web\/producto\/puzle-madera-relieve-5-pz-bosque\/","title":{"rendered":"Puzle Madera Relieve 5 pz Bosque"},"content":{"rendered":"<p>Hermoso Puzle de relieve con ilustraciones del bosque, 5 divertidos animales para encajar en la base del puzle con los que los ni\u00f1os y ni\u00f1as podr\u00e1n crear historias desarrollando as\u00ed el lenguaje, las habilidades sociales, la motricidad fina y mucho mas. Un completo juego de material suave y resistente. Fabricado en madera. De colores vivos.<\/p>\n<p><p><strong>Material : <\/strong> Madera<\/p>\n<p><strong>C\u00f3digo Aukinko : <\/strong> 18-244663<\/p>\n<p><strong>C\u00f3digo Convenio Marco : <\/strong> x<\/p>\n","protected":false},"excerpt":{"rendered":"<p>Hermoso Puzle de relieve con ilustraciones del bosque, 5 divertidos animales para encajar en la base del puzle con los que los ni\u00f1os y ni\u00f1as podr\u00e1n crear historias desarrollando as\u00ed el lenguaje, las habilidades sociales, la motricidad fina y mucho mas. Un completo juego de material suave y resistente. Fabricado en madera. De colores vivos. [&hellip;]<\/p>\n","protected":false},"featured_media":624765,"comment_status":"open","ping_status":"closed","template":"","meta":{"_et_pb_use_builder":"","_et_pb_old_content":"","_et_gb_content_width":""},"product_brand":[],"product_cat":[22],"product_tag":[],"class_list":{"0":"post-624766","1":"product","2":"type-product","3":"status-publish","4":"has-post-thumbnail","6":"product_cat-puzzles","7":"pa_edad-1-a-2-anos","8":"pa_edad-2-a-3-anos","9":"pa_edad-3-a-4-anos","10":"pa_marca-viga","11":"pa_medidas-22-x-22-x-1","12":"pa_medidas-7-cm","14":"first","15":"instock","16":"shipping-taxable","17":"purchasable","18":"product-type-simple"},"aioseo_notices":[],"_links":{"self":[{"href":"https:\/\/aukinkochile.com\/web\/wp-json\/wp\/v2\/product\/624766","targetHints":{"allow":["GET"]}}],"collection":[{"href":"https:\/\/aukinkochile.com\/web\/wp-json\/wp\/v2\/product"}],"about":[{"href":"https:\/\/aukinkochile.com\/web\/wp-json\/wp\/v2\/types\/product"}],"replies":[{"embeddable":true,"href":"https:\/\/aukinkochile.com\/web\/wp-json\/wp\/v2\/comments?post=624766"}],"wp:featuredmedia":[{"embeddable":true,"href":"https:\/\/aukinkochile.com\/web\/wp-json\/wp\/v2\/media\/624765"}],"wp:attachment":[{"href":"https:\/\/aukinkochile.com\/web\/wp-json\/wp\/v2\/media?parent=624766"}],"wp:term":[{"taxonomy":"product_brand","embeddable":true,"href":"https:\/\/aukinkochile.com\/web\/wp-json\/wp\/v2\/product_brand?post=624766"},{"taxonomy":"product_cat","embeddable":true,"href":"https:\/\/aukinkochile.com\/web\/wp-json\/wp\/v2\/product_cat?post=624766"},{"taxonomy":"product_tag","embeddable":true,"href":"https:\/\/aukinkochile.com\/web\/wp-json\/wp\/v2\/product_tag?post=624766"}],"curies":[{"name":"wp","href":"https:\/\/api.w.org\/{rel}","templated":true}]}}