{"id":624746,"date":"2023-11-03T14:03:32","date_gmt":"2023-11-03T14:03:32","guid":{"rendered":"https:\/\/aukinkochile.com\/web\/producto\/trompo-madera-c-u\/"},"modified":"2025-11-06T20:08:40","modified_gmt":"2025-11-06T20:08:40","slug":"trompo-madera-c-u","status":"publish","type":"product","link":"https:\/\/aukinkochile.com\/web\/producto\/trompo-madera-c-u\/","title":{"rendered":"Trompo Madera c\/u"},"content":{"rendered":"<p>Divertido y cl\u00e1sico juego trompo multicolor de madera en 6 dise\u00f1os diferentes. Divi\u00e9rtete jugando con los dedos y observando a los trompos. De excelente calidad y dise\u00f1o. Precio por unidad. Fabricado en material suave y resistente.<\/p>\n<p><p><strong>Material : <\/strong> Madera<\/p>\n<p><strong>C\u00f3digo Aukinko : <\/strong> 18-253906<\/p>\n<p><strong>C\u00f3digo Convenio Marco : <\/strong> x<\/p>\n","protected":false},"excerpt":{"rendered":"<p>Divertido y cl\u00e1sico juego trompo multicolor de madera en 6 dise\u00f1os diferentes. Divi\u00e9rtete jugando con los dedos y observando a los trompos. De excelente calidad y dise\u00f1o. Precio por unidad. Fabricado en material suave y resistente. Material : Madera C\u00f3digo Aukinko : 18-253906 C\u00f3digo Convenio Marco : x<\/p>\n","protected":false},"featured_media":624745,"comment_status":"open","ping_status":"closed","template":"","meta":{"_et_pb_use_builder":"","_et_pb_old_content":"","_et_gb_content_width":""},"product_brand":[],"product_cat":[1005,18],"product_tag":[],"class_list":{"0":"post-624746","1":"product","2":"type-product","3":"status-publish","4":"has-post-thumbnail","6":"product_cat-accesorios-patio","7":"product_cat-motricidad-gruesa","8":"pa_edad-3-a-4-anos","9":"pa_edad-4-a-5-anos","10":"pa_edad-5-a-6-anos","11":"pa_edad-6-a-8-anos","12":"pa_edad-8-a-10-anos","13":"pa_marca-viga","14":"pa_medidas-5-x-5-cm-diametro","16":"first","17":"instock","18":"shipping-taxable","19":"purchasable","20":"product-type-simple"},"aioseo_notices":[],"_links":{"self":[{"href":"https:\/\/aukinkochile.com\/web\/wp-json\/wp\/v2\/product\/624746","targetHints":{"allow":["GET"]}}],"collection":[{"href":"https:\/\/aukinkochile.com\/web\/wp-json\/wp\/v2\/product"}],"about":[{"href":"https:\/\/aukinkochile.com\/web\/wp-json\/wp\/v2\/types\/product"}],"replies":[{"embeddable":true,"href":"https:\/\/aukinkochile.com\/web\/wp-json\/wp\/v2\/comments?post=624746"}],"wp:featuredmedia":[{"embeddable":true,"href":"https:\/\/aukinkochile.com\/web\/wp-json\/wp\/v2\/media\/624745"}],"wp:attachment":[{"href":"https:\/\/aukinkochile.com\/web\/wp-json\/wp\/v2\/media?parent=624746"}],"wp:term":[{"taxonomy":"product_brand","embeddable":true,"href":"https:\/\/aukinkochile.com\/web\/wp-json\/wp\/v2\/product_brand?post=624746"},{"taxonomy":"product_cat","embeddable":true,"href":"https:\/\/aukinkochile.com\/web\/wp-json\/wp\/v2\/product_cat?post=624746"},{"taxonomy":"product_tag","embeddable":true,"href":"https:\/\/aukinkochile.com\/web\/wp-json\/wp\/v2\/product_tag?post=624746"}],"curies":[{"name":"wp","href":"https:\/\/api.w.org\/{rel}","templated":true}]}}