{"id":624732,"date":"2023-11-03T14:03:28","date_gmt":"2023-11-03T14:03:28","guid":{"rendered":"https:\/\/aukinkochile.com\/web\/producto\/juego-didactico-caja-registradora\/"},"modified":"2025-11-06T19:00:53","modified_gmt":"2025-11-06T19:00:53","slug":"juego-didactico-caja-registradora","status":"publish","type":"product","link":"https:\/\/aukinkochile.com\/web\/producto\/juego-didactico-caja-registradora\/","title":{"rendered":"Caja Registradora Madera"},"content":{"rendered":"<p>Divertid maquina registradora que incluye un scanner, una tarjeta de cr\u00e9dito, algunas monedas y billetes, ideal para pasar horas de diversi\u00f3n en juegos de rol. Este juego anima el desarrollo de las habilidades matem\u00e1ticas y sociales de una forma muy entretenidas. Los botones grandes del teclado son f\u00e1ciles de presionar para las manos peque\u00f1as. Fabricado en material suave y resistente.<\/p>\n<p><p><strong>Material : <\/strong> Madera<\/p>\n<p><strong>C\u00f3digo Aukinko : <\/strong> 18-244527<\/p>\n<p><strong>C\u00f3digo Convenio Marco : <\/strong> x<\/p>\n","protected":false},"excerpt":{"rendered":"<p>Divertid maquina registradora que incluye un scanner, una tarjeta de cr\u00e9dito, algunas monedas y billetes, ideal para pasar horas de diversi\u00f3n en juegos de rol. Este juego anima el desarrollo de las habilidades matem\u00e1ticas y sociales de una forma muy entretenidas. Los botones grandes del teclado son f\u00e1ciles de presionar para las manos peque\u00f1as. Fabricado [&hellip;]<\/p>\n","protected":false},"featured_media":624731,"comment_status":"open","ping_status":"closed","template":"","meta":{"_et_pb_use_builder":"","_et_pb_old_content":"","_et_gb_content_width":""},"product_brand":[],"product_cat":[17],"product_tag":[],"class_list":{"0":"post-624732","1":"product","2":"type-product","3":"status-publish","4":"has-post-thumbnail","6":"product_cat-juegos-de-rol","7":"pa_edad-3-a-4-anos","8":"pa_edad-4-a-5-anos","9":"pa_edad-5-a-6-anos","10":"pa_marca-viga","11":"pa_medidas-4415","12":"pa_medidas-5-cm","13":"pa_medidas-5-x-20-x-16","15":"first","16":"instock","17":"shipping-taxable","18":"purchasable","19":"product-type-simple"},"aioseo_notices":[],"_links":{"self":[{"href":"https:\/\/aukinkochile.com\/web\/wp-json\/wp\/v2\/product\/624732","targetHints":{"allow":["GET"]}}],"collection":[{"href":"https:\/\/aukinkochile.com\/web\/wp-json\/wp\/v2\/product"}],"about":[{"href":"https:\/\/aukinkochile.com\/web\/wp-json\/wp\/v2\/types\/product"}],"replies":[{"embeddable":true,"href":"https:\/\/aukinkochile.com\/web\/wp-json\/wp\/v2\/comments?post=624732"}],"wp:featuredmedia":[{"embeddable":true,"href":"https:\/\/aukinkochile.com\/web\/wp-json\/wp\/v2\/media\/624731"}],"wp:attachment":[{"href":"https:\/\/aukinkochile.com\/web\/wp-json\/wp\/v2\/media?parent=624732"}],"wp:term":[{"taxonomy":"product_brand","embeddable":true,"href":"https:\/\/aukinkochile.com\/web\/wp-json\/wp\/v2\/product_brand?post=624732"},{"taxonomy":"product_cat","embeddable":true,"href":"https:\/\/aukinkochile.com\/web\/wp-json\/wp\/v2\/product_cat?post=624732"},{"taxonomy":"product_tag","embeddable":true,"href":"https:\/\/aukinkochile.com\/web\/wp-json\/wp\/v2\/product_tag?post=624732"}],"curies":[{"name":"wp","href":"https:\/\/api.w.org\/{rel}","templated":true}]}}