{"id":623881,"date":"2023-10-18T17:27:15","date_gmt":"2023-10-18T17:27:15","guid":{"rendered":"https:\/\/aukinkochile.com\/web\/producto\/golpear-gallina-tapatou\/"},"modified":"2025-08-05T22:13:04","modified_gmt":"2025-08-05T22:13:04","slug":"golpear-gallina-tapatou","status":"publish","type":"product","link":"https:\/\/aukinkochile.com\/web\/producto\/golpear-gallina-tapatou\/","title":{"rendered":"Golpear Gallina Tapatou"},"content":{"rendered":"<p>Al golpear con el divertido martillo los huevos de la gallina salen de su barriga. Entretenido juego para estimular la motricidad gruesa de los ni\u00f1os peque\u00f1os, con un hermoso dise\u00f1o de Djeco.<\/p>\n<p><p><strong>Material : <\/strong> Madera<\/p>\n<p><strong>C\u00f3digo Aukinko : <\/strong> 14-56305<\/p>\n<p><strong>C\u00f3digo Convenio Marco : <\/strong> x<\/p>\n","protected":false},"excerpt":{"rendered":"<p>Al golpear con el divertido martillo los huevos de la gallina salen de su barriga. Entretenido juego para estimular la motricidad gruesa de los ni\u00f1os peque\u00f1os, con un hermoso dise\u00f1o de Djeco. Material : Madera C\u00f3digo Aukinko : 14-56305 C\u00f3digo Convenio Marco : x<\/p>\n","protected":false},"featured_media":623880,"comment_status":"open","ping_status":"closed","template":"","meta":{"_et_pb_use_builder":"","_et_pb_old_content":"","_et_gb_content_width":""},"product_brand":[],"product_cat":[18,23],"product_tag":[],"class_list":{"0":"post-623881","1":"product","2":"type-product","3":"status-publish","4":"has-post-thumbnail","6":"product_cat-motricidad-gruesa","7":"product_cat-primeros-anos","8":"pa_edad-1-a-2-anos","9":"pa_edad-2-a-3-anos","10":"pa_marca-djeco","11":"pa_medidas-4453","12":"pa_medidas-7-x-18","13":"pa_medidas-8-x-16-cm","15":"first","16":"instock","17":"shipping-taxable","18":"purchasable","19":"product-type-simple"},"aioseo_notices":[],"_links":{"self":[{"href":"https:\/\/aukinkochile.com\/web\/wp-json\/wp\/v2\/product\/623881","targetHints":{"allow":["GET"]}}],"collection":[{"href":"https:\/\/aukinkochile.com\/web\/wp-json\/wp\/v2\/product"}],"about":[{"href":"https:\/\/aukinkochile.com\/web\/wp-json\/wp\/v2\/types\/product"}],"replies":[{"embeddable":true,"href":"https:\/\/aukinkochile.com\/web\/wp-json\/wp\/v2\/comments?post=623881"}],"wp:featuredmedia":[{"embeddable":true,"href":"https:\/\/aukinkochile.com\/web\/wp-json\/wp\/v2\/media\/623880"}],"wp:attachment":[{"href":"https:\/\/aukinkochile.com\/web\/wp-json\/wp\/v2\/media?parent=623881"}],"wp:term":[{"taxonomy":"product_brand","embeddable":true,"href":"https:\/\/aukinkochile.com\/web\/wp-json\/wp\/v2\/product_brand?post=623881"},{"taxonomy":"product_cat","embeddable":true,"href":"https:\/\/aukinkochile.com\/web\/wp-json\/wp\/v2\/product_cat?post=623881"},{"taxonomy":"product_tag","embeddable":true,"href":"https:\/\/aukinkochile.com\/web\/wp-json\/wp\/v2\/product_tag?post=623881"}],"curies":[{"name":"wp","href":"https:\/\/api.w.org\/{rel}","templated":true}]}}