{"id":623850,"date":"2023-10-18T17:27:06","date_gmt":"2023-10-18T17:27:06","guid":{"rendered":"https:\/\/aukinkochile.com\/web\/producto\/circuito-madera-ziggo-52-pz-musica\/"},"modified":"2025-08-05T22:13:00","modified_gmt":"2025-08-05T22:13:00","slug":"circuito-madera-ziggo-52-pz-musica","status":"publish","type":"product","link":"https:\/\/aukinkochile.com\/web\/producto\/circuito-madera-ziggo-52-pz-musica\/","title":{"rendered":"Circuito Madera Zig &#038; Go 52 pz M\u00fasica"},"content":{"rendered":"<p>D\u00e9jate cautivar por este juego de construcci\u00f3n de reacci\u00f3n en cadena de 52 piezas. Un gran juguete de introducci\u00f3n para aprender conceptos f\u00edsicos como gravedad, fuerza e impulso, y c\u00f3mo se puede crear una reacci\u00f3n en cadena. Este juego de 52 piezas con domin\u00f3 de madera, bolas y componentes inspirar\u00e1 la creatividad y desarrollar\u00e1 habilidades como la resoluci\u00f3n de problemas y el pensamiento cr\u00edtico. Incluye folleto de instrucciones.<\/p>\n<p><p><strong>Material : <\/strong> Madera<\/p>\n<p><strong>C\u00f3digo Aukinko : <\/strong> 14-55645<\/p>\n<p><strong>C\u00f3digo Convenio Marco : <\/strong> x<\/p>\n","protected":false},"excerpt":{"rendered":"<p>D\u00e9jate cautivar por este juego de construcci\u00f3n de reacci\u00f3n en cadena de 52 piezas. Un gran juguete de introducci\u00f3n para aprender conceptos f\u00edsicos como gravedad, fuerza e impulso, y c\u00f3mo se puede crear una reacci\u00f3n en cadena. Este juego de 52 piezas con domin\u00f3 de madera, bolas y componentes inspirar\u00e1 la creatividad y desarrollar\u00e1 habilidades [&hellip;]<\/p>\n","protected":false},"featured_media":602218,"comment_status":"open","ping_status":"closed","template":"","meta":{"_et_pb_use_builder":"","_et_pb_old_content":"","_et_gb_content_width":""},"product_brand":[],"product_cat":[21,19,20],"product_tag":[],"class_list":{"0":"post-623850","1":"product","2":"type-product","3":"status-publish","4":"has-post-thumbnail","6":"product_cat-arte-y-manipulacion","7":"product_cat-construccion","8":"product_cat-motricidad-fina","9":"pa_edad-10-anos","10":"pa_edad-8-a-10-anos","11":"pa_marca-djeco","12":"pa_medidas-1-x-5","13":"pa_medidas-4362","14":"pa_medidas-6-x-33-cm","16":"first","17":"instock","18":"shipping-taxable","19":"purchasable","20":"product-type-simple"},"aioseo_notices":[],"_links":{"self":[{"href":"https:\/\/aukinkochile.com\/web\/wp-json\/wp\/v2\/product\/623850","targetHints":{"allow":["GET"]}}],"collection":[{"href":"https:\/\/aukinkochile.com\/web\/wp-json\/wp\/v2\/product"}],"about":[{"href":"https:\/\/aukinkochile.com\/web\/wp-json\/wp\/v2\/types\/product"}],"replies":[{"embeddable":true,"href":"https:\/\/aukinkochile.com\/web\/wp-json\/wp\/v2\/comments?post=623850"}],"wp:featuredmedia":[{"embeddable":true,"href":"https:\/\/aukinkochile.com\/web\/wp-json\/wp\/v2\/media\/602218"}],"wp:attachment":[{"href":"https:\/\/aukinkochile.com\/web\/wp-json\/wp\/v2\/media?parent=623850"}],"wp:term":[{"taxonomy":"product_brand","embeddable":true,"href":"https:\/\/aukinkochile.com\/web\/wp-json\/wp\/v2\/product_brand?post=623850"},{"taxonomy":"product_cat","embeddable":true,"href":"https:\/\/aukinkochile.com\/web\/wp-json\/wp\/v2\/product_cat?post=623850"},{"taxonomy":"product_tag","embeddable":true,"href":"https:\/\/aukinkochile.com\/web\/wp-json\/wp\/v2\/product_tag?post=623850"}],"curies":[{"name":"wp","href":"https:\/\/api.w.org\/{rel}","templated":true}]}}