{"id":623098,"date":"2023-08-18T17:56:05","date_gmt":"2023-08-18T17:56:05","guid":{"rendered":"https:\/\/aukinkochile.com\/web\/producto\/teatro-marionetas-con-varilla\/"},"modified":"2023-10-23T19:35:38","modified_gmt":"2023-10-23T19:35:38","slug":"teatro-marionetas-con-varilla","status":"publish","type":"product","link":"https:\/\/aukinkochile.com\/web\/producto\/teatro-marionetas-con-varilla\/","title":{"rendered":"Teatro Marionetas con Varilla"},"content":{"rendered":"<p>Teatro de madera con varillas. Un universo de sue\u00f1os y fantas\u00edas para imaginar historias extraordinarias. Con una escena, un tel\u00f3n ascendente, 2 juegos deslizantes y 5 marionetas (monstruo, pirata, la carroza, peque\u00f1a hada y bruja) con varilla que se controlan por el techo del teatro por unas ranuras. F\u00e1cil de montar. De madera detalladamente ilustrado y decorado al estilo italiano. Dimensiones del teatro 58 x 27 x 38 cm. (Las cajas no est\u00e1n en buen estado)<\/p>\n<p><p><strong>Material : <\/strong> MADERA <\/p>\n<p><strong>C\u00f3digo Aukinko : <\/strong> 07-20803<\/p>\n<p><strong>C\u00f3digo Convenio Marco : <\/strong> <\/p>\n","protected":false},"excerpt":{"rendered":"<p>Teatro de madera con varillas. Un universo de sue\u00f1os y fantas\u00edas para imaginar historias extraordinarias. Con una escena, un tel\u00f3n ascendente, 2 juegos deslizantes y 5 marionetas (monstruo, pirata, la carroza, peque\u00f1a hada y bruja) con varilla que se controlan por el techo del teatro por unas ranuras. F\u00e1cil de montar. De madera detalladamente ilustrado [&hellip;]<\/p>\n","protected":false},"featured_media":623097,"comment_status":"open","ping_status":"closed","template":"","meta":{"_et_pb_use_builder":"","_et_pb_old_content":"","_et_gb_content_width":""},"product_brand":[],"product_cat":[21],"product_tag":[],"class_list":{"0":"post-623098","1":"product","2":"type-product","3":"status-publish","4":"has-post-thumbnail","6":"product_cat-arte-y-manipulacion","7":"pa_edad-10-anos","8":"pa_edad-6-a-8-anos","9":"pa_edad-8-a-10-anos","10":"pa_marca-jb-bois","12":"first","13":"instock","14":"sale","15":"shipping-taxable","16":"purchasable","17":"product-type-simple"},"aioseo_notices":[],"_links":{"self":[{"href":"https:\/\/aukinkochile.com\/web\/wp-json\/wp\/v2\/product\/623098","targetHints":{"allow":["GET"]}}],"collection":[{"href":"https:\/\/aukinkochile.com\/web\/wp-json\/wp\/v2\/product"}],"about":[{"href":"https:\/\/aukinkochile.com\/web\/wp-json\/wp\/v2\/types\/product"}],"replies":[{"embeddable":true,"href":"https:\/\/aukinkochile.com\/web\/wp-json\/wp\/v2\/comments?post=623098"}],"wp:featuredmedia":[{"embeddable":true,"href":"https:\/\/aukinkochile.com\/web\/wp-json\/wp\/v2\/media\/623097"}],"wp:attachment":[{"href":"https:\/\/aukinkochile.com\/web\/wp-json\/wp\/v2\/media?parent=623098"}],"wp:term":[{"taxonomy":"product_brand","embeddable":true,"href":"https:\/\/aukinkochile.com\/web\/wp-json\/wp\/v2\/product_brand?post=623098"},{"taxonomy":"product_cat","embeddable":true,"href":"https:\/\/aukinkochile.com\/web\/wp-json\/wp\/v2\/product_cat?post=623098"},{"taxonomy":"product_tag","embeddable":true,"href":"https:\/\/aukinkochile.com\/web\/wp-json\/wp\/v2\/product_tag?post=623098"}],"curies":[{"name":"wp","href":"https:\/\/api.w.org\/{rel}","templated":true}]}}