{"id":623088,"date":"2023-08-18T17:56:03","date_gmt":"2023-08-18T17:56:03","guid":{"rendered":"https:\/\/aukinkochile.com\/web\/producto\/paracaidas-4-tomadores-set-6\/"},"modified":"2025-06-26T16:15:19","modified_gmt":"2025-06-26T16:15:19","slug":"paracaidas-4-tomadores-set-6","status":"publish","type":"product","link":"https:\/\/aukinkochile.com\/web\/producto\/paracaidas-4-tomadores-set-6\/","title":{"rendered":"Paraca\u00eddas 4 Tomadores set 6 pz"},"content":{"rendered":"<p>Set de 6 paraca\u00eddas con 4 agarraderas cada uno para desarrollar trabajo en equipo, la comunicaci\u00f3n, la cooperaci\u00f3n y habilidades motoras. De 6 colores diferentes. Para ser utilizados por 2 personas. Material ultra resistente y durable. Colores surtidos.<\/p>\n<p><p><strong>Material : <\/strong> Poli\u00e9ster<\/p>\n<p><strong>C\u00f3digo Aukinko : <\/strong> 16-1023<\/p>\n<p><strong>C\u00f3digo Convenio Marco : <\/strong> x<\/p>\n","protected":false},"excerpt":{"rendered":"<p>Set de 6 paraca\u00eddas con 4 agarraderas cada uno para desarrollar trabajo en equipo, la comunicaci\u00f3n, la cooperaci\u00f3n y habilidades motoras. De 6 colores diferentes. Para ser utilizados por 2 personas. Material ultra resistente y durable. Colores surtidos. Material : Poli\u00e9ster C\u00f3digo Aukinko : 16-1023 C\u00f3digo Convenio Marco : x<\/p>\n","protected":false},"featured_media":623087,"comment_status":"open","ping_status":"closed","template":"","meta":{"_et_pb_use_builder":"","_et_pb_old_content":"","_et_gb_content_width":""},"product_brand":[],"product_cat":[1005,91,148,7385,18],"product_tag":[],"class_list":{"0":"post-623088","1":"product","2":"type-product","3":"status-publish","4":"has-post-thumbnail","6":"product_cat-accesorios-patio","7":"product_cat-accesorios-sala","8":"product_cat-deportes","9":"product_cat-estimulacion-cognitiva-y-motora-para-adultos-mayores","10":"product_cat-motricidad-gruesa","11":"pa_edad-3-a-4-anos","12":"pa_edad-4-a-5-anos","13":"pa_edad-5-a-6-anos","14":"pa_marca-aukinko","15":"pa_medidas-4539","16":"pa_medidas-30-cm-x-83-cm-c-u","18":"first","19":"instock","20":"shipping-taxable","21":"purchasable","22":"product-type-simple"},"aioseo_notices":[],"_links":{"self":[{"href":"https:\/\/aukinkochile.com\/web\/wp-json\/wp\/v2\/product\/623088","targetHints":{"allow":["GET"]}}],"collection":[{"href":"https:\/\/aukinkochile.com\/web\/wp-json\/wp\/v2\/product"}],"about":[{"href":"https:\/\/aukinkochile.com\/web\/wp-json\/wp\/v2\/types\/product"}],"replies":[{"embeddable":true,"href":"https:\/\/aukinkochile.com\/web\/wp-json\/wp\/v2\/comments?post=623088"}],"wp:featuredmedia":[{"embeddable":true,"href":"https:\/\/aukinkochile.com\/web\/wp-json\/wp\/v2\/media\/623087"}],"wp:attachment":[{"href":"https:\/\/aukinkochile.com\/web\/wp-json\/wp\/v2\/media?parent=623088"}],"wp:term":[{"taxonomy":"product_brand","embeddable":true,"href":"https:\/\/aukinkochile.com\/web\/wp-json\/wp\/v2\/product_brand?post=623088"},{"taxonomy":"product_cat","embeddable":true,"href":"https:\/\/aukinkochile.com\/web\/wp-json\/wp\/v2\/product_cat?post=623088"},{"taxonomy":"product_tag","embeddable":true,"href":"https:\/\/aukinkochile.com\/web\/wp-json\/wp\/v2\/product_tag?post=623088"}],"curies":[{"name":"wp","href":"https:\/\/api.w.org\/{rel}","templated":true}]}}