{"id":623074,"date":"2023-08-14T18:15:45","date_gmt":"2023-08-14T18:15:45","guid":{"rendered":"https:\/\/aukinkochile.com\/web\/producto\/cocina-moderna\/"},"modified":"2025-11-06T20:08:33","modified_gmt":"2025-11-06T20:08:33","slug":"cocina-moderna","status":"publish","type":"product","link":"https:\/\/aukinkochile.com\/web\/producto\/cocina-moderna\/","title":{"rendered":"Cocina Moderna Madera"},"content":{"rendered":"<p>Hermosa cocina con accesorios para pasar horas de diversi\u00f3n. Los j\u00f3venes chef pueden perfeccionar su oficio en esta cocina de juego moderna, bellamente dise\u00f1ada y natural. Esta cocina es f\u00e1cil de montar incluye horno microondas, cocina con horno, un lavaplatos con llave y espacio para guardar. De gran calidad y dise\u00f1o. Los juegos de imitaci\u00f3n son ideales para estimular la imaginaci\u00f3n, desarrollar habilidades sociales y f\u00edsicas y mucho m\u00e1s, de una forma muy entretenida. Promueven la interacci\u00f3n entre ni\u00f1os y adultos. Construcci\u00f3n de madera estable y de alta calidad. Fabricado en material suave y resistente.<\/p>\n<p><p><strong>Material : <\/strong> Madera<\/p>\n<p><strong>C\u00f3digo Aukinko : <\/strong> 18-251600<\/p>\n<p><strong>C\u00f3digo Convenio Marco : <\/strong> x<\/p>\n","protected":false},"excerpt":{"rendered":"<p>Hermosa cocina con accesorios para pasar horas de diversi\u00f3n. Los j\u00f3venes chef pueden perfeccionar su oficio en esta cocina de juego moderna, bellamente dise\u00f1ada y natural. Esta cocina es f\u00e1cil de montar incluye horno microondas, cocina con horno, un lavaplatos con llave y espacio para guardar. De gran calidad y dise\u00f1o. Los juegos de imitaci\u00f3n [&hellip;]<\/p>\n","protected":false},"featured_media":625071,"comment_status":"open","ping_status":"closed","template":"","meta":{"_et_pb_use_builder":"","_et_pb_old_content":"","_et_gb_content_width":""},"product_brand":[],"product_cat":[91,17],"product_tag":[],"class_list":{"0":"post-623074","1":"product","2":"type-product","3":"status-publish","4":"has-post-thumbnail","6":"product_cat-accesorios-sala","7":"product_cat-juegos-de-rol","8":"pa_edad-2-a-3-anos","9":"pa_edad-3-a-4-anos","10":"pa_edad-4-a-5-anos","11":"pa_edad-5-a-6-anos","12":"pa_edad-6-a-8-anos","13":"pa_marca-viga","14":"pa_medidas-62-x-100-x-34-cm","16":"first","17":"instock","18":"shipping-taxable","19":"purchasable","20":"product-type-simple"},"aioseo_notices":[],"_links":{"self":[{"href":"https:\/\/aukinkochile.com\/web\/wp-json\/wp\/v2\/product\/623074","targetHints":{"allow":["GET"]}}],"collection":[{"href":"https:\/\/aukinkochile.com\/web\/wp-json\/wp\/v2\/product"}],"about":[{"href":"https:\/\/aukinkochile.com\/web\/wp-json\/wp\/v2\/types\/product"}],"replies":[{"embeddable":true,"href":"https:\/\/aukinkochile.com\/web\/wp-json\/wp\/v2\/comments?post=623074"}],"wp:featuredmedia":[{"embeddable":true,"href":"https:\/\/aukinkochile.com\/web\/wp-json\/wp\/v2\/media\/625071"}],"wp:attachment":[{"href":"https:\/\/aukinkochile.com\/web\/wp-json\/wp\/v2\/media?parent=623074"}],"wp:term":[{"taxonomy":"product_brand","embeddable":true,"href":"https:\/\/aukinkochile.com\/web\/wp-json\/wp\/v2\/product_brand?post=623074"},{"taxonomy":"product_cat","embeddable":true,"href":"https:\/\/aukinkochile.com\/web\/wp-json\/wp\/v2\/product_cat?post=623074"},{"taxonomy":"product_tag","embeddable":true,"href":"https:\/\/aukinkochile.com\/web\/wp-json\/wp\/v2\/product_tag?post=623074"}],"curies":[{"name":"wp","href":"https:\/\/api.w.org\/{rel}","templated":true}]}}