{"id":623054,"date":"2023-08-08T17:10:19","date_gmt":"2023-08-08T17:10:19","guid":{"rendered":"https:\/\/aukinkochile.com\/web\/producto\/cartas-fotos-del-cuerpo\/"},"modified":"2025-06-26T16:13:42","modified_gmt":"2025-06-26T16:13:42","slug":"cartas-fotos-del-cuerpo","status":"publish","type":"product","link":"https:\/\/aukinkochile.com\/web\/producto\/cartas-fotos-del-cuerpo\/","title":{"rendered":"Cartas Fotos Del Cuerpo"},"content":{"rendered":"<p>Divertida serie de 35 cartas con im\u00e1genes realistas, donde cada imagen presenta una parte del cuerpo para facilitar el reconocimiento. Estas tarjetas ayudan a los ni\u00f1os a tomar conciencia de su propio cuerpo y a desarrollar algunos conceptos de salud e higiene. Este hermoso juego est\u00e1 especialmente dise\u00f1ado siguiendo las pautas propuestas en los principios did\u00e1cticos del An\u00e1lisis Conductual Aplicado, lo que permite que las personas con discapacidad del habla puedan comunicarse de forma funcional y aut\u00f3noma. (Stock limitado, preguntar por si necesita m\u00e1s de una unidad)<\/p>\n<p><p><strong>Material : <\/strong> Cart\u00f3n Grueso Laminado<\/p>\n<p><strong>C\u00f3digo Aukinko : <\/strong> 08-7133355<\/p>\n<p><strong>C\u00f3digo Convenio Marco : <\/strong> x<\/p>\n","protected":false},"excerpt":{"rendered":"<p>Divertida serie de 35 cartas con im\u00e1genes realistas, donde cada imagen presenta una parte del cuerpo para facilitar el reconocimiento. Estas tarjetas ayudan a los ni\u00f1os a tomar conciencia de su propio cuerpo y a desarrollar algunos conceptos de salud e higiene. Este hermoso juego est\u00e1 especialmente dise\u00f1ado siguiendo las pautas propuestas en los principios [&hellip;]<\/p>\n","protected":false},"featured_media":623053,"comment_status":"open","ping_status":"closed","template":"","meta":{"_et_pb_use_builder":"","_et_pb_old_content":"","_et_gb_content_width":""},"product_brand":[],"product_cat":[91,150,7385],"product_tag":[],"class_list":{"0":"post-623054","1":"product","2":"type-product","3":"status-publish","4":"has-post-thumbnail","6":"product_cat-accesorios-sala","7":"product_cat-asociacion-y-logica","8":"product_cat-estimulacion-cognitiva-y-motora-para-adultos-mayores","9":"pa_edad-4-a-5-anos","10":"pa_edad-5-a-6-anos","11":"pa_edad-6-a-8-anos","12":"pa_edad-8-a-10-anos","13":"pa_marca-wesco","14":"pa_medidas-4314","15":"pa_medidas-5-cm","16":"pa_medidas-8-x-10","18":"first","19":"instock","20":"shipping-taxable","21":"purchasable","22":"product-type-simple"},"aioseo_notices":[],"_links":{"self":[{"href":"https:\/\/aukinkochile.com\/web\/wp-json\/wp\/v2\/product\/623054","targetHints":{"allow":["GET"]}}],"collection":[{"href":"https:\/\/aukinkochile.com\/web\/wp-json\/wp\/v2\/product"}],"about":[{"href":"https:\/\/aukinkochile.com\/web\/wp-json\/wp\/v2\/types\/product"}],"replies":[{"embeddable":true,"href":"https:\/\/aukinkochile.com\/web\/wp-json\/wp\/v2\/comments?post=623054"}],"wp:featuredmedia":[{"embeddable":true,"href":"https:\/\/aukinkochile.com\/web\/wp-json\/wp\/v2\/media\/623053"}],"wp:attachment":[{"href":"https:\/\/aukinkochile.com\/web\/wp-json\/wp\/v2\/media?parent=623054"}],"wp:term":[{"taxonomy":"product_brand","embeddable":true,"href":"https:\/\/aukinkochile.com\/web\/wp-json\/wp\/v2\/product_brand?post=623054"},{"taxonomy":"product_cat","embeddable":true,"href":"https:\/\/aukinkochile.com\/web\/wp-json\/wp\/v2\/product_cat?post=623054"},{"taxonomy":"product_tag","embeddable":true,"href":"https:\/\/aukinkochile.com\/web\/wp-json\/wp\/v2\/product_tag?post=623054"}],"curies":[{"name":"wp","href":"https:\/\/api.w.org\/{rel}","templated":true}]}}