{"id":623000,"date":"2023-07-25T17:03:57","date_gmt":"2023-07-25T17:03:57","guid":{"rendered":"https:\/\/aukinkochile.com\/web\/producto\/hamaca-nido\/"},"modified":"2024-04-29T20:51:40","modified_gmt":"2024-04-29T20:51:40","slug":"hamaca-nido","status":"publish","type":"product","link":"https:\/\/aukinkochile.com\/web\/producto\/hamaca-nido\/","title":{"rendered":"Hamaca Nido"},"content":{"rendered":"<p>Hermosa hamaca nido con efecto de calma y relajaci\u00f3n inmediata para los m\u00e1s peque\u00f1os. Se cuelga del techo y crea movimientos suaves que dan calma al instante. Los ni\u00f1os y ni\u00f1as van a amar estar all\u00ed y descansar en ella. De material de alta calidad. Incluye una hamaca y un kit de suspensi\u00f3n. Necesita de 220 cm de altura para colocarse. (Stock limitado, preguntar por si necesita mas de una unidad)<\/p>\n<p><p><strong>Material : <\/strong> Algod\u00f3n<\/p>\n<p><strong>C\u00f3digo Aukinko : <\/strong> 08-7157418<\/p>\n<p><strong>C\u00f3digo Convenio Marco : <\/strong> x<\/p>\n","protected":false},"excerpt":{"rendered":"<p>Hermosa hamaca nido con efecto de calma y relajaci\u00f3n inmediata para los m\u00e1s peque\u00f1os. Se cuelga del techo y crea movimientos suaves que dan calma al instante. Los ni\u00f1os y ni\u00f1as van a amar estar all\u00ed y descansar en ella. De material de alta calidad. Incluye una hamaca y un kit de suspensi\u00f3n. Necesita de [&hellip;]<\/p>\n","protected":false},"featured_media":622999,"comment_status":"open","ping_status":"closed","template":"","meta":{"_et_pb_use_builder":"","_et_pb_old_content":"","_et_gb_content_width":""},"product_brand":[],"product_cat":[91],"product_tag":[],"class_list":{"0":"post-623000","1":"product","2":"type-product","3":"status-publish","4":"has-post-thumbnail","6":"product_cat-accesorios-sala","7":"pa_edad-3-a-4-anos","8":"pa_edad-4-a-5-anos","9":"pa_edad-5-a-6-anos","10":"pa_edad-6-a-8-anos","11":"pa_marca-wesco","12":"pa_medidas-altura-170-cm","13":"pa_medidas-diametro-90-cm","15":"first","16":"instock","17":"shipping-taxable","18":"purchasable","19":"product-type-simple"},"aioseo_notices":[],"_links":{"self":[{"href":"https:\/\/aukinkochile.com\/web\/wp-json\/wp\/v2\/product\/623000","targetHints":{"allow":["GET"]}}],"collection":[{"href":"https:\/\/aukinkochile.com\/web\/wp-json\/wp\/v2\/product"}],"about":[{"href":"https:\/\/aukinkochile.com\/web\/wp-json\/wp\/v2\/types\/product"}],"replies":[{"embeddable":true,"href":"https:\/\/aukinkochile.com\/web\/wp-json\/wp\/v2\/comments?post=623000"}],"wp:featuredmedia":[{"embeddable":true,"href":"https:\/\/aukinkochile.com\/web\/wp-json\/wp\/v2\/media\/622999"}],"wp:attachment":[{"href":"https:\/\/aukinkochile.com\/web\/wp-json\/wp\/v2\/media?parent=623000"}],"wp:term":[{"taxonomy":"product_brand","embeddable":true,"href":"https:\/\/aukinkochile.com\/web\/wp-json\/wp\/v2\/product_brand?post=623000"},{"taxonomy":"product_cat","embeddable":true,"href":"https:\/\/aukinkochile.com\/web\/wp-json\/wp\/v2\/product_cat?post=623000"},{"taxonomy":"product_tag","embeddable":true,"href":"https:\/\/aukinkochile.com\/web\/wp-json\/wp\/v2\/product_tag?post=623000"}],"curies":[{"name":"wp","href":"https:\/\/api.w.org\/{rel}","templated":true}]}}