{"id":622992,"date":"2023-07-25T17:03:55","date_gmt":"2023-07-25T17:03:55","guid":{"rendered":"https:\/\/aukinkochile.com\/web\/producto\/mueble-biblioteca-sillon-2-cojines\/"},"modified":"2024-04-29T20:50:10","modified_gmt":"2024-04-29T20:50:10","slug":"mueble-biblioteca-sillon-2-cojines","status":"publish","type":"product","link":"https:\/\/aukinkochile.com\/web\/producto\/mueble-biblioteca-sillon-2-cojines\/","title":{"rendered":"Mueble Biblioteca Sill\u00f3n + 2 Cojines"},"content":{"rendered":"<p>Hermoso mueble de alta calidad en su material, con dise\u00f1o exclusivo de Wesco. En este precioso mueble se pueden guardar juegos, libros y mucho m\u00e1s y a la vez utilizarlo como sill\u00f3n para sentarse a leer un rato. Materialidad de alta calidad, lavable. (Stock limitado, preguntar por si necesita mas de una unidad)<\/p>\n<p><p><strong>Material : <\/strong> Madera y Genero<\/p>\n<p><strong>C\u00f3digo Aukinko : <\/strong> 08-7156238<\/p>\n<p><strong>C\u00f3digo Convenio Marco : <\/strong> x<\/p>\n","protected":false},"excerpt":{"rendered":"<p>Hermoso mueble de alta calidad en su material, con dise\u00f1o exclusivo de Wesco. En este precioso mueble se pueden guardar juegos, libros y mucho m\u00e1s y a la vez utilizarlo como sill\u00f3n para sentarse a leer un rato. Materialidad de alta calidad, lavable. (Stock limitado, preguntar por si necesita mas de una unidad) Material : [&hellip;]<\/p>\n","protected":false},"featured_media":622991,"comment_status":"open","ping_status":"closed","template":"","meta":{"_et_pb_use_builder":"","_et_pb_old_content":"","_et_gb_content_width":""},"product_brand":[],"product_cat":[91],"product_tag":[],"class_list":{"0":"post-622992","1":"product","2":"type-product","3":"status-publish","4":"has-post-thumbnail","6":"product_cat-accesorios-sala","7":"pa_edad-10-anos","8":"pa_edad-2-a-3-anos","9":"pa_edad-3-a-4-anos","10":"pa_edad-4-a-5-anos","11":"pa_edad-5-a-6-anos","12":"pa_edad-6-a-8-anos","13":"pa_edad-8-a-10-anos","14":"pa_marca-wesco","15":"pa_medidas-60-x-60-x-73-cm","17":"first","18":"instock","19":"shipping-taxable","20":"purchasable","21":"product-type-simple"},"aioseo_notices":[],"_links":{"self":[{"href":"https:\/\/aukinkochile.com\/web\/wp-json\/wp\/v2\/product\/622992","targetHints":{"allow":["GET"]}}],"collection":[{"href":"https:\/\/aukinkochile.com\/web\/wp-json\/wp\/v2\/product"}],"about":[{"href":"https:\/\/aukinkochile.com\/web\/wp-json\/wp\/v2\/types\/product"}],"replies":[{"embeddable":true,"href":"https:\/\/aukinkochile.com\/web\/wp-json\/wp\/v2\/comments?post=622992"}],"wp:featuredmedia":[{"embeddable":true,"href":"https:\/\/aukinkochile.com\/web\/wp-json\/wp\/v2\/media\/622991"}],"wp:attachment":[{"href":"https:\/\/aukinkochile.com\/web\/wp-json\/wp\/v2\/media?parent=622992"}],"wp:term":[{"taxonomy":"product_brand","embeddable":true,"href":"https:\/\/aukinkochile.com\/web\/wp-json\/wp\/v2\/product_brand?post=622992"},{"taxonomy":"product_cat","embeddable":true,"href":"https:\/\/aukinkochile.com\/web\/wp-json\/wp\/v2\/product_cat?post=622992"},{"taxonomy":"product_tag","embeddable":true,"href":"https:\/\/aukinkochile.com\/web\/wp-json\/wp\/v2\/product_tag?post=622992"}],"curies":[{"name":"wp","href":"https:\/\/api.w.org\/{rel}","templated":true}]}}