{"id":622990,"date":"2023-07-25T17:03:55","date_gmt":"2023-07-25T17:03:55","guid":{"rendered":"https:\/\/aukinkochile.com\/web\/producto\/sombreros-profesiones-set-6-talla-2\/"},"modified":"2024-04-29T20:50:09","modified_gmt":"2024-04-29T20:50:09","slug":"sombreros-profesiones-set-6-talla-2","status":"publish","type":"product","link":"https:\/\/aukinkochile.com\/web\/producto\/sombreros-profesiones-set-6-talla-2\/","title":{"rendered":"Disfraz Sombreros Profesiones set 6 Talla 2"},"content":{"rendered":"<p>Hermoso set de sombreros de disfraces de variadas profesiones, incluye sombreros de chef, m\u00e9dico, astronauta, polic\u00eda, bombero y constructor. F\u00e1ciles de lavar. Los disfraces son juegos ideales para el desarrollo del vocabulario, para dejar volar la imaginaci\u00f3n y la creatividad, para hablar de valores y mucho m\u00e1s. De material de alta calidad. (Stock limitado, preguntar por si necesita mas de una unidad)<\/p>\n<p><p><strong>Material : <\/strong> Genero y Plastico<\/p>\n<p><strong>C\u00f3digo Aukinko : <\/strong> 08-7154685<\/p>\n<p><strong>C\u00f3digo Convenio Marco : <\/strong> x<\/p>\n","protected":false},"excerpt":{"rendered":"<p>Hermoso set de sombreros de disfraces de variadas profesiones, incluye sombreros de chef, m\u00e9dico, astronauta, polic\u00eda, bombero y constructor. F\u00e1ciles de lavar. Los disfraces son juegos ideales para el desarrollo del vocabulario, para dejar volar la imaginaci\u00f3n y la creatividad, para hablar de valores y mucho m\u00e1s. De material de alta calidad. (Stock limitado, preguntar [&hellip;]<\/p>\n","protected":false},"featured_media":622989,"comment_status":"open","ping_status":"closed","template":"","meta":{"_et_pb_use_builder":"","_et_pb_old_content":"","_et_gb_content_width":""},"product_brand":[],"product_cat":[91,17],"product_tag":[],"class_list":{"0":"post-622990","1":"product","2":"type-product","3":"status-publish","4":"has-post-thumbnail","6":"product_cat-accesorios-sala","7":"product_cat-juegos-de-rol","8":"pa_edad-3-a-4-anos","9":"pa_edad-4-a-5-anos","10":"pa_edad-5-a-6-anos","11":"pa_marca-wesco","12":"pa_medidas-talla-unica-ajustable","14":"first","15":"instock","16":"shipping-taxable","17":"purchasable","18":"product-type-simple"},"aioseo_notices":[],"_links":{"self":[{"href":"https:\/\/aukinkochile.com\/web\/wp-json\/wp\/v2\/product\/622990","targetHints":{"allow":["GET"]}}],"collection":[{"href":"https:\/\/aukinkochile.com\/web\/wp-json\/wp\/v2\/product"}],"about":[{"href":"https:\/\/aukinkochile.com\/web\/wp-json\/wp\/v2\/types\/product"}],"replies":[{"embeddable":true,"href":"https:\/\/aukinkochile.com\/web\/wp-json\/wp\/v2\/comments?post=622990"}],"wp:featuredmedia":[{"embeddable":true,"href":"https:\/\/aukinkochile.com\/web\/wp-json\/wp\/v2\/media\/622989"}],"wp:attachment":[{"href":"https:\/\/aukinkochile.com\/web\/wp-json\/wp\/v2\/media?parent=622990"}],"wp:term":[{"taxonomy":"product_brand","embeddable":true,"href":"https:\/\/aukinkochile.com\/web\/wp-json\/wp\/v2\/product_brand?post=622990"},{"taxonomy":"product_cat","embeddable":true,"href":"https:\/\/aukinkochile.com\/web\/wp-json\/wp\/v2\/product_cat?post=622990"},{"taxonomy":"product_tag","embeddable":true,"href":"https:\/\/aukinkochile.com\/web\/wp-json\/wp\/v2\/product_tag?post=622990"}],"curies":[{"name":"wp","href":"https:\/\/api.w.org\/{rel}","templated":true}]}}