{"id":622988,"date":"2023-07-25T17:03:55","date_gmt":"2023-07-25T17:03:55","guid":{"rendered":"https:\/\/aukinkochile.com\/web\/producto\/musica-set-27-instrumentos\/"},"modified":"2025-06-26T16:13:57","modified_gmt":"2025-06-26T16:13:57","slug":"musica-set-27-instrumentos","status":"publish","type":"product","link":"https:\/\/aukinkochile.com\/web\/producto\/musica-set-27-instrumentos\/","title":{"rendered":"Instrumentos set 27 pz"},"content":{"rendered":"<p>Set de instrumentos musicales para un grupo de ni\u00f1os. Contiene: con 1 par de platillos, 1 platillo con mazo, 2 mini pares de platillos (15 cm di\u00e1metro), 1 par de peque\u00f1as maracas verdes, 1 par de grandes maracas rojas ( 16 x 6 cm), 2 casta\u00f1uelas con mangos, 1 par de casta\u00f1uelas con dedos (1 x 6 cm di\u00e1metro), 3 pares de clavas, 3 tri\u00e1ngulos y sus tocadores, 1 corona de 4 pares de cascabeles, 2 panderetas con 2 mazos, 2 tubos resonantes de 2 tonos y sus solapas, 1 tubo resonante de 1 tono con su solapa, 1 vara con 2 cascabeles, 1 vara con 1 cymbalette, 1 g\u00fciro con paliza (6 x 7 x 21 cm), 2 manijas de 5 campanas, 1 palillo con 5 campanas. Viene con una bolsa de genero que al abrirse completamente se puede colgar y los instrumentos quedan ordenados y f\u00e1ciles de sacar. (Stock limitado, preguntar por si necesita mas de una unidad)<\/p>\n<p><p><strong>Material : <\/strong> Pl\u00e1stico, Madera y Metal<\/p>\n<p><strong>C\u00f3digo Aukinko : <\/strong> 08-7152289<\/p>\n<p><strong>C\u00f3digo Convenio Marco : <\/strong> x<\/p>\n","protected":false},"excerpt":{"rendered":"<p>Set de instrumentos musicales para un grupo de ni\u00f1os. Contiene: con 1 par de platillos, 1 platillo con mazo, 2 mini pares de platillos (15 cm di\u00e1metro), 1 par de peque\u00f1as maracas verdes, 1 par de grandes maracas rojas ( 16 x 6 cm), 2 casta\u00f1uelas con mangos, 1 par de casta\u00f1uelas con dedos (1 [&hellip;]<\/p>\n","protected":false},"featured_media":625826,"comment_status":"open","ping_status":"closed","template":"","meta":{"_et_pb_use_builder":"","_et_pb_old_content":"","_et_gb_content_width":""},"product_brand":[],"product_cat":[91,7385,392],"product_tag":[],"class_list":{"0":"post-622988","1":"product","2":"type-product","3":"status-publish","4":"has-post-thumbnail","6":"product_cat-accesorios-sala","7":"product_cat-estimulacion-cognitiva-y-motora-para-adultos-mayores","8":"product_cat-musica","9":"pa_edad-3-a-4-anos","10":"pa_edad-4-a-5-anos","11":"pa_edad-5-a-6-anos","12":"pa_edad-6-a-8-anos","13":"pa_marca-wesco","14":"pa_medidas-51-x-8-x-8-cm","16":"first","17":"instock","18":"shipping-taxable","19":"purchasable","20":"product-type-simple"},"aioseo_notices":[],"_links":{"self":[{"href":"https:\/\/aukinkochile.com\/web\/wp-json\/wp\/v2\/product\/622988","targetHints":{"allow":["GET"]}}],"collection":[{"href":"https:\/\/aukinkochile.com\/web\/wp-json\/wp\/v2\/product"}],"about":[{"href":"https:\/\/aukinkochile.com\/web\/wp-json\/wp\/v2\/types\/product"}],"replies":[{"embeddable":true,"href":"https:\/\/aukinkochile.com\/web\/wp-json\/wp\/v2\/comments?post=622988"}],"wp:featuredmedia":[{"embeddable":true,"href":"https:\/\/aukinkochile.com\/web\/wp-json\/wp\/v2\/media\/625826"}],"wp:attachment":[{"href":"https:\/\/aukinkochile.com\/web\/wp-json\/wp\/v2\/media?parent=622988"}],"wp:term":[{"taxonomy":"product_brand","embeddable":true,"href":"https:\/\/aukinkochile.com\/web\/wp-json\/wp\/v2\/product_brand?post=622988"},{"taxonomy":"product_cat","embeddable":true,"href":"https:\/\/aukinkochile.com\/web\/wp-json\/wp\/v2\/product_cat?post=622988"},{"taxonomy":"product_tag","embeddable":true,"href":"https:\/\/aukinkochile.com\/web\/wp-json\/wp\/v2\/product_tag?post=622988"}],"curies":[{"name":"wp","href":"https:\/\/api.w.org\/{rel}","templated":true}]}}