{"id":622985,"date":"2023-07-25T17:03:54","date_gmt":"2023-07-25T17:03:54","guid":{"rendered":"https:\/\/aukinkochile.com\/web\/producto\/aro-basquetbol-central\/"},"modified":"2024-04-29T20:50:04","modified_gmt":"2024-04-29T20:50:04","slug":"aro-basquetbol-central","status":"publish","type":"product","link":"https:\/\/aukinkochile.com\/web\/producto\/aro-basquetbol-central\/","title":{"rendered":"Aro Basquetbol Central"},"content":{"rendered":"<p>Divertido aro de basquetbol para colocar en el centro de cualquier espacio y jugar a embocar, ideal para jugadores principiantes. Con este hermoso aro ni\u00f1os y ni\u00f1as pueden comenzar a embocar pelotas de una forma muy entretenida. Con este juego los ni\u00f1os y ni\u00f1as desarrollan la motricidad gruesa, la coordinaci\u00f3n mano-ojo, y a la vez ganan confianza en si mismos y se acercan a las actividades f\u00edsicas desde la primera infancia. De material de alta calidad. (Stock limitado, preguntar por si necesita mas de una unidad)<\/p>\n<p><p><strong>Material : <\/strong> Metal y Genero<\/p>\n<p><strong>C\u00f3digo Aukinko : <\/strong> 08-7149509<\/p>\n<p><strong>C\u00f3digo Convenio Marco : <\/strong> x<\/p>\n","protected":false},"excerpt":{"rendered":"<p>Divertido aro de basquetbol para colocar en el centro de cualquier espacio y jugar a embocar, ideal para jugadores principiantes. Con este hermoso aro ni\u00f1os y ni\u00f1as pueden comenzar a embocar pelotas de una forma muy entretenida. Con este juego los ni\u00f1os y ni\u00f1as desarrollan la motricidad gruesa, la coordinaci\u00f3n mano-ojo, y a la vez [&hellip;]<\/p>\n","protected":false},"featured_media":622984,"comment_status":"open","ping_status":"closed","template":"","meta":{"_et_pb_use_builder":"","_et_pb_old_content":"","_et_gb_content_width":""},"product_brand":[],"product_cat":[148,18],"product_tag":[],"class_list":{"0":"post-622985","1":"product","2":"type-product","3":"status-publish","4":"has-post-thumbnail","6":"product_cat-deportes","7":"product_cat-motricidad-gruesa","8":"pa_edad-3-a-4-anos","9":"pa_edad-4-a-5-anos","10":"pa_edad-5-a-6-anos","11":"pa_marca-wesco","12":"pa_medidas-40-cm-diametro","13":"pa_medidas-86-cm-altura","15":"first","16":"instock","17":"shipping-taxable","18":"purchasable","19":"product-type-simple"},"aioseo_notices":[],"_links":{"self":[{"href":"https:\/\/aukinkochile.com\/web\/wp-json\/wp\/v2\/product\/622985","targetHints":{"allow":["GET"]}}],"collection":[{"href":"https:\/\/aukinkochile.com\/web\/wp-json\/wp\/v2\/product"}],"about":[{"href":"https:\/\/aukinkochile.com\/web\/wp-json\/wp\/v2\/types\/product"}],"replies":[{"embeddable":true,"href":"https:\/\/aukinkochile.com\/web\/wp-json\/wp\/v2\/comments?post=622985"}],"wp:featuredmedia":[{"embeddable":true,"href":"https:\/\/aukinkochile.com\/web\/wp-json\/wp\/v2\/media\/622984"}],"wp:attachment":[{"href":"https:\/\/aukinkochile.com\/web\/wp-json\/wp\/v2\/media?parent=622985"}],"wp:term":[{"taxonomy":"product_brand","embeddable":true,"href":"https:\/\/aukinkochile.com\/web\/wp-json\/wp\/v2\/product_brand?post=622985"},{"taxonomy":"product_cat","embeddable":true,"href":"https:\/\/aukinkochile.com\/web\/wp-json\/wp\/v2\/product_cat?post=622985"},{"taxonomy":"product_tag","embeddable":true,"href":"https:\/\/aukinkochile.com\/web\/wp-json\/wp\/v2\/product_tag?post=622985"}],"curies":[{"name":"wp","href":"https:\/\/api.w.org\/{rel}","templated":true}]}}