{"id":622970,"date":"2023-07-25T17:03:51","date_gmt":"2023-07-25T17:03:51","guid":{"rendered":"https:\/\/aukinkochile.com\/web\/producto\/colchoneta-120-x-60\/"},"modified":"2025-06-26T16:12:47","modified_gmt":"2025-06-26T16:12:47","slug":"colchoneta-120-x-60","status":"publish","type":"product","link":"https:\/\/aukinkochile.com\/web\/producto\/colchoneta-120-x-60\/","title":{"rendered":"Colchoneta 120 X 60 cm"},"content":{"rendered":"<p>Colchoneta de gimnasia: esta colchoneta est\u00e1 dise\u00f1ada para programas de gimnasia y ofrece una excelente calidad y durabilidad. Est\u00e1 cubierta de vinilo resistente, tiene una esponja de alta densidad para mayor comodidad y es f\u00e1cil de limpiar. Adem\u00e1s, cuenta con una base antideslizante para garantizar la seguridad durante los ejercicios. Disponible en color azul. (Stock limitado, por favor, pregunte si necesita m\u00e1s de una unidad)<\/p>\n<p><p><strong>Material : <\/strong> Espuma alta densidad cubierta Vinyl<\/p>\n<p><strong>C\u00f3digo Aukinko : <\/strong> 08-7100123<\/p>\n<p><strong>C\u00f3digo Convenio Marco : <\/strong> x<\/p>\n","protected":false},"excerpt":{"rendered":"<p>Colchoneta de gimnasia: esta colchoneta est\u00e1 dise\u00f1ada para programas de gimnasia y ofrece una excelente calidad y durabilidad. Est\u00e1 cubierta de vinilo resistente, tiene una esponja de alta densidad para mayor comodidad y es f\u00e1cil de limpiar. Adem\u00e1s, cuenta con una base antideslizante para garantizar la seguridad durante los ejercicios. Disponible en color azul. (Stock [&hellip;]<\/p>\n","protected":false},"featured_media":625782,"comment_status":"open","ping_status":"closed","template":"","meta":{"_et_pb_use_builder":"","_et_pb_old_content":"","_et_gb_content_width":""},"product_brand":[],"product_cat":[148,7385,18],"product_tag":[],"class_list":{"0":"post-622970","1":"product","2":"type-product","3":"status-publish","4":"has-post-thumbnail","6":"product_cat-deportes","7":"product_cat-estimulacion-cognitiva-y-motora-para-adultos-mayores","8":"product_cat-motricidad-gruesa","9":"pa_edad-1-a-2-anos","10":"pa_edad-10-anos","11":"pa_edad-2-a-3-anos","12":"pa_edad-3-a-4-anos","13":"pa_edad-4-a-5-anos","14":"pa_edad-5-a-6-anos","15":"pa_edad-6-a-8-anos","16":"pa_edad-8-a-10-anos","17":"pa_marca-wesco","18":"pa_medidas-120-x-60-x-7-cm","20":"first","21":"instock","22":"shipping-taxable","23":"purchasable","24":"product-type-simple"},"aioseo_notices":[],"_links":{"self":[{"href":"https:\/\/aukinkochile.com\/web\/wp-json\/wp\/v2\/product\/622970","targetHints":{"allow":["GET"]}}],"collection":[{"href":"https:\/\/aukinkochile.com\/web\/wp-json\/wp\/v2\/product"}],"about":[{"href":"https:\/\/aukinkochile.com\/web\/wp-json\/wp\/v2\/types\/product"}],"replies":[{"embeddable":true,"href":"https:\/\/aukinkochile.com\/web\/wp-json\/wp\/v2\/comments?post=622970"}],"wp:featuredmedia":[{"embeddable":true,"href":"https:\/\/aukinkochile.com\/web\/wp-json\/wp\/v2\/media\/625782"}],"wp:attachment":[{"href":"https:\/\/aukinkochile.com\/web\/wp-json\/wp\/v2\/media?parent=622970"}],"wp:term":[{"taxonomy":"product_brand","embeddable":true,"href":"https:\/\/aukinkochile.com\/web\/wp-json\/wp\/v2\/product_brand?post=622970"},{"taxonomy":"product_cat","embeddable":true,"href":"https:\/\/aukinkochile.com\/web\/wp-json\/wp\/v2\/product_cat?post=622970"},{"taxonomy":"product_tag","embeddable":true,"href":"https:\/\/aukinkochile.com\/web\/wp-json\/wp\/v2\/product_tag?post=622970"}],"curies":[{"name":"wp","href":"https:\/\/api.w.org\/{rel}","templated":true}]}}