{"id":622920,"date":"2023-07-05T20:13:35","date_gmt":"2023-07-05T20:13:35","guid":{"rendered":"https:\/\/aukinkochile.com\/web\/producto\/juego-clokkina\/"},"modified":"2024-01-03T17:05:24","modified_gmt":"2024-01-03T17:05:24","slug":"juego-clokkina","status":"publish","type":"product","link":"https:\/\/aukinkochile.com\/web\/producto\/juego-clokkina\/","title":{"rendered":"Juego de Mesa Clokkina"},"content":{"rendered":"<p>Un entretenido juego de reloj de cuco para aprender las horas. Los p\u00e1jaros ayudan a los ni\u00f1os a aprender las lecciones. Si el cord\u00f3n se pasa por el agujero de la hora correcta, el peque\u00f1o cuco en el nido recibe el \u00abgusano cord\u00f3n\u00bb en la espalda. Contiene 1 reloj de cuco con cord\u00f3n, 12 tarjetas de tiempo, 12 pegatinas, 1 cubo de colores e instrucciones. Tambi\u00e9n se puede jugar individualmente.<\/p>\n<p><p><strong>Material : <\/strong> MADERA Y CARTON<\/p>\n<p><strong>C\u00f3digo Aukinko : <\/strong> 09-73055<\/p>\n<p><strong>C\u00f3digo Convenio Marco : <\/strong> <\/p>\n","protected":false},"excerpt":{"rendered":"<p>Un entretenido juego de reloj de cuco para aprender las horas. Los p\u00e1jaros ayudan a los ni\u00f1os a aprender las lecciones. Si el cord\u00f3n se pasa por el agujero de la hora correcta, el peque\u00f1o cuco en el nido recibe el \u00abgusano cord\u00f3n\u00bb en la espalda. Contiene 1 reloj de cuco con cord\u00f3n, 12 tarjetas [&hellip;]<\/p>\n","protected":false},"featured_media":626807,"comment_status":"open","ping_status":"closed","template":"","meta":{"_et_pb_use_builder":"","_et_pb_old_content":"","_et_gb_content_width":""},"product_brand":[],"product_cat":[150,149,151],"product_tag":[],"class_list":{"0":"post-622920","1":"product","2":"type-product","3":"status-publish","4":"has-post-thumbnail","6":"product_cat-asociacion-y-logica","7":"product_cat-juegos-de-mesa","8":"product_cat-lenguaje","9":"pa_edad-4-a-5-anos","10":"pa_edad-5-a-6-anos","11":"pa_edad-6-a-8-anos","12":"pa_marca-selecta","13":"pa_medidas-15-x-10","14":"pa_medidas-7-cm","16":"first","17":"instock","18":"sale","19":"shipping-taxable","20":"purchasable","21":"product-type-simple"},"aioseo_notices":[],"_links":{"self":[{"href":"https:\/\/aukinkochile.com\/web\/wp-json\/wp\/v2\/product\/622920","targetHints":{"allow":["GET"]}}],"collection":[{"href":"https:\/\/aukinkochile.com\/web\/wp-json\/wp\/v2\/product"}],"about":[{"href":"https:\/\/aukinkochile.com\/web\/wp-json\/wp\/v2\/types\/product"}],"replies":[{"embeddable":true,"href":"https:\/\/aukinkochile.com\/web\/wp-json\/wp\/v2\/comments?post=622920"}],"wp:featuredmedia":[{"embeddable":true,"href":"https:\/\/aukinkochile.com\/web\/wp-json\/wp\/v2\/media\/626807"}],"wp:attachment":[{"href":"https:\/\/aukinkochile.com\/web\/wp-json\/wp\/v2\/media?parent=622920"}],"wp:term":[{"taxonomy":"product_brand","embeddable":true,"href":"https:\/\/aukinkochile.com\/web\/wp-json\/wp\/v2\/product_brand?post=622920"},{"taxonomy":"product_cat","embeddable":true,"href":"https:\/\/aukinkochile.com\/web\/wp-json\/wp\/v2\/product_cat?post=622920"},{"taxonomy":"product_tag","embeddable":true,"href":"https:\/\/aukinkochile.com\/web\/wp-json\/wp\/v2\/product_tag?post=622920"}],"curies":[{"name":"wp","href":"https:\/\/api.w.org\/{rel}","templated":true}]}}