{"id":622913,"date":"2023-07-05T20:03:07","date_gmt":"2023-07-05T20:03:07","guid":{"rendered":"https:\/\/aukinkochile.com\/web\/producto\/tienda-espacio-con-stickers\/"},"modified":"2025-06-17T17:35:34","modified_gmt":"2025-06-17T17:35:34","slug":"tienda-espacio-con-stickers","status":"publish","type":"product","link":"https:\/\/aukinkochile.com\/web\/producto\/tienda-espacio-con-stickers\/","title":{"rendered":"Tienda Espacio con Stickers"},"content":{"rendered":"<p>Hermosa carpa con dise\u00f1o del espacio para llevar a todas partes y pasar horas de diversi\u00f3n jugando a acampar y viajar por el universo. Incluye 4 grandes stickers de decoraci\u00f3n con velcro. De material suave y resistente y colores vivos.<\/p>\n<p><p><strong>Material : <\/strong> Nylon<\/p>\n<p><strong>C\u00f3digo Aukinko : <\/strong> 08-870019<\/p>\n<p><strong>C\u00f3digo Convenio Marco : <\/strong> x<\/p>\n","protected":false},"excerpt":{"rendered":"<p>Hermosa carpa con dise\u00f1o del espacio para llevar a todas partes y pasar horas de diversi\u00f3n jugando a acampar y viajar por el universo. Incluye 4 grandes stickers de decoraci\u00f3n con velcro. De material suave y resistente y colores vivos. Material : Nylon C\u00f3digo Aukinko : 08-870019 C\u00f3digo Convenio Marco : x<\/p>\n","protected":false},"featured_media":622912,"comment_status":"open","ping_status":"closed","template":"","meta":{"_et_pb_use_builder":"","_et_pb_old_content":"","_et_gb_content_width":""},"product_brand":[],"product_cat":[91,17],"product_tag":[],"class_list":{"0":"post-622913","1":"product","2":"type-product","3":"status-publish","4":"has-post-thumbnail","6":"product_cat-accesorios-sala","7":"product_cat-juegos-de-rol","8":"pa_edad-2-a-3-anos","9":"pa_edad-3-a-4-anos","10":"pa_edad-4-a-5-anos","11":"pa_edad-5-a-6-anos","12":"pa_edad-6-a-8-anos","13":"pa_marca-john","14":"pa_medidas-103-x-135-x-103-cm","16":"first","17":"instock","18":"shipping-taxable","19":"purchasable","20":"product-type-simple"},"aioseo_notices":[],"_links":{"self":[{"href":"https:\/\/aukinkochile.com\/web\/wp-json\/wp\/v2\/product\/622913","targetHints":{"allow":["GET"]}}],"collection":[{"href":"https:\/\/aukinkochile.com\/web\/wp-json\/wp\/v2\/product"}],"about":[{"href":"https:\/\/aukinkochile.com\/web\/wp-json\/wp\/v2\/types\/product"}],"replies":[{"embeddable":true,"href":"https:\/\/aukinkochile.com\/web\/wp-json\/wp\/v2\/comments?post=622913"}],"wp:featuredmedia":[{"embeddable":true,"href":"https:\/\/aukinkochile.com\/web\/wp-json\/wp\/v2\/media\/622912"}],"wp:attachment":[{"href":"https:\/\/aukinkochile.com\/web\/wp-json\/wp\/v2\/media?parent=622913"}],"wp:term":[{"taxonomy":"product_brand","embeddable":true,"href":"https:\/\/aukinkochile.com\/web\/wp-json\/wp\/v2\/product_brand?post=622913"},{"taxonomy":"product_cat","embeddable":true,"href":"https:\/\/aukinkochile.com\/web\/wp-json\/wp\/v2\/product_cat?post=622913"},{"taxonomy":"product_tag","embeddable":true,"href":"https:\/\/aukinkochile.com\/web\/wp-json\/wp\/v2\/product_tag?post=622913"}],"curies":[{"name":"wp","href":"https:\/\/api.w.org\/{rel}","templated":true}]}}