{"id":622889,"date":"2023-07-05T20:02:55","date_gmt":"2023-07-05T20:02:55","guid":{"rendered":"https:\/\/aukinkochile.com\/web\/producto\/lavaplatos-madera\/"},"modified":"2024-05-02T18:25:37","modified_gmt":"2024-05-02T18:25:37","slug":"lavaplatos-madera","status":"publish","type":"product","link":"https:\/\/aukinkochile.com\/web\/producto\/lavaplatos-madera\/","title":{"rendered":"Lavaplatos Madera"},"content":{"rendered":"<p>Hermoso lavaplatos de madera y pl\u00e1stico de gran calidad tratado con esmalte ecol\u00f3gico. Con este divertido juego los ni\u00f1os y ni\u00f1as podr\u00e1n pasar horas de diversi\u00f3n. Equipado con un recipiente pl\u00e1stico con sistema para mover el agua, al apretar al lado de la llave el agua saldr\u00e1 por ella imitando un verdadero lavaplatos y reutilizando una y otra vez el agua. De material suave y resistente.<\/p>\n<p><p><strong>Material : <\/strong> Madera y Pl\u00e1stico<\/p>\n<p><strong>C\u00f3digo Aukinko : <\/strong> 08-841116<\/p>\n<p><strong>C\u00f3digo Convenio Marco : <\/strong> x<\/p>\n","protected":false},"excerpt":{"rendered":"<p>Hermoso lavaplatos de madera y pl\u00e1stico de gran calidad tratado con esmalte ecol\u00f3gico. Con este divertido juego los ni\u00f1os y ni\u00f1as podr\u00e1n pasar horas de diversi\u00f3n. Equipado con un recipiente pl\u00e1stico con sistema para mover el agua, al apretar al lado de la llave el agua saldr\u00e1 por ella imitando un verdadero lavaplatos y reutilizando [&hellip;]<\/p>\n","protected":false},"featured_media":622888,"comment_status":"open","ping_status":"closed","template":"","meta":{"_et_pb_use_builder":"","_et_pb_old_content":"","_et_gb_content_width":""},"product_brand":[],"product_cat":[91,21],"product_tag":[],"class_list":{"0":"post-622889","1":"product","2":"type-product","3":"status-publish","4":"has-post-thumbnail","6":"product_cat-accesorios-sala","7":"product_cat-arte-y-manipulacion","8":"pa_edad-3-a-4-anos","9":"pa_edad-4-a-5-anos","10":"pa_edad-5-a-6-anos","11":"pa_edad-6-a-8-anos","12":"pa_edad-8-a-10-anos","13":"pa_marca-john","14":"pa_medidas-38-x-52-x-60-cm","16":"first","17":"instock","18":"shipping-taxable","19":"purchasable","20":"product-type-simple"},"aioseo_notices":[],"_links":{"self":[{"href":"https:\/\/aukinkochile.com\/web\/wp-json\/wp\/v2\/product\/622889","targetHints":{"allow":["GET"]}}],"collection":[{"href":"https:\/\/aukinkochile.com\/web\/wp-json\/wp\/v2\/product"}],"about":[{"href":"https:\/\/aukinkochile.com\/web\/wp-json\/wp\/v2\/types\/product"}],"replies":[{"embeddable":true,"href":"https:\/\/aukinkochile.com\/web\/wp-json\/wp\/v2\/comments?post=622889"}],"wp:featuredmedia":[{"embeddable":true,"href":"https:\/\/aukinkochile.com\/web\/wp-json\/wp\/v2\/media\/622888"}],"wp:attachment":[{"href":"https:\/\/aukinkochile.com\/web\/wp-json\/wp\/v2\/media?parent=622889"}],"wp:term":[{"taxonomy":"product_brand","embeddable":true,"href":"https:\/\/aukinkochile.com\/web\/wp-json\/wp\/v2\/product_brand?post=622889"},{"taxonomy":"product_cat","embeddable":true,"href":"https:\/\/aukinkochile.com\/web\/wp-json\/wp\/v2\/product_cat?post=622889"},{"taxonomy":"product_tag","embeddable":true,"href":"https:\/\/aukinkochile.com\/web\/wp-json\/wp\/v2\/product_tag?post=622889"}],"curies":[{"name":"wp","href":"https:\/\/api.w.org\/{rel}","templated":true}]}}