{"id":622885,"date":"2023-07-05T20:02:54","date_gmt":"2023-07-05T20:02:54","guid":{"rendered":"https:\/\/aukinkochile.com\/web\/producto\/silla-madera-lona-roja-rayas\/"},"modified":"2024-05-02T18:25:36","modified_gmt":"2024-05-02T18:25:36","slug":"silla-madera-lona-roja-rayas","status":"publish","type":"product","link":"https:\/\/aukinkochile.com\/web\/producto\/silla-madera-lona-roja-rayas\/","title":{"rendered":"Silla Madera Lona Roja Rayas"},"content":{"rendered":"<p>Hermosa silla plegable de madera y genero para ni\u00f1os y ni\u00f1as. Dimensiones cuando est\u00e1 ensamblada 54 x 45 x 49 cm. De material suave y resistente.<\/p>\n<p><p><strong>Material : <\/strong> Madera y Pl\u00e1stico<\/p>\n<p><strong>C\u00f3digo Aukinko : <\/strong> 08-841004<\/p>\n<p><strong>C\u00f3digo Convenio Marco : <\/strong> x<\/p>\n","protected":false},"excerpt":{"rendered":"<p>Hermosa silla plegable de madera y genero para ni\u00f1os y ni\u00f1as. Dimensiones cuando est\u00e1 ensamblada 54 x 45 x 49 cm. De material suave y resistente. Material : Madera y Pl\u00e1stico C\u00f3digo Aukinko : 08-841004 C\u00f3digo Convenio Marco : x<\/p>\n","protected":false},"featured_media":624796,"comment_status":"open","ping_status":"closed","template":"","meta":{"_et_pb_use_builder":"","_et_pb_old_content":"","_et_gb_content_width":""},"product_brand":[],"product_cat":[1005],"product_tag":[],"class_list":{"0":"post-622885","1":"product","2":"type-product","3":"status-publish","4":"has-post-thumbnail","6":"product_cat-accesorios-patio","7":"pa_edad-3-a-4-anos","8":"pa_edad-4-a-5-anos","9":"pa_edad-5-a-6-anos","10":"pa_marca-john","11":"pa_medidas-54-x-45-x-49-cm","13":"first","14":"instock","15":"shipping-taxable","16":"purchasable","17":"product-type-simple"},"aioseo_notices":[],"_links":{"self":[{"href":"https:\/\/aukinkochile.com\/web\/wp-json\/wp\/v2\/product\/622885","targetHints":{"allow":["GET"]}}],"collection":[{"href":"https:\/\/aukinkochile.com\/web\/wp-json\/wp\/v2\/product"}],"about":[{"href":"https:\/\/aukinkochile.com\/web\/wp-json\/wp\/v2\/types\/product"}],"replies":[{"embeddable":true,"href":"https:\/\/aukinkochile.com\/web\/wp-json\/wp\/v2\/comments?post=622885"}],"wp:featuredmedia":[{"embeddable":true,"href":"https:\/\/aukinkochile.com\/web\/wp-json\/wp\/v2\/media\/624796"}],"wp:attachment":[{"href":"https:\/\/aukinkochile.com\/web\/wp-json\/wp\/v2\/media?parent=622885"}],"wp:term":[{"taxonomy":"product_brand","embeddable":true,"href":"https:\/\/aukinkochile.com\/web\/wp-json\/wp\/v2\/product_brand?post=622885"},{"taxonomy":"product_cat","embeddable":true,"href":"https:\/\/aukinkochile.com\/web\/wp-json\/wp\/v2\/product_cat?post=622885"},{"taxonomy":"product_tag","embeddable":true,"href":"https:\/\/aukinkochile.com\/web\/wp-json\/wp\/v2\/product_tag?post=622885"}],"curies":[{"name":"wp","href":"https:\/\/api.w.org\/{rel}","templated":true}]}}