{"id":622884,"date":"2023-07-05T20:02:53","date_gmt":"2023-07-05T20:02:53","guid":{"rendered":"https:\/\/aukinkochile.com\/web\/producto\/mercado-madera-con-accesorios\/"},"modified":"2024-05-02T18:25:35","modified_gmt":"2024-05-02T18:25:35","slug":"mercado-madera-con-accesorios","status":"publish","type":"product","link":"https:\/\/aukinkochile.com\/web\/producto\/mercado-madera-con-accesorios\/","title":{"rendered":"Mercado Madera"},"content":{"rendered":"<p>Hermoso mercado de madera FSC, fabricado en material sustentable. Con sus divertidos estantes, mostrador y cajones los ni\u00f1os y ni\u00f1as podr\u00e1n armar su mercado y jugar durante horas a vender y comprar en la tienda. Muy f\u00e1cil de armar, se puede plegar para guardarlo sin ocupar demasiado espacio. Los juegos de rol estimulan el desarrollo de las habilidades sociales como el lenguaje, las costumbres sociales y mucho m\u00e1s, adem\u00e1s estos juegos permiten explorar las formas de entender las relaciones y los v\u00ednculos de una forma muy entretenida y creativa. De material suave y resistente. El mercado se vende sin accesorios. (Foto referencial)<\/p>\n<p><p><strong>Material : <\/strong> Madera<\/p>\n<p><strong>C\u00f3digo Aukinko : <\/strong> 08-840810<\/p>\n<p><strong>C\u00f3digo Convenio Marco : <\/strong> x<\/p>\n","protected":false},"excerpt":{"rendered":"<p>Hermoso mercado de madera FSC, fabricado en material sustentable. Con sus divertidos estantes, mostrador y cajones los ni\u00f1os y ni\u00f1as podr\u00e1n armar su mercado y jugar durante horas a vender y comprar en la tienda. Muy f\u00e1cil de armar, se puede plegar para guardarlo sin ocupar demasiado espacio. Los juegos de rol estimulan el desarrollo [&hellip;]<\/p>\n","protected":false},"featured_media":622883,"comment_status":"open","ping_status":"closed","template":"","meta":{"_et_pb_use_builder":"","_et_pb_old_content":"","_et_gb_content_width":""},"product_brand":[],"product_cat":[91,21],"product_tag":[],"class_list":{"0":"post-622884","1":"product","2":"type-product","3":"status-publish","4":"has-post-thumbnail","6":"product_cat-accesorios-sala","7":"product_cat-arte-y-manipulacion","8":"pa_edad-3-a-4-anos","9":"pa_edad-4-a-5-anos","10":"pa_edad-5-a-6-anos","11":"pa_edad-6-a-8-anos","12":"pa_edad-8-a-10-anos","13":"pa_marca-john","14":"pa_medidas-82-x-71-x-113-cm","16":"first","17":"instock","18":"shipping-taxable","19":"purchasable","20":"product-type-simple"},"aioseo_notices":[],"_links":{"self":[{"href":"https:\/\/aukinkochile.com\/web\/wp-json\/wp\/v2\/product\/622884","targetHints":{"allow":["GET"]}}],"collection":[{"href":"https:\/\/aukinkochile.com\/web\/wp-json\/wp\/v2\/product"}],"about":[{"href":"https:\/\/aukinkochile.com\/web\/wp-json\/wp\/v2\/types\/product"}],"replies":[{"embeddable":true,"href":"https:\/\/aukinkochile.com\/web\/wp-json\/wp\/v2\/comments?post=622884"}],"wp:featuredmedia":[{"embeddable":true,"href":"https:\/\/aukinkochile.com\/web\/wp-json\/wp\/v2\/media\/622883"}],"wp:attachment":[{"href":"https:\/\/aukinkochile.com\/web\/wp-json\/wp\/v2\/media?parent=622884"}],"wp:term":[{"taxonomy":"product_brand","embeddable":true,"href":"https:\/\/aukinkochile.com\/web\/wp-json\/wp\/v2\/product_brand?post=622884"},{"taxonomy":"product_cat","embeddable":true,"href":"https:\/\/aukinkochile.com\/web\/wp-json\/wp\/v2\/product_cat?post=622884"},{"taxonomy":"product_tag","embeddable":true,"href":"https:\/\/aukinkochile.com\/web\/wp-json\/wp\/v2\/product_tag?post=622884"}],"curies":[{"name":"wp","href":"https:\/\/api.w.org\/{rel}","templated":true}]}}