{"id":622880,"date":"2023-07-05T20:02:52","date_gmt":"2023-07-05T20:02:52","guid":{"rendered":"https:\/\/aukinkochile.com\/web\/producto\/telar-madera\/"},"modified":"2024-05-02T18:25:34","modified_gmt":"2024-05-02T18:25:34","slug":"telar-madera","status":"publish","type":"product","link":"https:\/\/aukinkochile.com\/web\/producto\/telar-madera\/","title":{"rendered":"Telar Madera"},"content":{"rendered":"<p>Divertido telar para ni\u00f1os y ni\u00f1as en el que podr\u00e1n aprender a realizar tejidos sencillos desarrollando su motricidad fina y creatividad. De material suave y resistente. Un divertido juego para estimular el juego creativo en la infancia. Ancho de tejido 15 cm.<\/p>\n<p><p><strong>Material : <\/strong> Madera<\/p>\n<p><strong>C\u00f3digo Aukinko : <\/strong> 08-840336<\/p>\n<p><strong>C\u00f3digo Convenio Marco : <\/strong> x<\/p>\n","protected":false},"excerpt":{"rendered":"<p>Divertido telar para ni\u00f1os y ni\u00f1as en el que podr\u00e1n aprender a realizar tejidos sencillos desarrollando su motricidad fina y creatividad. De material suave y resistente. Un divertido juego para estimular el juego creativo en la infancia. Ancho de tejido 15 cm. Material : Madera C\u00f3digo Aukinko : 08-840336 C\u00f3digo Convenio Marco : x<\/p>\n","protected":false},"featured_media":622879,"comment_status":"open","ping_status":"closed","template":"","meta":{"_et_pb_use_builder":"","_et_pb_old_content":"","_et_gb_content_width":""},"product_brand":[],"product_cat":[91,21,20],"product_tag":[],"class_list":{"0":"post-622880","1":"product","2":"type-product","3":"status-publish","4":"has-post-thumbnail","6":"product_cat-accesorios-sala","7":"product_cat-arte-y-manipulacion","8":"product_cat-motricidad-fina","9":"pa_edad-10-anos","10":"pa_edad-4-a-5-anos","11":"pa_edad-5-a-6-anos","12":"pa_edad-6-a-8-anos","13":"pa_edad-8-a-10-anos","14":"pa_marca-john","15":"pa_medidas-4343","16":"pa_medidas-5-cm","17":"pa_medidas-5-x-18-x-2","19":"first","20":"instock","21":"shipping-taxable","22":"purchasable","23":"product-type-simple"},"aioseo_notices":[],"_links":{"self":[{"href":"https:\/\/aukinkochile.com\/web\/wp-json\/wp\/v2\/product\/622880","targetHints":{"allow":["GET"]}}],"collection":[{"href":"https:\/\/aukinkochile.com\/web\/wp-json\/wp\/v2\/product"}],"about":[{"href":"https:\/\/aukinkochile.com\/web\/wp-json\/wp\/v2\/types\/product"}],"replies":[{"embeddable":true,"href":"https:\/\/aukinkochile.com\/web\/wp-json\/wp\/v2\/comments?post=622880"}],"wp:featuredmedia":[{"embeddable":true,"href":"https:\/\/aukinkochile.com\/web\/wp-json\/wp\/v2\/media\/622879"}],"wp:attachment":[{"href":"https:\/\/aukinkochile.com\/web\/wp-json\/wp\/v2\/media?parent=622880"}],"wp:term":[{"taxonomy":"product_brand","embeddable":true,"href":"https:\/\/aukinkochile.com\/web\/wp-json\/wp\/v2\/product_brand?post=622880"},{"taxonomy":"product_cat","embeddable":true,"href":"https:\/\/aukinkochile.com\/web\/wp-json\/wp\/v2\/product_cat?post=622880"},{"taxonomy":"product_tag","embeddable":true,"href":"https:\/\/aukinkochile.com\/web\/wp-json\/wp\/v2\/product_tag?post=622880"}],"curies":[{"name":"wp","href":"https:\/\/api.w.org\/{rel}","templated":true}]}}