{"id":622792,"date":"2023-06-14T21:55:32","date_gmt":"2023-06-14T21:55:32","guid":{"rendered":"https:\/\/aukinkochile.com\/web\/producto\/engranajes-madera-armar-12-pz\/"},"modified":"2025-11-06T20:12:33","modified_gmt":"2025-11-06T20:12:33","slug":"engranajes-madera-armar-12-pz","status":"publish","type":"product","link":"https:\/\/aukinkochile.com\/web\/producto\/engranajes-madera-armar-12-pz\/","title":{"rendered":"Engranajes Madera Armar 12 pz"},"content":{"rendered":"<p>Divertido juego de engranajes para pasar horas de diversi\u00f3n. Incluye 11 engranajes de madera de 2 tama\u00f1os diferentes m\u00e1s base con 11 tarugos para encajar, 5 piezas grandes de 8 cm de di\u00e1metro y 6 piezas chicas de 4 cm de di\u00e1metro. Arma tu puzle como tu desees, combinando y distribuyendo los engranajes a tu elecci\u00f3n. Un juego ideal para desarrollar las habilidades motoras fina y dejar volar la imaginaci\u00f3n creando historias con estos divertidos personajes. De excelente calidad y dise\u00f1o. Fabricado en material suave y resistente.<\/p>\n<p><p><strong>Material : <\/strong> Madera<\/p>\n<p><strong>C\u00f3digo Aukinko : <\/strong> 18-259854<\/p>\n<p><strong>C\u00f3digo Convenio Marco : <\/strong> x<\/p>\n","protected":false},"excerpt":{"rendered":"<p>Divertido juego de engranajes para pasar horas de diversi\u00f3n. Incluye 11 engranajes de madera de 2 tama\u00f1os diferentes m\u00e1s base con 11 tarugos para encajar, 5 piezas grandes de 8 cm de di\u00e1metro y 6 piezas chicas de 4 cm de di\u00e1metro. Arma tu puzle como tu desees, combinando y distribuyendo los engranajes a tu [&hellip;]<\/p>\n","protected":false},"featured_media":625167,"comment_status":"open","ping_status":"closed","template":"","meta":{"_et_pb_use_builder":"","_et_pb_old_content":"","_et_gb_content_width":""},"product_brand":[],"product_cat":[91,19,20],"product_tag":[],"class_list":{"0":"post-622792","1":"product","2":"type-product","3":"status-publish","4":"has-post-thumbnail","6":"product_cat-accesorios-sala","7":"product_cat-construccion","8":"product_cat-motricidad-fina","9":"pa_edad-1-a-2-anos","10":"pa_edad-2-a-3-anos","11":"pa_edad-3-a-4-anos","12":"pa_marca-viga","13":"pa_medidas-30-x-30-x-2","14":"pa_medidas-4-cm-base-madera","16":"first","17":"instock","18":"shipping-taxable","19":"purchasable","20":"product-type-simple"},"aioseo_notices":[],"_links":{"self":[{"href":"https:\/\/aukinkochile.com\/web\/wp-json\/wp\/v2\/product\/622792","targetHints":{"allow":["GET"]}}],"collection":[{"href":"https:\/\/aukinkochile.com\/web\/wp-json\/wp\/v2\/product"}],"about":[{"href":"https:\/\/aukinkochile.com\/web\/wp-json\/wp\/v2\/types\/product"}],"replies":[{"embeddable":true,"href":"https:\/\/aukinkochile.com\/web\/wp-json\/wp\/v2\/comments?post=622792"}],"wp:featuredmedia":[{"embeddable":true,"href":"https:\/\/aukinkochile.com\/web\/wp-json\/wp\/v2\/media\/625167"}],"wp:attachment":[{"href":"https:\/\/aukinkochile.com\/web\/wp-json\/wp\/v2\/media?parent=622792"}],"wp:term":[{"taxonomy":"product_brand","embeddable":true,"href":"https:\/\/aukinkochile.com\/web\/wp-json\/wp\/v2\/product_brand?post=622792"},{"taxonomy":"product_cat","embeddable":true,"href":"https:\/\/aukinkochile.com\/web\/wp-json\/wp\/v2\/product_cat?post=622792"},{"taxonomy":"product_tag","embeddable":true,"href":"https:\/\/aukinkochile.com\/web\/wp-json\/wp\/v2\/product_tag?post=622792"}],"curies":[{"name":"wp","href":"https:\/\/api.w.org\/{rel}","templated":true}]}}