{"id":622788,"date":"2023-06-14T21:55:30","date_gmt":"2023-06-14T21:55:30","guid":{"rendered":"https:\/\/aukinkochile.com\/web\/producto\/enlazar-bloques-zoo-12-pz\/"},"modified":"2025-11-06T20:11:52","modified_gmt":"2025-11-06T20:11:52","slug":"enlazar-bloques-zoo-12-pz","status":"publish","type":"product","link":"https:\/\/aukinkochile.com\/web\/producto\/enlazar-bloques-zoo-12-pz\/","title":{"rendered":"Enlazar Bloques Madera Zoo 12 pz"},"content":{"rendered":"<p>Divertido juego de enlazar con piezas del zool\u00f3gico para pasar horas de diversi\u00f3n. Incluye 12 bloques de madera para enlazar con variados personajes del zool\u00f3gico: jirafa, le\u00f3n, mono, cebra y mucho m\u00e1s.. Los lazos en el borde tienen una barra de madera fina para dar mas facilidad para que los ni\u00f1os y ni\u00f1as jueguen. Un juego ideal para desarrollar las habilidades motoras fina y dejar volar la imaginaci\u00f3n creando historias con estos divertidos personajes. De excelente calidad y dise\u00f1o. Fabricado en material suave y resistente.<\/p>\n<p><p><strong>Material : <\/strong> Madera<\/p>\n<p><strong>C\u00f3digo Aukinko : <\/strong> 18-259549<\/p>\n<p><strong>C\u00f3digo Convenio Marco : <\/strong> x<\/p>\n","protected":false},"excerpt":{"rendered":"<p>Divertido juego de enlazar con piezas del zool\u00f3gico para pasar horas de diversi\u00f3n. Incluye 12 bloques de madera para enlazar con variados personajes del zool\u00f3gico: jirafa, le\u00f3n, mono, cebra y mucho m\u00e1s.. Los lazos en el borde tienen una barra de madera fina para dar mas facilidad para que los ni\u00f1os y ni\u00f1as jueguen. Un [&hellip;]<\/p>\n","protected":false},"featured_media":625155,"comment_status":"open","ping_status":"closed","template":"","meta":{"_et_pb_use_builder":"","_et_pb_old_content":"","_et_gb_content_width":""},"product_brand":[],"product_cat":[91,21,19,20],"product_tag":[],"class_list":{"0":"post-622788","1":"product","2":"type-product","3":"status-publish","4":"has-post-thumbnail","6":"product_cat-accesorios-sala","7":"product_cat-arte-y-manipulacion","8":"product_cat-construccion","9":"product_cat-motricidad-fina","10":"pa_edad-3-a-4-anos","11":"pa_edad-4-a-5-anos","12":"pa_edad-5-a-6-anos","13":"pa_marca-viga","14":"pa_medidas-22-x-16-x-3-cm","16":"first","17":"instock","18":"shipping-taxable","19":"purchasable","20":"product-type-simple"},"aioseo_notices":[],"_links":{"self":[{"href":"https:\/\/aukinkochile.com\/web\/wp-json\/wp\/v2\/product\/622788","targetHints":{"allow":["GET"]}}],"collection":[{"href":"https:\/\/aukinkochile.com\/web\/wp-json\/wp\/v2\/product"}],"about":[{"href":"https:\/\/aukinkochile.com\/web\/wp-json\/wp\/v2\/types\/product"}],"replies":[{"embeddable":true,"href":"https:\/\/aukinkochile.com\/web\/wp-json\/wp\/v2\/comments?post=622788"}],"wp:featuredmedia":[{"embeddable":true,"href":"https:\/\/aukinkochile.com\/web\/wp-json\/wp\/v2\/media\/625155"}],"wp:attachment":[{"href":"https:\/\/aukinkochile.com\/web\/wp-json\/wp\/v2\/media?parent=622788"}],"wp:term":[{"taxonomy":"product_brand","embeddable":true,"href":"https:\/\/aukinkochile.com\/web\/wp-json\/wp\/v2\/product_brand?post=622788"},{"taxonomy":"product_cat","embeddable":true,"href":"https:\/\/aukinkochile.com\/web\/wp-json\/wp\/v2\/product_cat?post=622788"},{"taxonomy":"product_tag","embeddable":true,"href":"https:\/\/aukinkochile.com\/web\/wp-json\/wp\/v2\/product_tag?post=622788"}],"curies":[{"name":"wp","href":"https:\/\/api.w.org\/{rel}","templated":true}]}}