{"id":622787,"date":"2023-06-14T21:55:29","date_gmt":"2023-06-14T21:55:29","guid":{"rendered":"https:\/\/aukinkochile.com\/web\/producto\/encaje-madera-y-apilables-cubos\/"},"modified":"2025-11-06T20:11:32","modified_gmt":"2025-11-06T20:11:32","slug":"encaje-madera-y-apilables-cubos","status":"publish","type":"product","link":"https:\/\/aukinkochile.com\/web\/producto\/encaje-madera-y-apilables-cubos\/","title":{"rendered":"Encaje Madera y Apilables Cubos"},"content":{"rendered":"<p>Divertido juego de encaje de cubos bellamente ilustrados con animales, n\u00fameros, veh\u00edculos y frutas. Incluye 6 cubos de encaje de mayor a menor tama\u00f1o para encajar uno sobre otro y apilar. Cada cubo tiene 4 caras con diferentes dise\u00f1os y figuras, n\u00fameros de el 1 al 6, cantidad de frutas correspondiente al numero, veh\u00edculo de transporte y animales. De diferentes colores para contar del 1 al 6. De excelente calidad y dise\u00f1o. Cubo grande rojo de 11 x 11 cm. 48 x 11 x 11 cm torre armada. Fabricado en material suave y resistente.<\/p>\n<p><p><strong>Material : <\/strong> Madera<\/p>\n<p><strong>C\u00f3digo Aukinko : <\/strong> 18-259461<\/p>\n<p><strong>C\u00f3digo Convenio Marco : <\/strong> x<\/p>\n","protected":false},"excerpt":{"rendered":"<p>Divertido juego de encaje de cubos bellamente ilustrados con animales, n\u00fameros, veh\u00edculos y frutas. Incluye 6 cubos de encaje de mayor a menor tama\u00f1o para encajar uno sobre otro y apilar. Cada cubo tiene 4 caras con diferentes dise\u00f1os y figuras, n\u00fameros de el 1 al 6, cantidad de frutas correspondiente al numero, veh\u00edculo de [&hellip;]<\/p>\n","protected":false},"featured_media":625148,"comment_status":"open","ping_status":"closed","template":"","meta":{"_et_pb_use_builder":"","_et_pb_old_content":"","_et_gb_content_width":""},"product_brand":[],"product_cat":[91,19,20],"product_tag":[],"class_list":{"0":"post-622787","1":"product","2":"type-product","3":"status-publish","4":"has-post-thumbnail","6":"product_cat-accesorios-sala","7":"product_cat-construccion","8":"product_cat-motricidad-fina","9":"pa_edad-1-a-2-anos","10":"pa_edad-2-a-3-anos","11":"pa_marca-viga","12":"pa_medidas-22-x-12-x-12-cm-caja","14":"first","15":"instock","16":"shipping-taxable","17":"purchasable","18":"product-type-simple"},"aioseo_notices":[],"_links":{"self":[{"href":"https:\/\/aukinkochile.com\/web\/wp-json\/wp\/v2\/product\/622787","targetHints":{"allow":["GET"]}}],"collection":[{"href":"https:\/\/aukinkochile.com\/web\/wp-json\/wp\/v2\/product"}],"about":[{"href":"https:\/\/aukinkochile.com\/web\/wp-json\/wp\/v2\/types\/product"}],"replies":[{"embeddable":true,"href":"https:\/\/aukinkochile.com\/web\/wp-json\/wp\/v2\/comments?post=622787"}],"wp:featuredmedia":[{"embeddable":true,"href":"https:\/\/aukinkochile.com\/web\/wp-json\/wp\/v2\/media\/625148"}],"wp:attachment":[{"href":"https:\/\/aukinkochile.com\/web\/wp-json\/wp\/v2\/media?parent=622787"}],"wp:term":[{"taxonomy":"product_brand","embeddable":true,"href":"https:\/\/aukinkochile.com\/web\/wp-json\/wp\/v2\/product_brand?post=622787"},{"taxonomy":"product_cat","embeddable":true,"href":"https:\/\/aukinkochile.com\/web\/wp-json\/wp\/v2\/product_cat?post=622787"},{"taxonomy":"product_tag","embeddable":true,"href":"https:\/\/aukinkochile.com\/web\/wp-json\/wp\/v2\/product_tag?post=622787"}],"curies":[{"name":"wp","href":"https:\/\/api.w.org\/{rel}","templated":true}]}}