{"id":622786,"date":"2023-06-14T21:55:28","date_gmt":"2023-06-14T21:55:28","guid":{"rendered":"https:\/\/aukinkochile.com\/web\/producto\/magnetico-letras-y-numeros-madera\/"},"modified":"2025-11-06T20:11:28","modified_gmt":"2025-11-06T20:11:28","slug":"magnetico-letras-y-numeros-madera","status":"publish","type":"product","link":"https:\/\/aukinkochile.com\/web\/producto\/magnetico-letras-y-numeros-madera\/","title":{"rendered":"Magn\u00e9tico Letras y N\u00fameros Madera"},"content":{"rendered":"<p>Divertido juego de letras y n\u00fameros magn\u00e9ticos de madera para pasar horas de diversi\u00f3n. La caja contiene 77 letras y n\u00fameros de madera imantados de variados colores y dise\u00f1os. Perfecto para estimular el aprendizaje de la lectura y la escritura de palabras y n\u00fameros de una forma muy entretenida. De excelente calidad y dise\u00f1o. Fabricado en material suave y resistente.<\/p>\n<p><p><strong>Material : <\/strong> Madera<\/p>\n<p><strong>C\u00f3digo Aukinko : <\/strong> 18-259429<\/p>\n<p><strong>C\u00f3digo Convenio Marco : <\/strong> x<\/p>\n","protected":false},"excerpt":{"rendered":"<p>Divertido juego de letras y n\u00fameros magn\u00e9ticos de madera para pasar horas de diversi\u00f3n. La caja contiene 77 letras y n\u00fameros de madera imantados de variados colores y dise\u00f1os. Perfecto para estimular el aprendizaje de la lectura y la escritura de palabras y n\u00fameros de una forma muy entretenida. De excelente calidad y dise\u00f1o. Fabricado [&hellip;]<\/p>\n","protected":false},"featured_media":625147,"comment_status":"open","ping_status":"closed","template":"","meta":{"_et_pb_use_builder":"","_et_pb_old_content":"","_et_gb_content_width":""},"product_brand":[],"product_cat":[91,151],"product_tag":[],"class_list":{"0":"post-622786","1":"product","2":"type-product","3":"status-publish","4":"has-post-thumbnail","6":"product_cat-accesorios-sala","7":"product_cat-lenguaje","8":"pa_edad-3-a-4-anos","9":"pa_edad-4-a-5-anos","10":"pa_edad-5-a-6-anos","11":"pa_marca-viga","12":"pa_medidas-4400","13":"pa_medidas-5-cm","14":"pa_medidas-5-x-19-x-4","16":"first","17":"instock","18":"shipping-taxable","19":"purchasable","20":"product-type-simple"},"aioseo_notices":[],"_links":{"self":[{"href":"https:\/\/aukinkochile.com\/web\/wp-json\/wp\/v2\/product\/622786","targetHints":{"allow":["GET"]}}],"collection":[{"href":"https:\/\/aukinkochile.com\/web\/wp-json\/wp\/v2\/product"}],"about":[{"href":"https:\/\/aukinkochile.com\/web\/wp-json\/wp\/v2\/types\/product"}],"replies":[{"embeddable":true,"href":"https:\/\/aukinkochile.com\/web\/wp-json\/wp\/v2\/comments?post=622786"}],"wp:featuredmedia":[{"embeddable":true,"href":"https:\/\/aukinkochile.com\/web\/wp-json\/wp\/v2\/media\/625147"}],"wp:attachment":[{"href":"https:\/\/aukinkochile.com\/web\/wp-json\/wp\/v2\/media?parent=622786"}],"wp:term":[{"taxonomy":"product_brand","embeddable":true,"href":"https:\/\/aukinkochile.com\/web\/wp-json\/wp\/v2\/product_brand?post=622786"},{"taxonomy":"product_cat","embeddable":true,"href":"https:\/\/aukinkochile.com\/web\/wp-json\/wp\/v2\/product_cat?post=622786"},{"taxonomy":"product_tag","embeddable":true,"href":"https:\/\/aukinkochile.com\/web\/wp-json\/wp\/v2\/product_tag?post=622786"}],"curies":[{"name":"wp","href":"https:\/\/api.w.org\/{rel}","templated":true}]}}