{"id":622783,"date":"2023-06-14T21:55:27","date_gmt":"2023-06-14T21:55:27","guid":{"rendered":"https:\/\/aukinkochile.com\/web\/producto\/puzle-madera-numeros-10-pz\/"},"modified":"2025-11-06T20:10:48","modified_gmt":"2025-11-06T20:10:48","slug":"puzle-madera-numeros-10-pz","status":"publish","type":"product","link":"https:\/\/aukinkochile.com\/web\/producto\/puzle-madera-numeros-10-pz\/","title":{"rendered":"Puzle Madera 10 pz N\u00fameros"},"content":{"rendered":"<p>Hermoso puzle de encaje de n\u00fameros del 0 al 9 sobre una base de madera, un juego ideal para acompa\u00f1ar el aprendizaje de los ni\u00f1os y ni\u00f1as. Debajo de cada n\u00famero hay dibujos relacionados con la cantidad. Con este material educativo los ni\u00f1os y ni\u00f1as aprender\u00e1n a relacionar los n\u00fameros con las cantidades. De gran calidad y dise\u00f1o. Los puzles son juegos que estimulan a los ni\u00f1as y ni\u00f1os en el desarrollo de la coordinaci\u00f3n mano-ojo, el reconocimiento de colores y formas, el pensamiento l\u00f3gico, la concentraci\u00f3n y mucho m\u00e1s. Fabricado en material suave y resistente.<\/p>\n<p><p><strong>Material : <\/strong> Madera<\/p>\n<p><strong>C\u00f3digo Aukinko : <\/strong> 18-258545<\/p>\n<p><strong>C\u00f3digo Convenio Marco : <\/strong> x<\/p>\n","protected":false},"excerpt":{"rendered":"<p>Hermoso puzle de encaje de n\u00fameros del 0 al 9 sobre una base de madera, un juego ideal para acompa\u00f1ar el aprendizaje de los ni\u00f1os y ni\u00f1as. Debajo de cada n\u00famero hay dibujos relacionados con la cantidad. Con este material educativo los ni\u00f1os y ni\u00f1as aprender\u00e1n a relacionar los n\u00fameros con las cantidades. De gran [&hellip;]<\/p>\n","protected":false},"featured_media":625131,"comment_status":"open","ping_status":"closed","template":"","meta":{"_et_pb_use_builder":"","_et_pb_old_content":"","_et_gb_content_width":""},"product_brand":[],"product_cat":[91,20,22],"product_tag":[],"class_list":{"0":"post-622783","1":"product","2":"type-product","3":"status-publish","4":"has-post-thumbnail","6":"product_cat-accesorios-sala","7":"product_cat-motricidad-fina","8":"product_cat-puzzles","9":"pa_edad-3-a-4-anos","10":"pa_edad-4-a-5-anos","11":"pa_edad-5-a-6-anos","12":"pa_marca-viga","13":"pa_medidas-30-x-25","14":"pa_medidas-5-x-1-cm","16":"first","17":"instock","18":"shipping-taxable","19":"purchasable","20":"product-type-simple"},"aioseo_notices":[],"_links":{"self":[{"href":"https:\/\/aukinkochile.com\/web\/wp-json\/wp\/v2\/product\/622783","targetHints":{"allow":["GET"]}}],"collection":[{"href":"https:\/\/aukinkochile.com\/web\/wp-json\/wp\/v2\/product"}],"about":[{"href":"https:\/\/aukinkochile.com\/web\/wp-json\/wp\/v2\/types\/product"}],"replies":[{"embeddable":true,"href":"https:\/\/aukinkochile.com\/web\/wp-json\/wp\/v2\/comments?post=622783"}],"wp:featuredmedia":[{"embeddable":true,"href":"https:\/\/aukinkochile.com\/web\/wp-json\/wp\/v2\/media\/625131"}],"wp:attachment":[{"href":"https:\/\/aukinkochile.com\/web\/wp-json\/wp\/v2\/media?parent=622783"}],"wp:term":[{"taxonomy":"product_brand","embeddable":true,"href":"https:\/\/aukinkochile.com\/web\/wp-json\/wp\/v2\/product_brand?post=622783"},{"taxonomy":"product_cat","embeddable":true,"href":"https:\/\/aukinkochile.com\/web\/wp-json\/wp\/v2\/product_cat?post=622783"},{"taxonomy":"product_tag","embeddable":true,"href":"https:\/\/aukinkochile.com\/web\/wp-json\/wp\/v2\/product_tag?post=622783"}],"curies":[{"name":"wp","href":"https:\/\/api.w.org\/{rel}","templated":true}]}}