{"id":622782,"date":"2023-06-14T21:55:26","date_gmt":"2023-06-14T21:55:26","guid":{"rendered":"https:\/\/aukinkochile.com\/web\/producto\/puzle-madera-26-pz-abc-mayusculas\/"},"modified":"2025-11-06T20:10:44","modified_gmt":"2025-11-06T20:10:44","slug":"puzle-madera-26-pz-abc-mayusculas","status":"publish","type":"product","link":"https:\/\/aukinkochile.com\/web\/producto\/puzle-madera-26-pz-abc-mayusculas\/","title":{"rendered":"Puzle Madera 26 pz ABC May\u00fasculas"},"content":{"rendered":"<p>Hermoso puzle de 26 piezas de las letras may\u00fasculas de la A la Z, debajo de cada letra se encuentra una imagen de una palabra que comienza con esa letra, las palabras est\u00e1n en ingl\u00e9s. Un juego ideal para acompa\u00f1ar el aprendizaje de la lectoescritura de una forma muy entretenida. Con este material educativo los ni\u00f1os y ni\u00f1as aprender\u00e1n a relacionar las letras con palabras y dibujos mientras aprenden el abecedario. Los puzles son juegos que estimulan a los ni\u00f1as y ni\u00f1os en el desarrollo de la coordinaci\u00f3n mano-ojo, el reconocimiento de colores y formas, el pensamiento l\u00f3gico, la concentraci\u00f3n y mucho m\u00e1s. Fabricado en material suave y resistente.<\/p>\n<p><p><strong>Material : <\/strong> Madera<\/p>\n<p><strong>C\u00f3digo Aukinko : <\/strong> 18-258543<\/p>\n<p><strong>C\u00f3digo Convenio Marco : <\/strong> x<\/p>\n","protected":false},"excerpt":{"rendered":"<p>Hermoso puzle de 26 piezas de las letras may\u00fasculas de la A la Z, debajo de cada letra se encuentra una imagen de una palabra que comienza con esa letra, las palabras est\u00e1n en ingl\u00e9s. Un juego ideal para acompa\u00f1ar el aprendizaje de la lectoescritura de una forma muy entretenida. Con este material educativo los [&hellip;]<\/p>\n","protected":false},"featured_media":625130,"comment_status":"open","ping_status":"closed","template":"","meta":{"_et_pb_use_builder":"","_et_pb_old_content":"","_et_gb_content_width":""},"product_brand":[],"product_cat":[91,20,22],"product_tag":[],"class_list":{"0":"post-622782","1":"product","2":"type-product","3":"status-publish","4":"has-post-thumbnail","6":"product_cat-accesorios-sala","7":"product_cat-motricidad-fina","8":"product_cat-puzzles","9":"pa_edad-3-a-4-anos","10":"pa_edad-4-a-5-anos","11":"pa_edad-5-a-6-anos","12":"pa_marca-viga","13":"pa_medidas-62-x-100-x-34-cm","15":"first","16":"instock","17":"shipping-taxable","18":"purchasable","19":"product-type-simple"},"aioseo_notices":[],"_links":{"self":[{"href":"https:\/\/aukinkochile.com\/web\/wp-json\/wp\/v2\/product\/622782","targetHints":{"allow":["GET"]}}],"collection":[{"href":"https:\/\/aukinkochile.com\/web\/wp-json\/wp\/v2\/product"}],"about":[{"href":"https:\/\/aukinkochile.com\/web\/wp-json\/wp\/v2\/types\/product"}],"replies":[{"embeddable":true,"href":"https:\/\/aukinkochile.com\/web\/wp-json\/wp\/v2\/comments?post=622782"}],"wp:featuredmedia":[{"embeddable":true,"href":"https:\/\/aukinkochile.com\/web\/wp-json\/wp\/v2\/media\/625130"}],"wp:attachment":[{"href":"https:\/\/aukinkochile.com\/web\/wp-json\/wp\/v2\/media?parent=622782"}],"wp:term":[{"taxonomy":"product_brand","embeddable":true,"href":"https:\/\/aukinkochile.com\/web\/wp-json\/wp\/v2\/product_brand?post=622782"},{"taxonomy":"product_cat","embeddable":true,"href":"https:\/\/aukinkochile.com\/web\/wp-json\/wp\/v2\/product_cat?post=622782"},{"taxonomy":"product_tag","embeddable":true,"href":"https:\/\/aukinkochile.com\/web\/wp-json\/wp\/v2\/product_tag?post=622782"}],"curies":[{"name":"wp","href":"https:\/\/api.w.org\/{rel}","templated":true}]}}