{"id":622781,"date":"2023-06-14T21:55:26","date_gmt":"2023-06-14T21:55:26","guid":{"rendered":"https:\/\/aukinkochile.com\/web\/producto\/activity-cubo-de-madera\/"},"modified":"2025-11-06T20:10:40","modified_gmt":"2025-11-06T20:10:40","slug":"activity-cubo-de-madera","status":"publish","type":"product","link":"https:\/\/aukinkochile.com\/web\/producto\/activity-cubo-de-madera\/","title":{"rendered":"Activity Madera Cubo"},"content":{"rendered":"<p>Divertido cubo de  actividades de madera con 5 juegos en uno para pasar horas de diversi\u00f3n. Incluye un circuito de alambre con cuentas de madera, un juego para clasificar formas, un reloj, una pizarra y bloques de animales de la granja. La parte superior donde est\u00e1n los circuitos de alambre se pueden girar boca abajo en el cubo para transportar f\u00e1cilmente. Un juego ideal para desarrollar las habilidades motoras fina. De excelente calidad y dise\u00f1o. Fabricado en material suave y resistente.<\/p>\n<p><p><strong>Material : <\/strong> Madera<\/p>\n<p><strong>C\u00f3digo Aukinko : <\/strong> 18-258506<\/p>\n<p><strong>C\u00f3digo Convenio Marco : <\/strong> x<\/p>\n","protected":false},"excerpt":{"rendered":"<p>Divertido cubo de actividades de madera con 5 juegos en uno para pasar horas de diversi\u00f3n. Incluye un circuito de alambre con cuentas de madera, un juego para clasificar formas, un reloj, una pizarra y bloques de animales de la granja. La parte superior donde est\u00e1n los circuitos de alambre se pueden girar boca abajo [&hellip;]<\/p>\n","protected":false},"featured_media":625129,"comment_status":"open","ping_status":"closed","template":"","meta":{"_et_pb_use_builder":"","_et_pb_old_content":"","_et_gb_content_width":""},"product_brand":[],"product_cat":[23],"product_tag":[],"class_list":{"0":"post-622781","1":"product","2":"type-product","3":"status-publish","4":"has-post-thumbnail","6":"product_cat-primeros-anos","7":"pa_edad-1-a-2-anos","8":"pa_edad-2-a-3-anos","9":"pa_edad-3-a-4-anos","10":"pa_marca-viga","11":"pa_medidas-30-x-50-x-30-cm","13":"first","14":"instock","15":"shipping-taxable","16":"purchasable","17":"product-type-simple"},"aioseo_notices":[],"_links":{"self":[{"href":"https:\/\/aukinkochile.com\/web\/wp-json\/wp\/v2\/product\/622781","targetHints":{"allow":["GET"]}}],"collection":[{"href":"https:\/\/aukinkochile.com\/web\/wp-json\/wp\/v2\/product"}],"about":[{"href":"https:\/\/aukinkochile.com\/web\/wp-json\/wp\/v2\/types\/product"}],"replies":[{"embeddable":true,"href":"https:\/\/aukinkochile.com\/web\/wp-json\/wp\/v2\/comments?post=622781"}],"wp:featuredmedia":[{"embeddable":true,"href":"https:\/\/aukinkochile.com\/web\/wp-json\/wp\/v2\/media\/625129"}],"wp:attachment":[{"href":"https:\/\/aukinkochile.com\/web\/wp-json\/wp\/v2\/media?parent=622781"}],"wp:term":[{"taxonomy":"product_brand","embeddable":true,"href":"https:\/\/aukinkochile.com\/web\/wp-json\/wp\/v2\/product_brand?post=622781"},{"taxonomy":"product_cat","embeddable":true,"href":"https:\/\/aukinkochile.com\/web\/wp-json\/wp\/v2\/product_cat?post=622781"},{"taxonomy":"product_tag","embeddable":true,"href":"https:\/\/aukinkochile.com\/web\/wp-json\/wp\/v2\/product_tag?post=622781"}],"curies":[{"name":"wp","href":"https:\/\/api.w.org\/{rel}","templated":true}]}}